{"id":1855,"date":"2025-06-02T11:21:04","date_gmt":"2025-06-02T09:21:04","guid":{"rendered":"https:\/\/fytofend.com\/algi-up\/"},"modified":"2025-09-02T14:01:47","modified_gmt":"2025-09-02T12:01:47","slug":"algi-up","status":"publish","type":"page","link":"https:\/\/fytofend.com\/fr\/produits\/algi-up\/","title":{"rendered":"Algi-up"},"content":{"rendered":"\n<figure class=\"wp-block-image alignwide size-full\"><img loading=\"lazy\" decoding=\"async\" width=\"957\" height=\"354\" src=\"https:\/\/fytofend.com\/wp-content\/uploads\/2025\/05\/cover-web-1.png\" alt=\"\" class=\"wp-image-1736\" srcset=\"https:\/\/fytofend.com\/wp-content\/uploads\/2025\/05\/cover-web-1.png 957w, https:\/\/fytofend.com\/wp-content\/uploads\/2025\/05\/cover-web-1-300x111.png 300w, https:\/\/fytofend.com\/wp-content\/uploads\/2025\/05\/cover-web-1-768x284.png 768w\" sizes=\"auto, (max-width: 957px) 100vw, 957px\" \/><\/figure>\n\n\n\n<div class=\"wp-block-media-text is-stacked-on-mobile\" style=\"grid-template-columns:49% auto\"><figure class=\"wp-block-media-text__media\"><img loading=\"lazy\" decoding=\"async\" width=\"1000\" height=\"400\" src=\"https:\/\/fytofend.com\/wp-content\/uploads\/2025\/05\/Logos-produits-15-e1748432418953.png\" alt=\"\" class=\"wp-image-1757 size-full\" srcset=\"https:\/\/fytofend.com\/wp-content\/uploads\/2025\/05\/Logos-produits-15-e1748432418953.png 1000w, https:\/\/fytofend.com\/wp-content\/uploads\/2025\/05\/Logos-produits-15-e1748432418953-300x120.png 300w, https:\/\/fytofend.com\/wp-content\/uploads\/2025\/05\/Logos-produits-15-e1748432418953-768x307.png 768w\" sizes=\"auto, (max-width: 1000px) 100vw, 1000px\" \/><\/figure><div class=\"wp-block-media-text__content\"><div class=\"wp-block-heading\">\n<h1 class=\"wp-block-heading\"><strong>Algi-up : biostimulant pour les cultures arables<\/strong><\/h1>\n<\/div>\n\n<div class=\"wp-block-paragraph\">\n<p>Algi-up est un biostimulant foliaire de pointe. <strong><a href=\"\/fr\/?page_id=1986\">biostimulant foliaire<\/a><\/strong> con\u00e7u pour am\u00e9liorer la <strong>tol\u00e9rance \u00e0 la chaleur et au stress hydrique<\/strong>. Une fois la p\u00e9riode de stress termin\u00e9e, les plantes trait\u00e9es se r\u00e9tablissent plus rapidement.<\/p>\n<\/div>\n\n<div class=\"wp-block-paragraph\">\n<p>R\u00e9cemment autoris\u00e9 \u00e0 la vente en Europe en tant que biostimulant, algi-up est d\u00e9sormais disponible pour toutes les cultures arables.<\/p>\n<\/div><\/div><\/div>\n\n\n<div class=\"wp-block-paragraph\">\n<p><strong>Un biostimulant certifi\u00e9 pour les grandes cultures et l&rsquo;agriculture biologique<\/strong> Conforme au r\u00e8glement (UE) 2019\/1009 et class\u00e9 sous PFC 6(B), Algi-up est un <strong>biostimulant v\u00e9g\u00e9tal non microbien<\/strong> approuv\u00e9 pour une utilisation en agriculture conventionnelle. Sa <strong>formulation<\/strong> liquide et soluble <strong>\u00e0 base d&rsquo;alginate<\/strong> est facile \u00e0 appliquer, m\u00eame dans les syst\u00e8mes de culture \u00e0 grande \u00e9chelle. <\/p>\n<\/div>\n\n<div class=\"wp-block-heading\">\n<h3 class=\"wp-block-heading\"><strong>Mode d&rsquo;action et composition<\/strong> <\/h3>\n<\/div>\n\n<div class=\"wp-block-paragraph\">\n<p><br>Algi-up agit \u00e0 plusieurs niveaux : il am\u00e9liore l&rsquo;efficacit\u00e9 de l&rsquo;utilisation de l&rsquo;eau, stimule la production naturelle d&rsquo;antioxydants (carot\u00e9no\u00efdes et glutathion) et renforce le syst\u00e8me immunitaire de la plante par la synth\u00e8se de m\u00e9tabolites secondaires. Cette triple action renforce la r\u00e9sistance des cultures dans des conditions climatiques extr\u00eames. <\/p>\n<\/div>\n\n\n<div class=\"wp-block-media-text has-media-on-the-right is-stacked-on-mobile\" style=\"grid-template-columns:auto 49%\"><div class=\"wp-block-media-text__content\"><div class=\"wp-block-heading\">\n<h3 class=\"wp-block-heading\"><strong>R\u00e9sultats mesur\u00e9s sous contrainte climatique<\/strong><\/h3>\n<\/div>\n\n<div class=\"wp-block-paragraph\">\n<p>Des essais r\u00e9alis\u00e9s dans des conditions extr\u00eames (42 \u00b0C pendant 5 jours) ont montr\u00e9 des am\u00e9liorations significatives de la croissance :<\/p>\n<\/div>\n\n<div class=\"wp-block-list\">\n<ul class=\"wp-block-list\">\n<li>+40% de hauteur de plantes dans le bl\u00e9 tendre<\/li>\n\n\n\n<li>+23% pour le bl\u00e9 dur<\/li>\n\n\n\n<li>+54% pour le gazon<\/li>\n<\/ul>\n<\/div>\n\n<div class=\"wp-block-paragraph\">\n<p>Ces r\u00e9sultats confirment la capacit\u00e9 d&rsquo;Algi-up \u00e0 am\u00e9liorer la performance des cultures et \u00e0 acc\u00e9l\u00e9rer la r\u00e9cup\u00e9ration apr\u00e8s le stress.<\/p>\n<\/div><\/div><figure class=\"wp-block-media-text__media\"><img loading=\"lazy\" decoding=\"async\" width=\"881\" height=\"484\" src=\"https:\/\/fytofend.com\/wp-content\/uploads\/2025\/06\/algi-up-1.jpg\" alt=\"\" class=\"wp-image-1837 size-full\" srcset=\"https:\/\/fytofend.com\/wp-content\/uploads\/2025\/06\/algi-up-1.jpg 881w, https:\/\/fytofend.com\/wp-content\/uploads\/2025\/06\/algi-up-1-300x165.jpg 300w, https:\/\/fytofend.com\/wp-content\/uploads\/2025\/06\/algi-up-1-768x422.jpg 768w\" sizes=\"auto, (max-width: 881px) 100vw, 881px\" \/><\/figure><\/div>\n\n\n<div class=\"wp-block-paragraph\">\n<p>Mode d&#8217;emploi Algi-up est appliqu\u00e9 par pulv\u00e9risation foliaire \u00e0 raison de 2 L\/ha, dilu\u00e9s dans 100 L d&rsquo;eau. Il peut \u00eatre utilis\u00e9 tout au long de la saison de croissance, soit \u00e0 titre pr\u00e9ventif avant une p\u00e9riode de stress, soit \u00e0 titre curatif apr\u00e8s un \u00e9v\u00e9nement climatique. Algi-up est non phytotoxique, sans r\u00e9sidus, r\u00e9sistant aux UV et \u00e0 la pluie, et stable \u00e0 temp\u00e9rature ambiante.  <\/p>\n<\/div>\n\n<div class=\"wp-block-paragraph\">\n<p>Il est compatible avec la plupart des traitements foliaires standard (tests de compatibilit\u00e9 recommand\u00e9s). Pour de meilleurs r\u00e9sultats, appliquez le produit en dehors des heures de forte chaleur et agitez bien avant utilisation. <\/p>\n<\/div>\n\n<div class=\"wp-block-heading\">\n<h3 class=\"wp-block-heading\">Une solution durable pour une agriculture r\u00e9siliente  <\/h3>\n<\/div>\n\n<div class=\"wp-block-paragraph\">\n<p>Gr\u00e2ce \u00e0 sa composition naturelle, \u00e0 son efficacit\u00e9 prouv\u00e9e contre les stress abiotiques et \u00e0 sa formulation conviviale, Algi-up s&rsquo;impose comme une biosolution strat\u00e9gique pour les agriculteurs qui visent une agriculture durable et performante.<\/p>\n<\/div>\n\n\n<div class=\"wp-block-cover is-light\"><img decoding=\"async\" class=\"wp-block-cover__image-background wp-image-1775 size-large\" alt=\"\" src=\"https:\/\/fytofend.com\/wp-content\/uploads\/2025\/06\/AdobeStock_368108327-scaled-1-1024x683.jpeg\" data-object-fit=\"cover\"\/><span aria-hidden=\"true\" class=\"wp-block-cover__background has-background-dim\" style=\"background-color:#dba97e\"><\/span><div class=\"wp-block-cover__inner-container is-layout-flow wp-block-cover-is-layout-flow\">\n<div class=\"wp-block-columns is-layout-flex wp-container-core-columns-is-layout-28f84493 wp-block-columns-is-layout-flex\">\n<div class=\"wp-block-column is-layout-flow wp-block-column-is-layout-flow\" style=\"flex-basis:100%\">\n<div class=\"wp-block-media-text is-stacked-on-mobile\" style=\"grid-template-columns:57% auto\"><figure class=\"wp-block-media-text__media\"><img loading=\"lazy\" decoding=\"async\" width=\"500\" height=\"250\" src=\"https:\/\/fytofend.com\/wp-content\/uploads\/2025\/05\/algi-up-tp-e1748873911808.png\" alt=\"\" class=\"wp-image-1741 size-full\" srcset=\"https:\/\/fytofend.com\/wp-content\/uploads\/2025\/05\/algi-up-tp-e1748873911808.png 500w, https:\/\/fytofend.com\/wp-content\/uploads\/2025\/05\/algi-up-tp-e1748873911808-300x150.png 300w, https:\/\/fytofend.com\/wp-content\/uploads\/2025\/05\/algi-up-tp-e1748873911808-357x178.png 357w\" sizes=\"auto, (max-width: 500px) 100vw, 500px\" \/><\/figure><div class=\"wp-block-media-text__content\"><div class=\"wp-block-paragraph\">\n<p class=\"has-middle-light-color has-text-color has-link-color has-medium-font-size wp-elements-43b8c380750224ca8881456a593afe7c\">Algi-up est un biostimulant foliaire de pointe con\u00e7u pour am\u00e9liorer la tol\u00e9rance \u00e0 la chaleur et au stress hydrique. Une fois la p\u00e9riode de stress termin\u00e9e, les plantes trait\u00e9es se r\u00e9tablissent plus rapidement.<\/p>\n<\/div>\n\n<div class=\"wp-block-paragraph\">\n<p class=\"has-middle-light-color has-text-color has-link-color has-medium-font-size wp-elements-4986cd5dec558c3e359e05ffa69f489a\">Pour plus d&rsquo;informations, contactez-nous \u00e0 l&rsquo;adresse <strong><a href=\"mailto:info@fytofend.com\">info@fytofend.com<\/a><\/strong>.<\/p>\n<\/div><\/div><\/div>\n<\/div>\n<\/div>\n<\/div><\/div>\n","protected":false},"excerpt":{"rendered":"<p>Algi-up : biostimulant pour les cultures arables Algi-up est un biostimulant foliaire de pointe. biostimulant foliaire con\u00e7u pour am\u00e9liorer la tol\u00e9rance \u00e0 la chaleur et au stress hydrique. Une fois la p\u00e9riode de stress termin\u00e9e, les plantes trait\u00e9es se r\u00e9tablissent plus rapidement. R\u00e9cemment autoris\u00e9 \u00e0 la vente en Europe en tant que biostimulant, algi-up est [&hellip;]<\/p>\n","protected":false},"author":6,"featured_media":0,"parent":1986,"menu_order":0,"comment_status":"closed","ping_status":"closed","template":"","meta":{"content-type":"","footnotes":""},"class_list":["post-1855","page","type-page","status-publish","hentry"],"yoast_head":"<!-- This site is optimized with the Yoast SEO plugin v27.1.1 - https:\/\/yoast.com\/product\/yoast-seo-wordpress\/ -->\n<title>Algi-up biostimulant%page%sepsitename%%.<\/title>\n<meta name=\"description\" content=\"Algi-up est un biostimulant foliaire de pointe con\u00e7u pour am\u00e9liorer la tol\u00e9rance \u00e0 la chaleur et au stress hydrique. Ce produit est fabriqu\u00e9 par Fytofend.\" \/>\n<meta name=\"robots\" content=\"index, follow, max-snippet:-1, max-image-preview:large, max-video-preview:-1\" \/>\n<link rel=\"canonical\" href=\"https:\/\/fytofend.com\/fr\/produits\/algi-up\/\" \/>\n<meta property=\"og:locale\" content=\"fr_FR\" \/>\n<meta property=\"og:type\" content=\"article\" \/>\n<meta property=\"og:title\" content=\"Algi-up biostimulant%page%sepsitename%%.\" \/>\n<meta property=\"og:description\" content=\"Algi-up est un biostimulant foliaire de pointe con\u00e7u pour am\u00e9liorer la tol\u00e9rance \u00e0 la chaleur et au stress hydrique. Ce produit est fabriqu\u00e9 par Fytofend.\" \/>\n<meta property=\"og:url\" content=\"https:\/\/fytofend.com\/fr\/produits\/algi-up\/\" \/>\n<meta property=\"og:site_name\" content=\"Fytofend\" \/>\n<meta property=\"article:modified_time\" content=\"2025-09-02T12:01:47+00:00\" \/>\n<meta property=\"og:image\" content=\"https:\/\/fytofend.com\/wp-content\/uploads\/2025\/05\/cover-web-1.png\" \/>\n\t<meta property=\"og:image:width\" content=\"957\" \/>\n\t<meta property=\"og:image:height\" content=\"354\" \/>\n\t<meta property=\"og:image:type\" content=\"image\/png\" \/>\n<meta name=\"twitter:card\" content=\"summary_large_image\" \/>\n<meta name=\"twitter:label1\" content=\"Dur\u00e9e de lecture estim\u00e9e\" \/>\n\t<meta name=\"twitter:data1\" content=\"3 minutes\" \/>\n<script type=\"application\/ld+json\" class=\"yoast-schema-graph\">{\"@context\":\"https:\/\/schema.org\",\"@graph\":[{\"@type\":\"WebPage\",\"@id\":\"https:\/\/fytofend.com\/fr\/produits\/algi-up\/\",\"url\":\"https:\/\/fytofend.com\/fr\/produits\/algi-up\/\",\"name\":\"Algi-up biostimulant%page%sepsitename%%.\",\"isPartOf\":{\"@id\":\"https:\/\/fytofend.com\/fr\/#website\"},\"primaryImageOfPage\":{\"@id\":\"https:\/\/fytofend.com\/fr\/produits\/algi-up\/#primaryimage\"},\"image\":{\"@id\":\"https:\/\/fytofend.com\/fr\/produits\/algi-up\/#primaryimage\"},\"thumbnailUrl\":\"https:\/\/fytofend.com\/wp-content\/uploads\/2025\/05\/cover-web-1.png\",\"datePublished\":\"2025-06-02T09:21:04+00:00\",\"dateModified\":\"2025-09-02T12:01:47+00:00\",\"description\":\"Algi-up est un biostimulant foliaire de pointe con\u00e7u pour am\u00e9liorer la tol\u00e9rance \u00e0 la chaleur et au stress hydrique. Ce produit est fabriqu\u00e9 par Fytofend.\",\"breadcrumb\":{\"@id\":\"https:\/\/fytofend.com\/fr\/produits\/algi-up\/#breadcrumb\"},\"inLanguage\":\"fr-FR\",\"potentialAction\":[{\"@type\":\"ReadAction\",\"target\":[\"https:\/\/fytofend.com\/fr\/produits\/algi-up\/\"]}]},{\"@type\":\"ImageObject\",\"inLanguage\":\"fr-FR\",\"@id\":\"https:\/\/fytofend.com\/fr\/produits\/algi-up\/#primaryimage\",\"url\":\"https:\/\/fytofend.com\/wp-content\/uploads\/2025\/05\/cover-web-1.png\",\"contentUrl\":\"https:\/\/fytofend.com\/wp-content\/uploads\/2025\/05\/cover-web-1.png\"},{\"@type\":\"BreadcrumbList\",\"@id\":\"https:\/\/fytofend.com\/fr\/produits\/algi-up\/#breadcrumb\",\"itemListElement\":[{\"@type\":\"ListItem\",\"position\":1,\"name\":\"Accueil\",\"item\":\"https:\/\/fytofend.com\/fr\/\"},{\"@type\":\"ListItem\",\"position\":2,\"name\":\"Produits\",\"item\":\"https:\/\/fytofend.com\/fr\/produits\/\"},{\"@type\":\"ListItem\",\"position\":3,\"name\":\"Algi-up\"}]},{\"@type\":\"WebSite\",\"@id\":\"https:\/\/fytofend.com\/fr\/#website\",\"url\":\"https:\/\/fytofend.com\/fr\/\",\"name\":\"Fytofend\",\"description\":\"Leader in Plant Defence Inducers\",\"potentialAction\":[{\"@type\":\"SearchAction\",\"target\":{\"@type\":\"EntryPoint\",\"urlTemplate\":\"https:\/\/fytofend.com\/fr\/?s={search_term_string}\"},\"query-input\":{\"@type\":\"PropertyValueSpecification\",\"valueRequired\":true,\"valueName\":\"search_term_string\"}}],\"inLanguage\":\"fr-FR\"}]}<\/script>\n<!-- \/ Yoast SEO plugin. -->","yoast_head_json":{"title":"Algi-up biostimulant%page%sepsitename%%.","description":"Algi-up est un biostimulant foliaire de pointe con\u00e7u pour am\u00e9liorer la tol\u00e9rance \u00e0 la chaleur et au stress hydrique. Ce produit est fabriqu\u00e9 par Fytofend.","robots":{"index":"index","follow":"follow","max-snippet":"max-snippet:-1","max-image-preview":"max-image-preview:large","max-video-preview":"max-video-preview:-1"},"canonical":"https:\/\/fytofend.com\/fr\/produits\/algi-up\/","og_locale":"fr_FR","og_type":"article","og_title":"Algi-up biostimulant%page%sepsitename%%.","og_description":"Algi-up est un biostimulant foliaire de pointe con\u00e7u pour am\u00e9liorer la tol\u00e9rance \u00e0 la chaleur et au stress hydrique. Ce produit est fabriqu\u00e9 par Fytofend.","og_url":"https:\/\/fytofend.com\/fr\/produits\/algi-up\/","og_site_name":"Fytofend","article_modified_time":"2025-09-02T12:01:47+00:00","og_image":[{"width":957,"height":354,"url":"https:\/\/fytofend.com\/wp-content\/uploads\/2025\/05\/cover-web-1.png","type":"image\/png"}],"twitter_card":"summary_large_image","twitter_misc":{"Dur\u00e9e de lecture estim\u00e9e":"3 minutes"},"schema":{"@context":"https:\/\/schema.org","@graph":[{"@type":"WebPage","@id":"https:\/\/fytofend.com\/fr\/produits\/algi-up\/","url":"https:\/\/fytofend.com\/fr\/produits\/algi-up\/","name":"Algi-up biostimulant%page%sepsitename%%.","isPartOf":{"@id":"https:\/\/fytofend.com\/fr\/#website"},"primaryImageOfPage":{"@id":"https:\/\/fytofend.com\/fr\/produits\/algi-up\/#primaryimage"},"image":{"@id":"https:\/\/fytofend.com\/fr\/produits\/algi-up\/#primaryimage"},"thumbnailUrl":"https:\/\/fytofend.com\/wp-content\/uploads\/2025\/05\/cover-web-1.png","datePublished":"2025-06-02T09:21:04+00:00","dateModified":"2025-09-02T12:01:47+00:00","description":"Algi-up est un biostimulant foliaire de pointe con\u00e7u pour am\u00e9liorer la tol\u00e9rance \u00e0 la chaleur et au stress hydrique. Ce produit est fabriqu\u00e9 par Fytofend.","breadcrumb":{"@id":"https:\/\/fytofend.com\/fr\/produits\/algi-up\/#breadcrumb"},"inLanguage":"fr-FR","potentialAction":[{"@type":"ReadAction","target":["https:\/\/fytofend.com\/fr\/produits\/algi-up\/"]}]},{"@type":"ImageObject","inLanguage":"fr-FR","@id":"https:\/\/fytofend.com\/fr\/produits\/algi-up\/#primaryimage","url":"https:\/\/fytofend.com\/wp-content\/uploads\/2025\/05\/cover-web-1.png","contentUrl":"https:\/\/fytofend.com\/wp-content\/uploads\/2025\/05\/cover-web-1.png"},{"@type":"BreadcrumbList","@id":"https:\/\/fytofend.com\/fr\/produits\/algi-up\/#breadcrumb","itemListElement":[{"@type":"ListItem","position":1,"name":"Accueil","item":"https:\/\/fytofend.com\/fr\/"},{"@type":"ListItem","position":2,"name":"Produits","item":"https:\/\/fytofend.com\/fr\/produits\/"},{"@type":"ListItem","position":3,"name":"Algi-up"}]},{"@type":"WebSite","@id":"https:\/\/fytofend.com\/fr\/#website","url":"https:\/\/fytofend.com\/fr\/","name":"Fytofend","description":"Leader in Plant Defence Inducers","potentialAction":[{"@type":"SearchAction","target":{"@type":"EntryPoint","urlTemplate":"https:\/\/fytofend.com\/fr\/?s={search_term_string}"},"query-input":{"@type":"PropertyValueSpecification","valueRequired":true,"valueName":"search_term_string"}}],"inLanguage":"fr-FR"}]}},"_links":{"self":[{"href":"https:\/\/fytofend.com\/fr\/wp-json\/wp\/v2\/pages\/1855","targetHints":{"allow":["GET"]}}],"collection":[{"href":"https:\/\/fytofend.com\/fr\/wp-json\/wp\/v2\/pages"}],"about":[{"href":"https:\/\/fytofend.com\/fr\/wp-json\/wp\/v2\/types\/page"}],"author":[{"embeddable":true,"href":"https:\/\/fytofend.com\/fr\/wp-json\/wp\/v2\/users\/6"}],"replies":[{"embeddable":true,"href":"https:\/\/fytofend.com\/fr\/wp-json\/wp\/v2\/comments?post=1855"}],"version-history":[{"count":5,"href":"https:\/\/fytofend.com\/fr\/wp-json\/wp\/v2\/pages\/1855\/revisions"}],"predecessor-version":[{"id":2028,"href":"https:\/\/fytofend.com\/fr\/wp-json\/wp\/v2\/pages\/1855\/revisions\/2028"}],"up":[{"embeddable":true,"href":"https:\/\/fytofend.com\/fr\/wp-json\/wp\/v2\/pages\/1986"}],"wp:attachment":[{"href":"https:\/\/fytofend.com\/fr\/wp-json\/wp\/v2\/media?parent=1855"}],"curies":[{"name":"wp","href":"https:\/\/api.w.org\/{rel}","templated":true}]}}