{"id":1960,"date":"2022-11-21T13:06:48","date_gmt":"2022-11-21T12:06:48","guid":{"rendered":"https:\/\/fytofend.com\/entreprise\/"},"modified":"2025-09-02T14:03:01","modified_gmt":"2025-09-02T12:03:01","slug":"entreprise","status":"publish","type":"page","link":"https:\/\/fytofend.com\/fr\/entreprise\/","title":{"rendered":"Entreprise"},"content":{"rendered":"\n<div class=\"wp-block-cover alignfull\" style=\"min-height:290px;aspect-ratio:unset;\"><img loading=\"lazy\" decoding=\"async\" width=\"2560\" height=\"1002\" class=\"wp-block-cover__image-background wp-image-737\" alt=\"\" src=\"https:\/\/fytofend.com\/wp-content\/uploads\/2023\/02\/WBMU0653-centrage-scaled.jpg\" data-object-fit=\"cover\" srcset=\"https:\/\/fytofend.com\/wp-content\/uploads\/2023\/02\/WBMU0653-centrage-scaled.jpg 2560w, https:\/\/fytofend.com\/wp-content\/uploads\/2023\/02\/WBMU0653-centrage-300x117.jpg 300w, https:\/\/fytofend.com\/wp-content\/uploads\/2023\/02\/WBMU0653-centrage-1024x401.jpg 1024w, https:\/\/fytofend.com\/wp-content\/uploads\/2023\/02\/WBMU0653-centrage-768x301.jpg 768w, https:\/\/fytofend.com\/wp-content\/uploads\/2023\/02\/WBMU0653-centrage-1536x601.jpg 1536w, https:\/\/fytofend.com\/wp-content\/uploads\/2023\/02\/WBMU0653-centrage-2048x802.jpg 2048w\" sizes=\"auto, (max-width: 2560px) 100vw, 2560px\" \/><span aria-hidden=\"true\" class=\"wp-block-cover__background has-background-dim-0 has-background-dim\"><\/span><div class=\"wp-block-cover__inner-container is-layout-flow wp-block-cover-is-layout-flow\"><div class=\"wp-block-paragraph\">\n<p class=\"has-text-align-center has-large-font-size\"><\/p>\n<\/div><\/div><\/div>\n\n<div class=\"wp-block-fidelo-fd-page-header fd-page-header\" data-type=\"fd_block\"><div class=\"content-wrapper\"><div class=\"container\">\n<div class=\"wp-block-fidelo-fd-breadcrumb fd-breadcrumb\" id=\"breadcrumb-wrapper\" data-type=\"fd_item\"><nav aria-label=\"Breadcrumb\" class=\"breadcrumb\"><ol itemscope=\"\" itemtype=\"http:\/\/schema.org\/BreadcrumbList\"><li itemprop=\"itemListElement\" itemscope=\"\" itemtype=\"http:\/\/schema.org\/ListItem\">\t<a itemprop=\"item\" href=\"https:\/\/fytofend.com\"><span itemprop=\"name\">Accueil<\/span><\/a>\t<meta itemprop=\"position\" content=\"0\"><\/li><li class=\"current\" itemprop=\"itemListElement\" itemscope=\"\" itemtype=\"http:\/\/schema.org\/ListItem\"><span class='separator'>  |  <\/span>\t<span itemprop=\"name\" title=\"Entreprise\">Entreprise<\/span>\t<meta itemprop=\"position\" content=\"1\"><\/li><\/ol><\/nav><\/div>\n<\/div><\/div><\/div>\n\n<figure class=\"wp-block-image aligncenter size-full is-resized\"><img loading=\"lazy\" decoding=\"async\" width=\"1000\" height=\"500\" src=\"https:\/\/fytofend.com\/wp-content\/uploads\/2025\/03\/Logo-de-base-e1741248837108.png\" alt=\"\" class=\"wp-image-1368\" style=\"width:385px;height:auto\" srcset=\"https:\/\/fytofend.com\/wp-content\/uploads\/2025\/03\/Logo-de-base-e1741248837108.png 1000w, https:\/\/fytofend.com\/wp-content\/uploads\/2025\/03\/Logo-de-base-e1741248837108-300x150.png 300w, https:\/\/fytofend.com\/wp-content\/uploads\/2025\/03\/Logo-de-base-e1741248837108-768x384.png 768w, https:\/\/fytofend.com\/wp-content\/uploads\/2025\/03\/Logo-de-base-e1741248837108-357x178.png 357w\" sizes=\"auto, (max-width: 1000px) 100vw, 1000px\" \/><\/figure>\n<div class=\"wp-block-heading\">\n<h1 class=\"wp-block-heading is-style-text-justified\"><strong>Fytofend | Leading Biosolutions<\/strong><\/h1>\n<\/div><div class=\"wp-block-paragraph\">\n<p>Biocontr\u00f4le et biostimulants innovants pour une agriculture durable<\/p>\n<\/div><div class=\"wp-block-paragraph\">\n<p>Fond\u00e9e en 2009, Fytofend est une entreprise belge leader dans le domaine des biosolutions, pionni\u00e8re en mati\u00e8re de solutions durables de protection des plantes. En tant que d\u00e9veloppeur exclusif de<a href=\"https:\/\/fytofend.com\/fr\/?page_id=1972\"> COS-OGA<\/a>, la premi\u00e8re substance active \u00e0 faible risque reconnue par l&rsquo;Union europ\u00e9enne, nous fournissons aux agriculteurs des alternatives biologiques aux pesticides de synth\u00e8se, garantissant des cultures plus saines et la s\u00e9curit\u00e9 de l&rsquo;environnement. <\/p>\n<\/div>\n<div class=\"wp-block-media-text is-stacked-on-mobile\" style=\"grid-template-columns:43% auto\"><figure class=\"wp-block-media-text__media\"><img loading=\"lazy\" decoding=\"async\" width=\"819\" height=\"1024\" src=\"https:\/\/fytofend.com\/wp-content\/uploads\/2025\/03\/3-1-819x1024.png\" alt=\"\" class=\"wp-image-1432 size-full\" srcset=\"https:\/\/fytofend.com\/wp-content\/uploads\/2025\/03\/3-1-819x1024.png 819w, https:\/\/fytofend.com\/wp-content\/uploads\/2025\/03\/3-1-240x300.png 240w, https:\/\/fytofend.com\/wp-content\/uploads\/2025\/03\/3-1-768x960.png 768w, https:\/\/fytofend.com\/wp-content\/uploads\/2025\/03\/3-1.png 1080w\" sizes=\"auto, (max-width: 819px) 100vw, 819px\" \/><\/figure><div class=\"wp-block-media-text__content\"><div class=\"wp-block-heading\">\n<h3 class=\"wp-block-heading\"><strong>Nos Biosolutions :<\/strong><\/h3>\n<\/div>\n\n<div class=\"wp-block-paragraph\">\n<p>Nous fabriquons et distribuons une gamme compl\u00e8te de biosolutions, notamment :<\/p>\n<\/div>\n\n<div class=\"wp-block-paragraph\">\n<p><strong>Solutions de biocontr\u00f4le<\/strong> (activateurs de d\u00e9fense naturelle des plantes) :<\/p>\n<\/div>\n\n<div class=\"wp-block-list\">\n<ul class=\"wp-block-list\">\n<li><a href=\"https:\/\/fytofend.com\/fr\/produits\/fytosave\/\">Fytosave<\/a> &#8211; Solution de biocontr\u00f4le \u00e0 base de COS-OGA contre l&rsquo;o\u00efdium et le mildiou.<\/li>\n\n\n\n<li><a href=\"https:\/\/fytofend.com\/fr\/produits\/fytosol\/\">Fytosol<\/a> &#8211; Agent de biocontr\u00f4le qui renforce la r\u00e9sistance des cultures et am\u00e9liore la sant\u00e9 des plantes.<\/li>\n<\/ul>\n<\/div>\n\n<div class=\"wp-block-paragraph\">\n<p><strong>Biostimulants<\/strong> (optimisation de la vigueur et du rendement des plantes) :<\/p>\n<\/div>\n\n<div class=\"wp-block-list\">\n<ul class=\"wp-block-list\">\n<li><a href=\"https:\/\/fytofend.com\/fr\/produits\/fyto-6\/\">Fyto-6<\/a> &#8211; Biostimulant foliaire qui am\u00e9liore la photosynth\u00e8se, la r\u00e9sistance \u00e0 la s\u00e9cheresse et la productivit\u00e9 globale des cultures.<\/li>\n<\/ul>\n<\/div>\n\n<div class=\"wp-block-paragraph\">\n<p>Tous les produits Fytofend sont fabriqu\u00e9s en Belgique et distribu\u00e9s dans le monde entier par le biais d&rsquo;un r\u00e9seau de partenaires agricoles de confiance.<\/p>\n<\/div><\/div><\/div>\n\n<div class=\"wp-block-fidelo-fd-section fd_section has-text-color has-background\" data-type=\"fd_block\" data-shape=\"default\" data-color=\"#fff\" data-svg=\"all\" data-fill=\"none\" data-bg-visible=\"100\" data-gradient=\"true\" style=\"color:#000000;background-color:#ffffff\"><input type=\"hidden\" class=\"cover-data-hidden\"\/><div class=\"fd_section_content\"><div class=\"container\"><div class=\"sectionwrapper\">\n<div class=\"wp-block-fidelo-fd-division-group fd_division_group\" data-type=\"fd_block\" data-padding-x=\"0\" data-padding-y=\"0\" data-radius=\"0\" data-layout=\"normal\"><div class=\"wp-block-heading\">\n<h2 class=\"wp-block-heading has-text-align-center\"><strong>Pourquoi choisir Fytofend ? Leader mondial de l&rsquo;agriculture durable <\/strong><\/h2>\n<\/div>\n\n<div class=\"wp-block-paragraph\">\n<p><strong>Plus de 40 pays<\/strong> desservis<br\/><strong>Plus de 15 distributeurs internationaux<\/strong><br\/>Plus de <strong>2 millions de litres<\/strong> de produits vendus<br\/>Solutions 100% naturelles, certifi\u00e9es biologiques et sans r\u00e9sidus<\/p>\n<\/div>\n\n<div class=\"wp-block-paragraph\">\n<p>Vous souhaitez travailler avec nous ?  <a href=\"https:\/\/fytofend.com\/fr\/?page_id=1963\" target=\"_blank\" rel=\"noreferrer noopener\">Rejoignez notre r\u00e9seau de distributeurs.<\/a><\/p>\n<\/div>\n\n<div class=\"wp-block-heading\">\n<h3 class=\"wp-block-heading\"><strong>Des installations de recherche et de production ultramodernes<\/strong><\/h3>\n<\/div>\n\n<div class=\"wp-block-paragraph\">\n<p>Situ\u00e9 \u00e0 Cr\u00e9alys\u00ae Parc, Belgique<br\/><strong>Laboratoire de 450m\u00b2<\/strong> &#8211; Faire progresser l&rsquo;innovation en mati\u00e8re de biocontr\u00f4le et de biostimulants<br\/><strong>Zone de production et de formulation de<\/strong> 1<strong>200m\u00b2<\/strong><br\/><strong>60% <\/strong>de nos effectifs sont d\u00e9di\u00e9s \u00e0 la recherche et au d\u00e9veloppement<\/p>\n<\/div>\n\n<div class=\"wp-block-paragraph\">\n<p>Notre \u00e9quipe de R&amp;D collabore avec les meilleures universit\u00e9s et instituts agricoles pour valider nos technologies et r\u00e9pondre aux normes scientifiques et r\u00e8glementaires les plus strictes.<\/p>\n<\/div>\n\n\n<div class=\"wp-block-columns is-layout-flex wp-container-core-columns-is-layout-28f84493 wp-block-columns-is-layout-flex\">\n<div class=\"wp-block-column is-layout-flow wp-block-column-is-layout-flow\">\n<figure class=\"wp-block-image size-large\"><img loading=\"lazy\" decoding=\"async\" width=\"1024\" height=\"768\" src=\"https:\/\/fytofend.com\/wp-content\/uploads\/2022\/12\/DJI_0003-1-1024x768.jpg\" alt=\"\" class=\"wp-image-314\" srcset=\"https:\/\/fytofend.com\/wp-content\/uploads\/2022\/12\/DJI_0003-1-1024x768.jpg 1024w, https:\/\/fytofend.com\/wp-content\/uploads\/2022\/12\/DJI_0003-1-300x225.jpg 300w, https:\/\/fytofend.com\/wp-content\/uploads\/2022\/12\/DJI_0003-1-768x576.jpg 768w, https:\/\/fytofend.com\/wp-content\/uploads\/2022\/12\/DJI_0003-1-1536x1152.jpg 1536w, https:\/\/fytofend.com\/wp-content\/uploads\/2022\/12\/DJI_0003-1.jpg 2000w\" sizes=\"auto, (max-width: 1024px) 100vw, 1024px\" \/><\/figure>\n<\/div>\n\n\n\n<div class=\"wp-block-column is-layout-flow wp-block-column-is-layout-flow\">\n<figure class=\"wp-block-image size-large\"><img loading=\"lazy\" decoding=\"async\" width=\"1024\" height=\"768\" src=\"https:\/\/fytofend.com\/wp-content\/uploads\/2025\/03\/482161004_1140222254073364_2791682385210791984_n-1024x768.jpg\" alt=\"\" class=\"wp-image-1474\" srcset=\"https:\/\/fytofend.com\/wp-content\/uploads\/2025\/03\/482161004_1140222254073364_2791682385210791984_n-1024x768.jpg 1024w, https:\/\/fytofend.com\/wp-content\/uploads\/2025\/03\/482161004_1140222254073364_2791682385210791984_n-300x225.jpg 300w, https:\/\/fytofend.com\/wp-content\/uploads\/2025\/03\/482161004_1140222254073364_2791682385210791984_n-768x576.jpg 768w, https:\/\/fytofend.com\/wp-content\/uploads\/2025\/03\/482161004_1140222254073364_2791682385210791984_n-1536x1152.jpg 1536w, https:\/\/fytofend.com\/wp-content\/uploads\/2025\/03\/482161004_1140222254073364_2791682385210791984_n.jpg 2048w\" sizes=\"auto, (max-width: 1024px) 100vw, 1024px\" \/><\/figure>\n<\/div>\n<\/div>\n<\/div>\n<\/div><\/div><\/div><\/div>\n\n<div class=\"wp-block-cover alignfull\" style=\"min-height:275px;aspect-ratio:unset;\"><img loading=\"lazy\" decoding=\"async\" width=\"1920\" height=\"1280\" class=\"wp-block-cover__image-background wp-image-57\" alt=\"\" src=\"https:\/\/fytofend.com\/wp-content\/uploads\/2022\/11\/pexels-kaboompics-com-5808-1.jpg\" style=\"object-position:51% 51%\" data-object-fit=\"cover\" data-object-position=\"51% 51%\" srcset=\"https:\/\/fytofend.com\/wp-content\/uploads\/2022\/11\/pexels-kaboompics-com-5808-1.jpg 1920w, https:\/\/fytofend.com\/wp-content\/uploads\/2022\/11\/pexels-kaboompics-com-5808-1-300x200.jpg 300w, https:\/\/fytofend.com\/wp-content\/uploads\/2022\/11\/pexels-kaboompics-com-5808-1-1024x683.jpg 1024w, https:\/\/fytofend.com\/wp-content\/uploads\/2022\/11\/pexels-kaboompics-com-5808-1-768x512.jpg 768w, https:\/\/fytofend.com\/wp-content\/uploads\/2022\/11\/pexels-kaboompics-com-5808-1-1536x1024.jpg 1536w\" sizes=\"auto, (max-width: 1920px) 100vw, 1920px\" \/><span aria-hidden=\"true\" class=\"wp-block-cover__background has-background-dim\"><\/span><div class=\"wp-block-cover__inner-container is-layout-flow wp-block-cover-is-layout-flow\"><div class=\"wp-block-paragraph\">\n<p class=\"has-text-align-center has-sansumi-font-family has-medium-font-size\">\u00ab\u00a0Gr\u00e2ce \u00e0 des outils m\u00e9tabolomiques performants et \u00e0 la ma\u00eetrise des bioessais avec des pathog\u00e8nes, notre centre de recherche nous permet d&rsquo;approfondir nos connaissances sur le complexe COS-OGA et de prospecter de nouveaux \u00e9liciteurs par le criblage biologique de substances candidates.\u00a0\u00bb<\/p>\n<\/div><\/div><\/div>\n\n<div class=\"wp-block-fidelo-fd-section fd_section has-text-color has-background\" data-type=\"fd_block\" data-shape=\"default\" data-color=\"#fff\" data-svg=\"all\" data-fill=\"none\" data-bg-visible=\"100\" data-gradient=\"true\" style=\"color:#000000;background-color:#ffffff\"><input type=\"hidden\" class=\"cover-data-hidden\"\/><div class=\"fd_section_content\"><div class=\"container\"><div class=\"sectionwrapper\">\n<div class=\"wp-block-fidelo-fd-division-group fd_division_group\" data-type=\"fd_block\" data-padding-x=\"0\" data-padding-y=\"40\" data-radius=\"0\" data-layout=\"normal\"><div class=\"wp-block-heading\">\n<h2 class=\"wp-block-heading has-text-align-center\">D&rsquo;une id\u00e9e originale \u00e0 une entreprise reconnue<\/h2>\n<\/div>\n\n\n<div class=\"wp-block-fidelo-fd-timeline fd_timeline_block fd_block\" data-type=\"fd_block\" data-dotstyle=\"css\"><div class=\"container\"><h2 class=\"\"><\/h2><p class=\"subtitle\"><\/p><div class=\"fd_timeline_wrapper\">\n<div class=\"wp-block-fidelo-fd-timeline-item fd_timeline_items\" data-type=\"fd_item\"><div class=\"fd_timeline_item\" style=\"background-color:#183b2f;\"><h3 class=\"\">2000<\/h3><p class=\"\">D\u00e9couverte de COS-OGA<\/p><\/div><\/div>\n\n\n\n<div class=\"wp-block-fidelo-fd-timeline-item fd_timeline_items\" data-type=\"fd_item\"><div class=\"fd_timeline_item\" style=\"background-color:#183b2f;\"><h3 class=\"\">2006<\/h3><p class=\"\">D\u00e9p\u00f4t d&rsquo;un premier brevet<\/p><\/div><\/div>\n\n\n\n<div class=\"wp-block-fidelo-fd-timeline-item fd_timeline_items\" data-type=\"fd_item\"><div class=\"fd_timeline_item\" style=\"background-color:#183b2f;\"><h3 class=\"\">2009<\/h3><p class=\"\">Cr\u00e9ation de la soci\u00e9t\u00e9 FytoSave SA et phase pr\u00e9-pilote<\/p><\/div><\/div>\n\n\n\n<div class=\"wp-block-fidelo-fd-timeline-item fd_timeline_items\" data-type=\"fd_item\"><div class=\"fd_timeline_item\" style=\"background-color:#183b2f;\"><h3 class=\"\">2012<\/h3><p class=\"\">D\u00e9p\u00f4t d&rsquo;un second brevet, phase pilote, soumission du dossier d&rsquo;enregistrement du COS-OGA au niveau de l&rsquo;UE<\/p><\/div><\/div>\n\n\n\n<div class=\"wp-block-fidelo-fd-timeline-item fd_timeline_items\" data-type=\"fd_item\"><div class=\"fd_timeline_item\" style=\"background-color:#183b2f;\"><h3 class=\"\">2015<\/h3><p class=\"\">Premier enregistrement accord\u00e9 \u00e0 FytoSave<\/p><\/div><\/div>\n\n\n\n<div class=\"wp-block-fidelo-fd-timeline-item fd_timeline_items\" data-type=\"fd_item\"><div class=\"fd_timeline_item\" style=\"background-color:#183b2f;\"><h3 class=\"\">2017<\/h3><p class=\"\">Extension importante de l&rsquo;\u00e9tiquetage du raisin dans la plupart des pays de l&rsquo;UE<\/p><\/div><\/div>\n\n\n\n<div class=\"wp-block-fidelo-fd-timeline-item fd_timeline_items\" data-type=\"fd_item\"><div class=\"fd_timeline_item\" style=\"background-color:#183b2f;\"><h3 class=\"\">2019<\/h3><p class=\"\">Construction de nos installations industrielles<\/p><\/div><\/div>\n\n\n\n<div class=\"wp-block-fidelo-fd-timeline-item fd_timeline_items\" data-type=\"fd_item\"><div class=\"fd_timeline_item\" style=\"background-color:#183b2f;\"><h3 class=\"\">2021<\/h3><p class=\"\">Mise en place de notre propre centre de recherche<\/p><\/div><\/div>\n\n\n\n<div class=\"wp-block-fidelo-fd-timeline-item fd_timeline_items\" data-type=\"fd_item\"><div class=\"fd_timeline_item\" style=\"background-color:#183b2f;\"><h3 class=\"\">Histoire \u00e0 suivre<\/h3><p class=\"\"><\/p><\/div><\/div>\n<\/div><\/div><\/div>\n<\/div>\n<\/div><\/div><\/div><\/div>\n","protected":false},"excerpt":{"rendered":"<p>Fytofend | Leading Biosolutions Biocontr\u00f4le et biostimulants innovants pour une agriculture durable Fond\u00e9e en 2009, Fytofend est une entreprise belge leader dans le domaine des biosolutions, pionni\u00e8re en mati\u00e8re de solutions durables de protection des plantes. En tant que d\u00e9veloppeur exclusif de COS-OGA, la premi\u00e8re substance active \u00e0 faible risque reconnue par l&rsquo;Union europ\u00e9enne, nous [&hellip;]<\/p>\n","protected":false},"author":1,"featured_media":0,"parent":0,"menu_order":0,"comment_status":"closed","ping_status":"closed","template":"","meta":{"content-type":"","footnotes":""},"class_list":["post-1960","page","type-page","status-publish","hentry"],"yoast_head":"<!-- This site is optimized with the Yoast SEO plugin v27.1.1 - https:\/\/yoast.com\/product\/yoast-seo-wordpress\/ -->\n<title>Fytofend Biosolutions<\/title>\n<meta name=\"description\" content=\"Fytofend est un pionnier des biosolutions avec la technologie COS-OGA. D\u00e9couvrez nos biostimulants et biosolutions pour une agriculture durable.\" \/>\n<meta name=\"robots\" content=\"index, follow, max-snippet:-1, max-image-preview:large, max-video-preview:-1\" \/>\n<link rel=\"canonical\" href=\"https:\/\/fytofend.com\/fr\/entreprise\/\" \/>\n<meta property=\"og:locale\" content=\"fr_FR\" \/>\n<meta property=\"og:type\" content=\"article\" \/>\n<meta property=\"og:title\" content=\"Fytofend Biosolutions\" \/>\n<meta property=\"og:description\" content=\"Fytofend est un pionnier des biosolutions avec la technologie COS-OGA. D\u00e9couvrez nos biostimulants et biosolutions pour une agriculture durable.\" \/>\n<meta property=\"og:url\" content=\"https:\/\/fytofend.com\/fr\/entreprise\/\" \/>\n<meta property=\"og:site_name\" content=\"Fytofend\" \/>\n<meta property=\"article:modified_time\" content=\"2025-09-02T12:03:01+00:00\" \/>\n<meta property=\"og:image\" content=\"https:\/\/fytofend.com\/wp-content\/uploads\/2023\/02\/WBMU0653-centrage-scaled.jpg\" \/>\n\t<meta property=\"og:image:width\" content=\"2560\" \/>\n\t<meta property=\"og:image:height\" content=\"1002\" \/>\n\t<meta property=\"og:image:type\" content=\"image\/jpeg\" \/>\n<meta name=\"twitter:card\" content=\"summary_large_image\" \/>\n<meta name=\"twitter:label1\" content=\"Dur\u00e9e de lecture estim\u00e9e\" \/>\n\t<meta name=\"twitter:data1\" content=\"4 minutes\" \/>\n<script type=\"application\/ld+json\" class=\"yoast-schema-graph\">{\"@context\":\"https:\/\/schema.org\",\"@graph\":[{\"@type\":\"WebPage\",\"@id\":\"https:\/\/fytofend.com\/fr\/entreprise\/\",\"url\":\"https:\/\/fytofend.com\/fr\/entreprise\/\",\"name\":\"Fytofend Biosolutions\",\"isPartOf\":{\"@id\":\"https:\/\/fytofend.com\/fr\/#website\"},\"primaryImageOfPage\":{\"@id\":\"https:\/\/fytofend.com\/fr\/entreprise\/#primaryimage\"},\"image\":{\"@id\":\"https:\/\/fytofend.com\/fr\/entreprise\/#primaryimage\"},\"thumbnailUrl\":\"https:\/\/fytofend.com\/wp-content\/uploads\/2023\/02\/WBMU0653-centrage-scaled.jpg\",\"datePublished\":\"2022-11-21T12:06:48+00:00\",\"dateModified\":\"2025-09-02T12:03:01+00:00\",\"description\":\"Fytofend est un pionnier des biosolutions avec la technologie COS-OGA. D\u00e9couvrez nos biostimulants et biosolutions pour une agriculture durable.\",\"breadcrumb\":{\"@id\":\"https:\/\/fytofend.com\/fr\/entreprise\/#breadcrumb\"},\"inLanguage\":\"fr-FR\",\"potentialAction\":[{\"@type\":\"ReadAction\",\"target\":[\"https:\/\/fytofend.com\/fr\/entreprise\/\"]}]},{\"@type\":\"ImageObject\",\"inLanguage\":\"fr-FR\",\"@id\":\"https:\/\/fytofend.com\/fr\/entreprise\/#primaryimage\",\"url\":\"https:\/\/fytofend.com\/wp-content\/uploads\/2023\/02\/WBMU0653-centrage-scaled.jpg\",\"contentUrl\":\"https:\/\/fytofend.com\/wp-content\/uploads\/2023\/02\/WBMU0653-centrage-scaled.jpg\"},{\"@type\":\"BreadcrumbList\",\"@id\":\"https:\/\/fytofend.com\/fr\/entreprise\/#breadcrumb\",\"itemListElement\":[{\"@type\":\"ListItem\",\"position\":1,\"name\":\"Accueil\",\"item\":\"https:\/\/fytofend.com\/fr\/\"},{\"@type\":\"ListItem\",\"position\":2,\"name\":\"Entreprise\"}]},{\"@type\":\"WebSite\",\"@id\":\"https:\/\/fytofend.com\/fr\/#website\",\"url\":\"https:\/\/fytofend.com\/fr\/\",\"name\":\"Fytofend\",\"description\":\"Leader in Plant Defence Inducers\",\"potentialAction\":[{\"@type\":\"SearchAction\",\"target\":{\"@type\":\"EntryPoint\",\"urlTemplate\":\"https:\/\/fytofend.com\/fr\/?s={search_term_string}\"},\"query-input\":{\"@type\":\"PropertyValueSpecification\",\"valueRequired\":true,\"valueName\":\"search_term_string\"}}],\"inLanguage\":\"fr-FR\"}]}<\/script>\n<!-- \/ Yoast SEO plugin. -->","yoast_head_json":{"title":"Fytofend Biosolutions","description":"Fytofend est un pionnier des biosolutions avec la technologie COS-OGA. D\u00e9couvrez nos biostimulants et biosolutions pour une agriculture durable.","robots":{"index":"index","follow":"follow","max-snippet":"max-snippet:-1","max-image-preview":"max-image-preview:large","max-video-preview":"max-video-preview:-1"},"canonical":"https:\/\/fytofend.com\/fr\/entreprise\/","og_locale":"fr_FR","og_type":"article","og_title":"Fytofend Biosolutions","og_description":"Fytofend est un pionnier des biosolutions avec la technologie COS-OGA. D\u00e9couvrez nos biostimulants et biosolutions pour une agriculture durable.","og_url":"https:\/\/fytofend.com\/fr\/entreprise\/","og_site_name":"Fytofend","article_modified_time":"2025-09-02T12:03:01+00:00","og_image":[{"width":2560,"height":1002,"url":"https:\/\/fytofend.com\/wp-content\/uploads\/2023\/02\/WBMU0653-centrage-scaled.jpg","type":"image\/jpeg"}],"twitter_card":"summary_large_image","twitter_misc":{"Dur\u00e9e de lecture estim\u00e9e":"4 minutes"},"schema":{"@context":"https:\/\/schema.org","@graph":[{"@type":"WebPage","@id":"https:\/\/fytofend.com\/fr\/entreprise\/","url":"https:\/\/fytofend.com\/fr\/entreprise\/","name":"Fytofend Biosolutions","isPartOf":{"@id":"https:\/\/fytofend.com\/fr\/#website"},"primaryImageOfPage":{"@id":"https:\/\/fytofend.com\/fr\/entreprise\/#primaryimage"},"image":{"@id":"https:\/\/fytofend.com\/fr\/entreprise\/#primaryimage"},"thumbnailUrl":"https:\/\/fytofend.com\/wp-content\/uploads\/2023\/02\/WBMU0653-centrage-scaled.jpg","datePublished":"2022-11-21T12:06:48+00:00","dateModified":"2025-09-02T12:03:01+00:00","description":"Fytofend est un pionnier des biosolutions avec la technologie COS-OGA. D\u00e9couvrez nos biostimulants et biosolutions pour une agriculture durable.","breadcrumb":{"@id":"https:\/\/fytofend.com\/fr\/entreprise\/#breadcrumb"},"inLanguage":"fr-FR","potentialAction":[{"@type":"ReadAction","target":["https:\/\/fytofend.com\/fr\/entreprise\/"]}]},{"@type":"ImageObject","inLanguage":"fr-FR","@id":"https:\/\/fytofend.com\/fr\/entreprise\/#primaryimage","url":"https:\/\/fytofend.com\/wp-content\/uploads\/2023\/02\/WBMU0653-centrage-scaled.jpg","contentUrl":"https:\/\/fytofend.com\/wp-content\/uploads\/2023\/02\/WBMU0653-centrage-scaled.jpg"},{"@type":"BreadcrumbList","@id":"https:\/\/fytofend.com\/fr\/entreprise\/#breadcrumb","itemListElement":[{"@type":"ListItem","position":1,"name":"Accueil","item":"https:\/\/fytofend.com\/fr\/"},{"@type":"ListItem","position":2,"name":"Entreprise"}]},{"@type":"WebSite","@id":"https:\/\/fytofend.com\/fr\/#website","url":"https:\/\/fytofend.com\/fr\/","name":"Fytofend","description":"Leader in Plant Defence Inducers","potentialAction":[{"@type":"SearchAction","target":{"@type":"EntryPoint","urlTemplate":"https:\/\/fytofend.com\/fr\/?s={search_term_string}"},"query-input":{"@type":"PropertyValueSpecification","valueRequired":true,"valueName":"search_term_string"}}],"inLanguage":"fr-FR"}]}},"_links":{"self":[{"href":"https:\/\/fytofend.com\/fr\/wp-json\/wp\/v2\/pages\/1960","targetHints":{"allow":["GET"]}}],"collection":[{"href":"https:\/\/fytofend.com\/fr\/wp-json\/wp\/v2\/pages"}],"about":[{"href":"https:\/\/fytofend.com\/fr\/wp-json\/wp\/v2\/types\/page"}],"author":[{"embeddable":true,"href":"https:\/\/fytofend.com\/fr\/wp-json\/wp\/v2\/users\/1"}],"replies":[{"embeddable":true,"href":"https:\/\/fytofend.com\/fr\/wp-json\/wp\/v2\/comments?post=1960"}],"version-history":[{"count":1,"href":"https:\/\/fytofend.com\/fr\/wp-json\/wp\/v2\/pages\/1960\/revisions"}],"predecessor-version":[{"id":1961,"href":"https:\/\/fytofend.com\/fr\/wp-json\/wp\/v2\/pages\/1960\/revisions\/1961"}],"wp:attachment":[{"href":"https:\/\/fytofend.com\/fr\/wp-json\/wp\/v2\/media?parent=1960"}],"curies":[{"name":"wp","href":"https:\/\/api.w.org\/{rel}","templated":true}]}}