{"id":1978,"date":"2022-11-21T13:07:05","date_gmt":"2022-11-21T12:07:05","guid":{"rendered":"https:\/\/fytofend.com\/avis-juridique\/"},"modified":"2025-09-02T14:02:26","modified_gmt":"2025-09-02T12:02:26","slug":"mentions-legales","status":"publish","type":"page","link":"https:\/\/fytofend.com\/fr\/mentions-legales\/","title":{"rendered":"Mentions l\u00e9gales"},"content":{"rendered":"<div class=\"wp-block-heading\">\n<h1 class=\"wp-block-heading\">Mentions l\u00e9gales<\/h1>\n<\/div>\n\n<div class=\"wp-block-paragraph\">\n<p class=\"is-style-text-justified\">Toutes les informations sur ce site web &#8211; www.fytofend.com &#8211; sont publi\u00e9es en toute bonne foi et \u00e0 titre d&rsquo;information g\u00e9n\u00e9rale uniquement. www.fytofend.com ne donne aucune garantie quant \u00e0 l&rsquo;exhaustivit\u00e9, la fiabilit\u00e9 et l&rsquo;exactitude de ces informations. Toute action entreprise sur la base des informations trouv\u00e9es sur ce site web (www.fytofend.com) l&rsquo;est \u00e0 vos risques et p\u00e9rils. www.fytofend.com ne peut \u00eatre tenu responsable des pertes et\/ou dommages li\u00e9s \u00e0 l&rsquo;utilisation de son site web.   <\/p>\n<\/div>\n\n<div class=\"wp-block-paragraph\">\n<p class=\"is-style-text-justified\">\u00c0 partir de notre site web, vous pouvez visiter d&rsquo;autres sites web en suivant les liens hypertextes vers ces sites externes. Bien que nous nous efforcions de ne fournir que des liens de qualit\u00e9 vers des sites utiles et \u00e9thiques, nous n&rsquo;avons aucun contr\u00f4le sur le contenu et la nature de ces sites. Ces liens vers d&rsquo;autres sites web n&rsquo;impliquent pas une recommandation de l&rsquo;ensemble du contenu de ces sites. Les propri\u00e9taires et le contenu des sites peuvent changer sans pr\u00e9avis et cela peut se produire avant que nous ayons la possibilit\u00e9 de supprimer un lien qui serait devenu \u00ab\u00a0mauvais\u00a0\u00bb.   <\/p>\n<\/div>\n\n<div class=\"wp-block-paragraph\">\n<p class=\"is-style-text-justified\">Sachez \u00e9galement que lorsque vous quittez notre site web, d&rsquo;autres sites peuvent avoir des politiques de confidentialit\u00e9 et des conditions diff\u00e9rentes qui \u00e9chappent \u00e0 notre contr\u00f4le. Veillez \u00e0 v\u00e9rifier les politiques de confidentialit\u00e9 de ces sites ainsi que leurs \u00ab\u00a0conditions de service\u00a0\u00bb avant de vous engager dans une activit\u00e9 commerciale ou de t\u00e9l\u00e9charger des informations. <\/p>\n<\/div>\n\n<div class=\"wp-block-heading\">\n<h2 class=\"wp-block-heading\">Consentement<\/h2>\n<\/div>\n\n<div class=\"wp-block-paragraph\">\n<p>En utilisant notre site web, vous consentez par la pr\u00e9sente \u00e0 notre clause de non-responsabilit\u00e9 et en acceptez les termes.<\/p>\n<\/div>\n\n<div class=\"wp-block-heading\">\n<h2 class=\"wp-block-heading\">Mise \u00e0 jour<\/h2>\n<\/div>\n\n<div class=\"wp-block-paragraph\">\n<p>Si nous mettons \u00e0 jour, modifions ou apportons des changements \u00e0 ce document, ces changements seront affich\u00e9s de mani\u00e8re visible ici.<\/p>\n<\/div>\n\n<div class=\"wp-block-paragraph\">\n<p>Ce document a \u00e9t\u00e9 mis \u00e0 jour pour la derni\u00e8re fois le 5 mai 2023.<\/p>\n<\/div>\n\n<div class=\"wp-block-paragraph\">\n<p><\/p>\n<\/div>","protected":false},"excerpt":{"rendered":"<p>Mentions l\u00e9gales Toutes les informations sur ce site web &#8211; www.fytofend.com &#8211; sont publi\u00e9es en toute bonne foi et \u00e0 titre d&rsquo;information g\u00e9n\u00e9rale uniquement. www.fytofend.com ne donne aucune garantie quant \u00e0 l&rsquo;exhaustivit\u00e9, la fiabilit\u00e9 et l&rsquo;exactitude de ces informations. Toute action entreprise sur la base des informations trouv\u00e9es sur ce site web (www.fytofend.com) l&rsquo;est \u00e0 [&hellip;]<\/p>\n","protected":false},"author":1,"featured_media":0,"parent":0,"menu_order":0,"comment_status":"closed","ping_status":"closed","template":"","meta":{"content-type":"","footnotes":""},"class_list":["post-1978","page","type-page","status-publish","hentry"],"yoast_head":"<!-- This site is optimized with the Yoast SEO plugin v27.1.1 - https:\/\/yoast.com\/product\/yoast-seo-wordpress\/ -->\n<title>Mentions l\u00e9gales - Fytofend<\/title>\n<meta name=\"robots\" content=\"index, follow, max-snippet:-1, max-image-preview:large, max-video-preview:-1\" \/>\n<link rel=\"canonical\" href=\"https:\/\/fytofend.com\/fr\/mentions-legales\/\" \/>\n<meta property=\"og:locale\" content=\"fr_FR\" \/>\n<meta property=\"og:type\" content=\"article\" \/>\n<meta property=\"og:title\" content=\"Mentions l\u00e9gales - Fytofend\" \/>\n<meta property=\"og:description\" content=\"Mentions l\u00e9gales Toutes les informations sur ce site web &#8211; www.fytofend.com &#8211; sont publi\u00e9es en toute bonne foi et \u00e0 titre d&rsquo;information g\u00e9n\u00e9rale uniquement. www.fytofend.com ne donne aucune garantie quant \u00e0 l&rsquo;exhaustivit\u00e9, la fiabilit\u00e9 et l&rsquo;exactitude de ces informations. Toute action entreprise sur la base des informations trouv\u00e9es sur ce site web (www.fytofend.com) l&rsquo;est \u00e0 [&hellip;]\" \/>\n<meta property=\"og:url\" content=\"https:\/\/fytofend.com\/fr\/mentions-legales\/\" \/>\n<meta property=\"og:site_name\" content=\"Fytofend\" \/>\n<meta property=\"article:modified_time\" content=\"2025-09-02T12:02:26+00:00\" \/>\n<meta name=\"twitter:card\" content=\"summary_large_image\" \/>\n<meta name=\"twitter:label1\" content=\"Dur\u00e9e de lecture estim\u00e9e\" \/>\n\t<meta name=\"twitter:data1\" content=\"2 minutes\" \/>\n<script type=\"application\/ld+json\" class=\"yoast-schema-graph\">{\"@context\":\"https:\/\/schema.org\",\"@graph\":[{\"@type\":\"WebPage\",\"@id\":\"https:\/\/fytofend.com\/fr\/mentions-legales\/\",\"url\":\"https:\/\/fytofend.com\/fr\/mentions-legales\/\",\"name\":\"Mentions l\u00e9gales - Fytofend\",\"isPartOf\":{\"@id\":\"https:\/\/fytofend.com\/fr\/#website\"},\"datePublished\":\"2022-11-21T12:07:05+00:00\",\"dateModified\":\"2025-09-02T12:02:26+00:00\",\"breadcrumb\":{\"@id\":\"https:\/\/fytofend.com\/fr\/mentions-legales\/#breadcrumb\"},\"inLanguage\":\"fr-FR\",\"potentialAction\":[{\"@type\":\"ReadAction\",\"target\":[\"https:\/\/fytofend.com\/fr\/mentions-legales\/\"]}]},{\"@type\":\"BreadcrumbList\",\"@id\":\"https:\/\/fytofend.com\/fr\/mentions-legales\/#breadcrumb\",\"itemListElement\":[{\"@type\":\"ListItem\",\"position\":1,\"name\":\"Accueil\",\"item\":\"https:\/\/fytofend.com\/fr\/\"},{\"@type\":\"ListItem\",\"position\":2,\"name\":\"Mentions l\u00e9gales\"}]},{\"@type\":\"WebSite\",\"@id\":\"https:\/\/fytofend.com\/fr\/#website\",\"url\":\"https:\/\/fytofend.com\/fr\/\",\"name\":\"Fytofend\",\"description\":\"Leader in Plant Defence Inducers\",\"potentialAction\":[{\"@type\":\"SearchAction\",\"target\":{\"@type\":\"EntryPoint\",\"urlTemplate\":\"https:\/\/fytofend.com\/fr\/?s={search_term_string}\"},\"query-input\":{\"@type\":\"PropertyValueSpecification\",\"valueRequired\":true,\"valueName\":\"search_term_string\"}}],\"inLanguage\":\"fr-FR\"}]}<\/script>\n<!-- \/ Yoast SEO plugin. -->","yoast_head_json":{"title":"Mentions l\u00e9gales - Fytofend","robots":{"index":"index","follow":"follow","max-snippet":"max-snippet:-1","max-image-preview":"max-image-preview:large","max-video-preview":"max-video-preview:-1"},"canonical":"https:\/\/fytofend.com\/fr\/mentions-legales\/","og_locale":"fr_FR","og_type":"article","og_title":"Mentions l\u00e9gales - Fytofend","og_description":"Mentions l\u00e9gales Toutes les informations sur ce site web &#8211; www.fytofend.com &#8211; sont publi\u00e9es en toute bonne foi et \u00e0 titre d&rsquo;information g\u00e9n\u00e9rale uniquement. www.fytofend.com ne donne aucune garantie quant \u00e0 l&rsquo;exhaustivit\u00e9, la fiabilit\u00e9 et l&rsquo;exactitude de ces informations. Toute action entreprise sur la base des informations trouv\u00e9es sur ce site web (www.fytofend.com) l&rsquo;est \u00e0 [&hellip;]","og_url":"https:\/\/fytofend.com\/fr\/mentions-legales\/","og_site_name":"Fytofend","article_modified_time":"2025-09-02T12:02:26+00:00","twitter_card":"summary_large_image","twitter_misc":{"Dur\u00e9e de lecture estim\u00e9e":"2 minutes"},"schema":{"@context":"https:\/\/schema.org","@graph":[{"@type":"WebPage","@id":"https:\/\/fytofend.com\/fr\/mentions-legales\/","url":"https:\/\/fytofend.com\/fr\/mentions-legales\/","name":"Mentions l\u00e9gales - Fytofend","isPartOf":{"@id":"https:\/\/fytofend.com\/fr\/#website"},"datePublished":"2022-11-21T12:07:05+00:00","dateModified":"2025-09-02T12:02:26+00:00","breadcrumb":{"@id":"https:\/\/fytofend.com\/fr\/mentions-legales\/#breadcrumb"},"inLanguage":"fr-FR","potentialAction":[{"@type":"ReadAction","target":["https:\/\/fytofend.com\/fr\/mentions-legales\/"]}]},{"@type":"BreadcrumbList","@id":"https:\/\/fytofend.com\/fr\/mentions-legales\/#breadcrumb","itemListElement":[{"@type":"ListItem","position":1,"name":"Accueil","item":"https:\/\/fytofend.com\/fr\/"},{"@type":"ListItem","position":2,"name":"Mentions l\u00e9gales"}]},{"@type":"WebSite","@id":"https:\/\/fytofend.com\/fr\/#website","url":"https:\/\/fytofend.com\/fr\/","name":"Fytofend","description":"Leader in Plant Defence Inducers","potentialAction":[{"@type":"SearchAction","target":{"@type":"EntryPoint","urlTemplate":"https:\/\/fytofend.com\/fr\/?s={search_term_string}"},"query-input":{"@type":"PropertyValueSpecification","valueRequired":true,"valueName":"search_term_string"}}],"inLanguage":"fr-FR"}]}},"_links":{"self":[{"href":"https:\/\/fytofend.com\/fr\/wp-json\/wp\/v2\/pages\/1978","targetHints":{"allow":["GET"]}}],"collection":[{"href":"https:\/\/fytofend.com\/fr\/wp-json\/wp\/v2\/pages"}],"about":[{"href":"https:\/\/fytofend.com\/fr\/wp-json\/wp\/v2\/types\/page"}],"author":[{"embeddable":true,"href":"https:\/\/fytofend.com\/fr\/wp-json\/wp\/v2\/users\/1"}],"replies":[{"embeddable":true,"href":"https:\/\/fytofend.com\/fr\/wp-json\/wp\/v2\/comments?post=1978"}],"version-history":[{"count":2,"href":"https:\/\/fytofend.com\/fr\/wp-json\/wp\/v2\/pages\/1978\/revisions"}],"predecessor-version":[{"id":2003,"href":"https:\/\/fytofend.com\/fr\/wp-json\/wp\/v2\/pages\/1978\/revisions\/2003"}],"wp:attachment":[{"href":"https:\/\/fytofend.com\/fr\/wp-json\/wp\/v2\/media?parent=1978"}],"curies":[{"name":"wp","href":"https:\/\/api.w.org\/{rel}","templated":true}]}}