{"id":1982,"date":"2022-11-21T13:07:25","date_gmt":"2022-11-21T12:07:25","guid":{"rendered":"https:\/\/fytofend.com\/actualites\/"},"modified":"2025-09-02T14:03:22","modified_gmt":"2025-09-02T12:03:22","slug":"actualites","status":"publish","type":"page","link":"https:\/\/fytofend.com\/fr\/actualites\/","title":{"rendered":"Actualit\u00e9s"},"content":{"rendered":"\n<div class=\"wp-block-fidelo-fd-page-header fd-page-header\" data-type=\"fd_block\"><div class=\"content-wrapper\"><div class=\"container\"><div class=\"wp-block-heading\">\n<h1 class=\"wp-block-heading\">Actualit\u00e9s<\/h1>\n<\/div>\n\n\n<div class=\"wp-block-fidelo-fd-breadcrumb fd-breadcrumb\" id=\"breadcrumb-wrapper\" data-type=\"fd_item\"><nav aria-label=\"Breadcrumb\" class=\"breadcrumb\"><ol itemscope=\"\" itemtype=\"http:\/\/schema.org\/BreadcrumbList\"><li itemprop=\"itemListElement\" itemscope=\"\" itemtype=\"http:\/\/schema.org\/ListItem\">\t<a itemprop=\"item\" href=\"https:\/\/fytofend.com\"><span itemprop=\"name\">Accueil<\/span><\/a>\t<meta itemprop=\"position\" content=\"0\"><\/li><li class=\"current\" itemprop=\"itemListElement\" itemscope=\"\" itemtype=\"http:\/\/schema.org\/ListItem\"><span class='separator'>  |  <\/span>\t<span itemprop=\"name\" title=\"Actualit\u00e9s\">Actualit\u00e9s<\/span>\t<meta itemprop=\"position\" content=\"1\"><\/li><\/ol><\/nav><\/div>\n<\/div><\/div><\/div>\n\n<div class=\"wp-block-fidelo-fd-section fd_section has-text-color has-background\" data-type=\"fd_block\" data-shape=\"default\" data-color=\"#fff\" data-svg=\"all\" data-fill=\"none\" data-bg-visible=\"100\" data-gradient=\"true\" style=\"color:#000000;background-color:#ffffff\"><input type=\"hidden\" class=\"cover-data-hidden\"\/><div class=\"fd_section_content\"><div class=\"container\"><div class=\"sectionwrapper\">\n<div class=\"wp-block-fidelo-fd-division-group fd_division_group\" data-type=\"fd_block\" data-padding-x=\"0\" data-padding-y=\"0\" data-radius=\"0\" data-layout=\"normal\">\n<div class=\"wp-block-fidelo-fd-query-posts fd_global_articles\" data-type=\"fd_block\" post-content=\"-1\" post-type=\"post\" post-align=\"3\" post-pagination=\"pagination\" post-offset=\"0\" post-justify-align=\"flex-start\" data-contentalign=\"top\" data-structure=\"card\"><div id=\"section-global-posts\" class=\"main_section\"><div class=\"container\"><h2 class=\"section_title\"><\/h2><h3 class=\"subtitle\"><\/h3><div class=\"fd-articles-blog-items post_loop_wrapper global-loop\" data-content=\"-1\" data-type=\"post\" data-currentpage=\"1\"><article id=\"post-2477\" class=\"post_cards loop_item\">\n\n    <a href=\"https:\/\/fytofend.com\/fr\/news\/reduction-intrants-viticulture-biocontrole-oidium-mildiou\/\">\n        <div class=\"post-thumbnail\">\n                <img decoding=\"async\" src=\"https:\/\/fytofend.com\/wp-content\/uploads\/2026\/02\/Pre-floraison-1024x576.jpg\" alt=\"R\u00e9duction des intrants en viticulture : quelles solutions face aux nouvelles contraintes r\u00e9glementaires ?\" \/>\n        <\/div>\n\n        <div class=\"post-description\">\n\n            <div class=\"post-tags\">\n                <ul>\n                    <!--append js-->\n                <\/ul>\n            <\/div>\n\n            <h3>R\u00e9duction des intrants en viticulture : quelles solutions face aux nouvelles contraintes r\u00e9glementaires ?<\/h3>\n            \n            <div class=\"post-extract\">\n                <p>\n                    R\u00e9duction des intrants en viticulture : quelles solutions face [...]\n                <\/p>\n\n            <\/div>\n            \n        <\/div>\n\n    <\/a>\n<\/article><article id=\"post-1859\" class=\"post_cards loop_item\">\n\n    <a href=\"https:\/\/fytofend.com\/fr\/news\/algi-up\/\">\n        <div class=\"post-thumbnail\">\n                <img decoding=\"async\" src=\"https:\/\/fytofend.com\/wp-content\/uploads\/2025\/07\/Fermier-produits-1-1024x576.png\" alt=\"Algi-up : le biostimulant foliaire innovant pour lutter contre les stress hydriques et thermiques\" \/>\n        <\/div>\n\n        <div class=\"post-description\">\n\n            <div class=\"post-tags\">\n                <ul>\n                    <!--append js-->\n                <\/ul>\n            <\/div>\n\n            <h3>Algi-up : le biostimulant foliaire innovant pour lutter contre les stress hydriques et thermiques<\/h3>\n            \n            <div class=\"post-extract\">\n                <p>\n                    Face aux cons\u00e9quences du changement climatique, les cultures arables [...]\n                <\/p>\n\n            <\/div>\n            \n        <\/div>\n\n    <\/a>\n<\/article><article id=\"post-1695\" class=\"post_cards loop_item\">\n\n    <a href=\"https:\/\/fytofend.com\/fr\/news\/cepp-agriculture\/\">\n        <div class=\"post-thumbnail\">\n                <img decoding=\"async\" src=\"https:\/\/fytofend.com\/wp-content\/uploads\/2025\/05\/31008_large-1024x538.jpg\" alt=\"Comprendre les CEPP : un levier pour une agriculture durable\" \/>\n        <\/div>\n\n        <div class=\"post-description\">\n\n            <div class=\"post-tags\">\n                <ul>\n                    <!--append js-->\n                <\/ul>\n            <\/div>\n\n            <h3>Comprendre les CEPP : un levier pour une agriculture durable<\/h3>\n            \n            <div class=\"post-extract\">\n                <p>\n                    Les Certificats d\u2019\u00c9conomie de Produits Phytopharmaceutiques (CEPP) ont \u00e9t\u00e9 [...]\n                <\/p>\n\n            <\/div>\n            \n        <\/div>\n\n    <\/a>\n<\/article><div class=\"fd_pagination\" data-postperpage=\"10\" data-nbpost=\"33\"><ol><li class='current'><a href='?pagenb=1'>1<\/a><\/li><li class=''><a href='?pagenb=2'>2<\/a><\/li><li class=''><a href='?pagenb=3'>3<\/a><\/li><li class=''><a href='?pagenb=4'>4<\/a><\/li><\/ol><\/div><\/div><\/div><\/div><\/div>\n<\/div>\n<\/div><\/div><\/div><\/div>\n","protected":false},"excerpt":{"rendered":"","protected":false},"author":1,"featured_media":0,"parent":0,"menu_order":0,"comment_status":"closed","ping_status":"closed","template":"","meta":{"content-type":"","footnotes":""},"class_list":["post-1982","page","type-page","status-publish","hentry"],"yoast_head":"<!-- This site is optimized with the Yoast SEO plugin v27.1.1 - https:\/\/yoast.com\/product\/yoast-seo-wordpress\/ -->\n<title>Actualit\u00e9s - Fytofend<\/title>\n<meta name=\"robots\" content=\"index, follow, max-snippet:-1, max-image-preview:large, max-video-preview:-1\" \/>\n<link rel=\"canonical\" href=\"https:\/\/fytofend.com\/fr\/actualites\/\" \/>\n<meta property=\"og:locale\" content=\"fr_FR\" \/>\n<meta property=\"og:type\" content=\"article\" \/>\n<meta property=\"og:title\" content=\"Actualit\u00e9s - Fytofend\" \/>\n<meta property=\"og:url\" content=\"https:\/\/fytofend.com\/fr\/actualites\/\" \/>\n<meta property=\"og:site_name\" content=\"Fytofend\" \/>\n<meta property=\"article:modified_time\" content=\"2025-09-02T12:03:22+00:00\" \/>\n<meta name=\"twitter:card\" content=\"summary_large_image\" \/>\n<script type=\"application\/ld+json\" class=\"yoast-schema-graph\">{\"@context\":\"https:\/\/schema.org\",\"@graph\":[{\"@type\":\"WebPage\",\"@id\":\"https:\/\/fytofend.com\/fr\/actualites\/\",\"url\":\"https:\/\/fytofend.com\/fr\/actualites\/\",\"name\":\"Actualit\u00e9s - Fytofend\",\"isPartOf\":{\"@id\":\"https:\/\/fytofend.com\/fr\/#website\"},\"datePublished\":\"2022-11-21T12:07:25+00:00\",\"dateModified\":\"2025-09-02T12:03:22+00:00\",\"breadcrumb\":{\"@id\":\"https:\/\/fytofend.com\/fr\/actualites\/#breadcrumb\"},\"inLanguage\":\"fr-FR\",\"potentialAction\":[{\"@type\":\"ReadAction\",\"target\":[\"https:\/\/fytofend.com\/fr\/actualites\/\"]}]},{\"@type\":\"BreadcrumbList\",\"@id\":\"https:\/\/fytofend.com\/fr\/actualites\/#breadcrumb\",\"itemListElement\":[{\"@type\":\"ListItem\",\"position\":1,\"name\":\"Accueil\",\"item\":\"https:\/\/fytofend.com\/fr\/\"},{\"@type\":\"ListItem\",\"position\":2,\"name\":\"Actualit\u00e9s\"}]},{\"@type\":\"WebSite\",\"@id\":\"https:\/\/fytofend.com\/fr\/#website\",\"url\":\"https:\/\/fytofend.com\/fr\/\",\"name\":\"Fytofend\",\"description\":\"Leader in Plant Defence Inducers\",\"potentialAction\":[{\"@type\":\"SearchAction\",\"target\":{\"@type\":\"EntryPoint\",\"urlTemplate\":\"https:\/\/fytofend.com\/fr\/?s={search_term_string}\"},\"query-input\":{\"@type\":\"PropertyValueSpecification\",\"valueRequired\":true,\"valueName\":\"search_term_string\"}}],\"inLanguage\":\"fr-FR\"}]}<\/script>\n<!-- \/ Yoast SEO plugin. -->","yoast_head_json":{"title":"Actualit\u00e9s - Fytofend","robots":{"index":"index","follow":"follow","max-snippet":"max-snippet:-1","max-image-preview":"max-image-preview:large","max-video-preview":"max-video-preview:-1"},"canonical":"https:\/\/fytofend.com\/fr\/actualites\/","og_locale":"fr_FR","og_type":"article","og_title":"Actualit\u00e9s - Fytofend","og_url":"https:\/\/fytofend.com\/fr\/actualites\/","og_site_name":"Fytofend","article_modified_time":"2025-09-02T12:03:22+00:00","twitter_card":"summary_large_image","schema":{"@context":"https:\/\/schema.org","@graph":[{"@type":"WebPage","@id":"https:\/\/fytofend.com\/fr\/actualites\/","url":"https:\/\/fytofend.com\/fr\/actualites\/","name":"Actualit\u00e9s - Fytofend","isPartOf":{"@id":"https:\/\/fytofend.com\/fr\/#website"},"datePublished":"2022-11-21T12:07:25+00:00","dateModified":"2025-09-02T12:03:22+00:00","breadcrumb":{"@id":"https:\/\/fytofend.com\/fr\/actualites\/#breadcrumb"},"inLanguage":"fr-FR","potentialAction":[{"@type":"ReadAction","target":["https:\/\/fytofend.com\/fr\/actualites\/"]}]},{"@type":"BreadcrumbList","@id":"https:\/\/fytofend.com\/fr\/actualites\/#breadcrumb","itemListElement":[{"@type":"ListItem","position":1,"name":"Accueil","item":"https:\/\/fytofend.com\/fr\/"},{"@type":"ListItem","position":2,"name":"Actualit\u00e9s"}]},{"@type":"WebSite","@id":"https:\/\/fytofend.com\/fr\/#website","url":"https:\/\/fytofend.com\/fr\/","name":"Fytofend","description":"Leader in Plant Defence Inducers","potentialAction":[{"@type":"SearchAction","target":{"@type":"EntryPoint","urlTemplate":"https:\/\/fytofend.com\/fr\/?s={search_term_string}"},"query-input":{"@type":"PropertyValueSpecification","valueRequired":true,"valueName":"search_term_string"}}],"inLanguage":"fr-FR"}]}},"_links":{"self":[{"href":"https:\/\/fytofend.com\/fr\/wp-json\/wp\/v2\/pages\/1982","targetHints":{"allow":["GET"]}}],"collection":[{"href":"https:\/\/fytofend.com\/fr\/wp-json\/wp\/v2\/pages"}],"about":[{"href":"https:\/\/fytofend.com\/fr\/wp-json\/wp\/v2\/types\/page"}],"author":[{"embeddable":true,"href":"https:\/\/fytofend.com\/fr\/wp-json\/wp\/v2\/users\/1"}],"replies":[{"embeddable":true,"href":"https:\/\/fytofend.com\/fr\/wp-json\/wp\/v2\/comments?post=1982"}],"version-history":[{"count":1,"href":"https:\/\/fytofend.com\/fr\/wp-json\/wp\/v2\/pages\/1982\/revisions"}],"predecessor-version":[{"id":1983,"href":"https:\/\/fytofend.com\/fr\/wp-json\/wp\/v2\/pages\/1982\/revisions\/1983"}],"wp:attachment":[{"href":"https:\/\/fytofend.com\/fr\/wp-json\/wp\/v2\/media?parent=1982"}],"curies":[{"name":"wp","href":"https:\/\/api.w.org\/{rel}","templated":true}]}}