{"id":1988,"date":"2022-11-21T13:09:25","date_gmt":"2022-11-21T12:09:25","guid":{"rendered":"https:\/\/fytofend.com\/produits\/fyto-6\/"},"modified":"2025-10-09T12:06:17","modified_gmt":"2025-10-09T10:06:17","slug":"fyto-6","status":"publish","type":"page","link":"https:\/\/fytofend.com\/fr\/produits\/fyto-6\/","title":{"rendered":"Fyto-6"},"content":{"rendered":"\n<div class=\"wp-block-cover is-light\"><img loading=\"lazy\" decoding=\"async\" width=\"1702\" height=\"630\" class=\"wp-block-cover__image-background wp-image-1599\" alt=\"\" src=\"https:\/\/fytofend.com\/wp-content\/uploads\/2025\/04\/2.png\" data-object-fit=\"cover\" srcset=\"https:\/\/fytofend.com\/wp-content\/uploads\/2025\/04\/2.png 1702w, https:\/\/fytofend.com\/wp-content\/uploads\/2025\/04\/2-300x111.png 300w, https:\/\/fytofend.com\/wp-content\/uploads\/2025\/04\/2-1024x379.png 1024w, https:\/\/fytofend.com\/wp-content\/uploads\/2025\/04\/2-768x284.png 768w, https:\/\/fytofend.com\/wp-content\/uploads\/2025\/04\/2-1536x569.png 1536w\" sizes=\"auto, (max-width: 1702px) 100vw, 1702px\" \/><span aria-hidden=\"true\" class=\"wp-block-cover__background has-background-dim-10 has-background-dim\" style=\"background-color:#828e84\"><\/span><div class=\"wp-block-cover__inner-container is-layout-constrained wp-block-cover-is-layout-constrained\"><div class=\"wp-block-paragraph\">\n<p class=\"has-text-align-center has-large-font-size\"><\/p>\n<\/div><\/div><\/div>\n\n\n\n<div class=\"wp-block-fidelo-fd-page-header fd-page-header\" data-type=\"fd_block\"><div class=\"content-wrapper\"><div class=\"container\"><div class=\"wp-block-heading\">\n<h1 class=\"wp-block-heading\">Fyto-6<\/h1>\n<\/div>\n\n\n<div class=\"wp-block-fidelo-fd-breadcrumb fd-breadcrumb\" id=\"breadcrumb-wrapper\" data-type=\"fd_item\"><nav aria-label=\"Breadcrumb\" class=\"breadcrumb\"><ol itemscope=\"\" itemtype=\"http:\/\/schema.org\/BreadcrumbList\"><li itemprop=\"itemListElement\" itemscope=\"\" itemtype=\"http:\/\/schema.org\/ListItem\">\t<a itemprop=\"item\" href=\"https:\/\/fytofend.com\"><span itemprop=\"name\">Accueil<\/span><\/a>\t<meta itemprop=\"position\" content=\"0\"><\/li><li itemprop=\"itemListElement\" itemscope=\"\" itemtype=\"http:\/\/schema.org\/ListItem\"><span class='separator'>  |  <\/span>\t<a itemprop=\"item\" href=\"https:\/\/fytofend.com\/fr\/produits\/\"><span itemprop=\"name\">Produits<\/span><\/a>\t<meta itemprop=\"position\" content=\"1\"><\/li><li class=\"current\" itemprop=\"itemListElement\" itemscope=\"\" itemtype=\"http:\/\/schema.org\/ListItem\"><span class='separator'>  |  <\/span>\t<span itemprop=\"name\" title=\"Fyto-6\">Fyto-6<\/span>\t<meta itemprop=\"position\" content=\"2\"><\/li><\/ol><\/nav><\/div>\n<\/div><\/div><\/div>\n\n\n\n<div class=\"wp-block-fidelo-fd-section fd_section has-text-color has-background\" data-type=\"fd_block\" data-shape=\"default\" data-color=\"#183f2b\" data-svg=\"all\" data-fill=\"none\" data-bg-visible=\"100\" data-gradient=\"true\" style=\"color:#000000;background-color:#ffffff\"><input type=\"hidden\" class=\"cover-data-hidden\"\/><div class=\"fd_section_content\"><div class=\"container\"><div class=\"sectionwrapper\">\n<div class=\"wp-block-fidelo-fd-division-group fd_division_group\" data-type=\"fd_block\" data-padding-x=\"0\" data-padding-y=\"0\" data-radius=\"0\" data-layout=\"normal\">\n<div class=\"wp-block-media-text alignwide is-stacked-on-mobile\" style=\"grid-template-columns:49% auto\"><figure class=\"wp-block-media-text__media\"><img loading=\"lazy\" decoding=\"async\" width=\"1000\" height=\"1000\" src=\"https:\/\/fytofend.com\/wp-content\/uploads\/2025\/03\/Fyto-6-1.jpg\" alt=\"\" class=\"wp-image-1326 size-full\" srcset=\"https:\/\/fytofend.com\/wp-content\/uploads\/2025\/03\/Fyto-6-1.jpg 1000w, https:\/\/fytofend.com\/wp-content\/uploads\/2025\/03\/Fyto-6-1-300x300.jpg 300w, https:\/\/fytofend.com\/wp-content\/uploads\/2025\/03\/Fyto-6-1-150x150.jpg 150w, https:\/\/fytofend.com\/wp-content\/uploads\/2025\/03\/Fyto-6-1-768x768.jpg 768w\" sizes=\"auto, (max-width: 1000px) 100vw, 1000px\" \/><\/figure><div class=\"wp-block-media-text__content\"><div class=\"wp-block-heading\">\n<h2 class=\"wp-block-heading\"><strong>Fyto-6 : le biostimulant nouvelle g\u00e9n\u00e9ration pour les cultures ligneuses p\u00e9rennes<\/strong><\/h2>\n<\/div>\n\n<div class=\"wp-block-paragraph\">\n<p>Il s&rsquo;agit d&rsquo;un biostimulant foliaire de pointe con\u00e7u pour am\u00e9liorer la productivit\u00e9 et la vigueur des cultures en optimisant la teneur en chlorophylle. R\u00e9cemment homologu\u00e9 en Europe comme biostimulant, Fyto-6 est maintenant disponible pour toutes les cultures p\u00e9rennes ligneuses, y compris les vignobles, les fruits \u00e0 p\u00e9pins, les roses et les noisettes. <\/p>\n<\/div><\/div><\/div>\n\n\n\n<div class=\"wp-block-media-text alignwide has-media-on-the-right is-stacked-on-mobile is-image-fill-element has-dark-color has-light-background-color has-text-color has-background has-link-color wp-elements-94f183a1ae09766b7235f4d1e8b39308\"><div class=\"wp-block-media-text__content\"><div class=\"wp-block-heading\">\n<h2 class=\"wp-block-heading is-style-text-justified\"><strong>Principaux avantages de Fyto-6:<\/strong><\/h2>\n<\/div>\n\n<div class=\"wp-block-paragraph\">\n<p class=\"is-style-text-justified\"><strong>100 % naturel<\/strong> : issu d\u2019un complexe oligosaccharidique, garantissant une application s\u00fbre et durable.<\/p>\n<\/div>\n\n<div class=\"wp-block-paragraph\">\n<p><strong>Produit et d\u00e9velopp\u00e9 par Fytofend<\/strong> : un acteur de confiance et leader en biosolutions innovantes (biocontr\u00f4les et biostimulants).<\/p>\n<\/div>\n\n<div class=\"wp-block-paragraph\">\n<p><strong>Productivit\u00e9 accrue<\/strong> : augmente le rendement des cultures, en particulier dans des conditions s\u00e8ches.<\/p>\n<\/div>\n\n<div class=\"wp-block-paragraph\">\n<p><strong>Am\u00e9liore l\u2019efficacit\u00e9 de la photosynth\u00e8se<\/strong> et stimule la production d\u2019antioxydants tels que les carot\u00e9no\u00efdes et le glutathion.<\/p>\n<\/div>\n\n<div class=\"wp-block-paragraph\">\n<p><strong>Application et manipulation faciles<\/strong> : la formulation liquide permet un stockage, une manipulation, un m\u00e9lange et une application simples.<\/p>\n<\/div>\n\n<div class=\"wp-block-paragraph\">\n<p><strong>Homologu\u00e9 en agriculture biologique<\/strong> : conforme aux standards de l\u2019agriculture biologique.<\/p>\n<\/div>\n\n<div class=\"wp-block-paragraph\">\n<p><strong>Outil cl\u00e9 pour la lutte int\u00e9gr\u00e9e<\/strong> contre les <strong>ravageurs<\/strong> (IPM).<\/p>\n<\/div>\n\n<div class=\"wp-block-paragraph\">\n<p><strong>Sans r\u00e9sidus<\/strong> : ne laisse aucun r\u00e9sidu chimique, garantissant des r\u00e9coltes propres et de haute qualit\u00e9.<\/p>\n<\/div>\n\n<div class=\"wp-block-paragraph\">\n<p><strong>Biosolution robuste<\/strong> : stable \u00e0 temp\u00e9rature ambiante et insensible aux rayonnements UV ou au lessivage par la pluie.<\/p>\n<\/div><\/div><figure class=\"wp-block-media-text__media\"><img loading=\"lazy\" decoding=\"async\" width=\"1024\" height=\"745\" src=\"https:\/\/fytofend.com\/wp-content\/uploads\/2025\/03\/Design-sans-titre-14-e1740992863647-1024x745.png\" alt=\"\" class=\"wp-image-1324 size-full\" style=\"object-position:40% 50%\" srcset=\"https:\/\/fytofend.com\/wp-content\/uploads\/2025\/03\/Design-sans-titre-14-e1740992863647-1024x745.png 1024w, https:\/\/fytofend.com\/wp-content\/uploads\/2025\/03\/Design-sans-titre-14-e1740992863647-300x218.png 300w, https:\/\/fytofend.com\/wp-content\/uploads\/2025\/03\/Design-sans-titre-14-e1740992863647-768x559.png 768w, https:\/\/fytofend.com\/wp-content\/uploads\/2025\/03\/Design-sans-titre-14-e1740992863647-1536x1117.png 1536w, https:\/\/fytofend.com\/wp-content\/uploads\/2025\/03\/Design-sans-titre-14-e1740992863647-2048x1489.png 2048w\" sizes=\"auto, (max-width: 1024px) 100vw, 1024px\" \/><\/figure><\/div>\n<\/div>\n<\/div><\/div><\/div><\/div>\n\n\n\n<div class=\"wp-block-fidelo-fd-section fd_section has-text-color has-background\" data-type=\"fd_block\" data-shape=\"default\" data-color=\"#fff\" data-svg=\"all\" data-fill=\"none\" data-bg-visible=\"100\" data-gradient=\"true\" style=\"color:#000000;background-color:#ffffff\"><input type=\"hidden\" class=\"cover-data-hidden\"\/><div class=\"fd_section_content\"><div class=\"container\"><div class=\"sectionwrapper\">\n<div class=\"wp-block-fidelo-fd-division-group fd_division_group\" data-type=\"fd_block\" data-padding-x=\"0\" data-padding-y=\"0\" data-radius=\"0\" data-layout=\"normal\">\n<div class=\"wp-block-media-text is-stacked-on-mobile has-middle-light-color has-text-color has-background has-link-color wp-elements-68e94efc51e0e4ffda63281f6adbd5b3\" style=\"background-color:#183b2f;grid-template-columns:40% auto\"><figure class=\"wp-block-media-text__media\"><img loading=\"lazy\" decoding=\"async\" width=\"1024\" height=\"1024\" src=\"https:\/\/fytofend.com\/wp-content\/uploads\/2025\/03\/Design-sans-titre-17-1-1024x1024.png\" alt=\"\" class=\"wp-image-1330 size-full\" srcset=\"https:\/\/fytofend.com\/wp-content\/uploads\/2025\/03\/Design-sans-titre-17-1-1024x1024.png 1024w, https:\/\/fytofend.com\/wp-content\/uploads\/2025\/03\/Design-sans-titre-17-1-300x300.png 300w, https:\/\/fytofend.com\/wp-content\/uploads\/2025\/03\/Design-sans-titre-17-1-150x150.png 150w, https:\/\/fytofend.com\/wp-content\/uploads\/2025\/03\/Design-sans-titre-17-1-768x768.png 768w, https:\/\/fytofend.com\/wp-content\/uploads\/2025\/03\/Design-sans-titre-17-1-1536x1536.png 1536w, https:\/\/fytofend.com\/wp-content\/uploads\/2025\/03\/Design-sans-titre-17-1.png 1654w\" sizes=\"auto, (max-width: 1024px) 100vw, 1024px\" \/><\/figure><div class=\"wp-block-media-text__content\"><div class=\"wp-block-heading\">\n<h2 class=\"wp-block-heading has-text-align-left\"><strong>Mode d&rsquo;action<\/strong><\/h2>\n<\/div>\n\n<div class=\"wp-block-paragraph\">\n<p>Fyto-6 agit en am\u00e9liorant l&rsquo;efficacit\u00e9 de la photosynth\u00e8se, en optimisant le m\u00e9tabolisme du carbone et des carot\u00e9no\u00efdes et en renfor\u00e7ant l&rsquo;immunit\u00e9 des cultures par la production de m\u00e9tabolites secondaires. Cela se traduit par une meilleure sant\u00e9 des cultures, des tiges plus robustes et une r\u00e9sistance accrue au stress environnemental. <\/p>\n<\/div><\/div><\/div>\n\n\n\n<div class=\"wp-block-media-text has-media-on-the-right is-stacked-on-mobile is-image-fill-element\" style=\"grid-template-columns:auto 49%\"><div class=\"wp-block-media-text__content\"><div class=\"wp-block-heading\">\n<h3 class=\"wp-block-heading\"><strong>Performance prouv\u00e9e sur diverses cultures<\/strong><\/h3>\n<\/div>\n\n<div class=\"wp-block-paragraph\">\n<p><strong>Sur les raisins de cuve :<\/strong> <br>+10% de productivit\u00e9 (surtout en conditions s\u00e8ches)<\/p>\n<\/div>\n\n<div class=\"wp-block-paragraph\">\n<p><strong>Sur les roses :<\/strong> <br>+128% de tiges fleuries par<sup>m2<\/sup><\/p>\n<\/div>\n\n<div class=\"wp-block-paragraph\">\n<p><strong>Sur les noisettes :<\/strong> <br>+15% d&rsquo;allongement des tiges porteuses<br>+16% de teneur en chlorophylle<br>Croissance et rendement accrus.<\/p>\n<\/div>\n\n<div class=\"wp-block-paragraph\">\n<p><strong>Lignes directrices pour les candidatures<\/strong><\/p>\n<\/div>\n\n<div class=\"wp-block-paragraph\">\n<p><strong>Application<\/strong>: Pulv\u00e9risation foliaire<\/p>\n<\/div>\n\n<div class=\"wp-block-paragraph\">\n<p><strong>Dose recommand\u00e9e<\/strong>: 2-3 L\/ha \u00e0 7-10 jours d&rsquo;intervalle<\/p>\n<\/div>\n\n<div class=\"wp-block-paragraph\">\n<p><strong>Calendrier<\/strong>: Appliquez tout au long de la saison de croissance pour des r\u00e9sultats optimaux.<\/p>\n<\/div><\/div><figure class=\"wp-block-media-text__media\"><img loading=\"lazy\" decoding=\"async\" width=\"1024\" height=\"1024\" src=\"https:\/\/fytofend.com\/wp-content\/uploads\/2025\/03\/iStock-856526672-adjusted-1024x1024.jpg\" alt=\"\" class=\"wp-image-1336 size-full\" style=\"object-position:50% 50%\" srcset=\"https:\/\/fytofend.com\/wp-content\/uploads\/2025\/03\/iStock-856526672-adjusted-1024x1024.jpg 1024w, https:\/\/fytofend.com\/wp-content\/uploads\/2025\/03\/iStock-856526672-adjusted-300x300.jpg 300w, https:\/\/fytofend.com\/wp-content\/uploads\/2025\/03\/iStock-856526672-adjusted-150x150.jpg 150w, https:\/\/fytofend.com\/wp-content\/uploads\/2025\/03\/iStock-856526672-adjusted-768x768.jpg 768w, https:\/\/fytofend.com\/wp-content\/uploads\/2025\/03\/iStock-856526672-adjusted-1536x1536.jpg 1536w, https:\/\/fytofend.com\/wp-content\/uploads\/2025\/03\/iStock-856526672-adjusted-2048x2048.jpg 2048w\" sizes=\"auto, (max-width: 1024px) 100vw, 1024px\" \/><\/figure><\/div>\n<\/div>\n<\/div><\/div><\/div><\/div>\n\n\n\n<div class=\"wp-block-fidelo-fd-section fd_section has-shadow-background-color has-text-color has-background\" data-type=\"fd_block\" data-shape=\"default\" data-color=\"#fff\" data-svg=\"all\" data-fill=\"none\" data-bg-visible=\"50\" data-gradient=\"true\" style=\"color:#000000\"><input type=\"hidden\" class=\"cover-data-hidden\"\/><div class=\"fd_section_content\"><div class=\"container\"><div class=\"sectionwrapper\">\n<div class=\"wp-block-fidelo-fd-division-group fd_division_group\" data-type=\"fd_block\" data-padding-x=\"0\" data-padding-y=\"50\" data-radius=\"0\" data-layout=\"normal\">\n<div class=\"wp-block-columns are-vertically-aligned-center is-layout-flex wp-container-core-columns-is-layout-28f84493 wp-block-columns-is-layout-flex\">\n<div class=\"wp-block-column is-vertically-aligned-center is-layout-flow wp-block-column-is-layout-flow\">\n<figure class=\"wp-block-image size-full\"><img loading=\"lazy\" decoding=\"async\" width=\"500\" height=\"168\" src=\"https:\/\/fytofend.com\/wp-content\/uploads\/2025\/03\/Logos-produits-4-e1740993261235.png\" alt=\"\" class=\"wp-image-1332\" srcset=\"https:\/\/fytofend.com\/wp-content\/uploads\/2025\/03\/Logos-produits-4-e1740993261235.png 500w, https:\/\/fytofend.com\/wp-content\/uploads\/2025\/03\/Logos-produits-4-e1740993261235-300x101.png 300w\" sizes=\"auto, (max-width: 500px) 100vw, 500px\" \/><\/figure>\n<\/div>\n\n\n\n<div class=\"wp-block-column is-vertically-aligned-center is-layout-flow wp-block-column-is-layout-flow\"><div class=\"wp-block-paragraph\">\n<p class=\"has-light-color has-text-color\">Fyto-6 r\u00e9volutionne l&rsquo;industrie des biostimulants gr\u00e2ce \u00e0 sa formule naturelle, sans r\u00e9sidus et tr\u00e8s performante. Produite et d\u00e9velopp\u00e9e par Fytofend, cette solution biostimulante innovante renforce la r\u00e9sistance, la productivit\u00e9 et la sant\u00e9 globale de vos cultures. <\/p>\n<\/div>\n\n<div class=\"wp-block-paragraph\">\n<p class=\"has-light-color has-text-color has-link-color wp-elements-28250d24ed8ebc6514d7fa21f89a24f5\">Pour plus d&rsquo;informations, contactez-nous \u00e0 l&rsquo;adresse suivante <strong><a href=\"mailto:info@fytofend.com\">info@fytofend.com<\/a><\/strong>.<\/p>\n<\/div><\/div>\n<\/div>\n<\/div>\n<\/div><\/div><\/div><\/div>\n","protected":false},"excerpt":{"rendered":"","protected":false},"author":1,"featured_media":0,"parent":1986,"menu_order":0,"comment_status":"closed","ping_status":"closed","template":"","meta":{"content-type":"","footnotes":""},"class_list":["post-1988","page","type-page","status-publish","hentry"],"yoast_head":"<!-- This site is optimized with the Yoast SEO plugin v27.1.1 - https:\/\/yoast.com\/product\/yoast-seo-wordpress\/ -->\n<title>Fyto-6 - Fytofend<\/title>\n<meta name=\"description\" content=\"Fyto-6 de fytofend est un biostimulant foliaire con\u00e7u pour am\u00e9liorer la productivit\u00e9 et la vigueur g\u00e9n\u00e9rale des cultures en optimisant la teneur en chlorophylle.\" \/>\n<meta name=\"robots\" content=\"index, follow, max-snippet:-1, max-image-preview:large, max-video-preview:-1\" \/>\n<link rel=\"canonical\" href=\"https:\/\/fytofend.com\/fr\/produits\/fyto-6\/\" \/>\n<meta property=\"og:locale\" content=\"fr_FR\" \/>\n<meta property=\"og:type\" content=\"article\" \/>\n<meta property=\"og:title\" content=\"Fyto-6 - Fytofend\" \/>\n<meta property=\"og:description\" content=\"Fyto-6 de fytofend est un biostimulant foliaire con\u00e7u pour am\u00e9liorer la productivit\u00e9 et la vigueur g\u00e9n\u00e9rale des cultures en optimisant la teneur en chlorophylle.\" \/>\n<meta property=\"og:url\" content=\"https:\/\/fytofend.com\/fr\/produits\/fyto-6\/\" \/>\n<meta property=\"og:site_name\" content=\"Fytofend\" \/>\n<meta property=\"article:modified_time\" content=\"2025-10-09T10:06:17+00:00\" \/>\n<meta property=\"og:image\" content=\"https:\/\/fytofend.com\/wp-content\/uploads\/2025\/04\/2.png\" \/>\n\t<meta property=\"og:image:width\" content=\"1702\" \/>\n\t<meta property=\"og:image:height\" content=\"630\" \/>\n\t<meta property=\"og:image:type\" content=\"image\/png\" \/>\n<meta name=\"twitter:card\" content=\"summary_large_image\" \/>\n<meta name=\"twitter:label1\" content=\"Dur\u00e9e de lecture estim\u00e9e\" \/>\n\t<meta name=\"twitter:data1\" content=\"3 minutes\" \/>\n<script type=\"application\/ld+json\" class=\"yoast-schema-graph\">{\"@context\":\"https:\/\/schema.org\",\"@graph\":[{\"@type\":\"WebPage\",\"@id\":\"https:\/\/fytofend.com\/fr\/produits\/fyto-6\/\",\"url\":\"https:\/\/fytofend.com\/fr\/produits\/fyto-6\/\",\"name\":\"Fyto-6 - Fytofend\",\"isPartOf\":{\"@id\":\"https:\/\/fytofend.com\/fr\/#website\"},\"primaryImageOfPage\":{\"@id\":\"https:\/\/fytofend.com\/fr\/produits\/fyto-6\/#primaryimage\"},\"image\":{\"@id\":\"https:\/\/fytofend.com\/fr\/produits\/fyto-6\/#primaryimage\"},\"thumbnailUrl\":\"https:\/\/fytofend.com\/wp-content\/uploads\/2025\/04\/2.png\",\"datePublished\":\"2022-11-21T12:09:25+00:00\",\"dateModified\":\"2025-10-09T10:06:17+00:00\",\"description\":\"Fyto-6 de fytofend est un biostimulant foliaire con\u00e7u pour am\u00e9liorer la productivit\u00e9 et la vigueur g\u00e9n\u00e9rale des cultures en optimisant la teneur en chlorophylle.\",\"breadcrumb\":{\"@id\":\"https:\/\/fytofend.com\/fr\/produits\/fyto-6\/#breadcrumb\"},\"inLanguage\":\"fr-FR\",\"potentialAction\":[{\"@type\":\"ReadAction\",\"target\":[\"https:\/\/fytofend.com\/fr\/produits\/fyto-6\/\"]}]},{\"@type\":\"ImageObject\",\"inLanguage\":\"fr-FR\",\"@id\":\"https:\/\/fytofend.com\/fr\/produits\/fyto-6\/#primaryimage\",\"url\":\"https:\/\/fytofend.com\/wp-content\/uploads\/2025\/04\/2.png\",\"contentUrl\":\"https:\/\/fytofend.com\/wp-content\/uploads\/2025\/04\/2.png\"},{\"@type\":\"BreadcrumbList\",\"@id\":\"https:\/\/fytofend.com\/fr\/produits\/fyto-6\/#breadcrumb\",\"itemListElement\":[{\"@type\":\"ListItem\",\"position\":1,\"name\":\"Accueil\",\"item\":\"https:\/\/fytofend.com\/fr\/\"},{\"@type\":\"ListItem\",\"position\":2,\"name\":\"Produits\",\"item\":\"https:\/\/fytofend.com\/fr\/produits\/\"},{\"@type\":\"ListItem\",\"position\":3,\"name\":\"Fyto-6\"}]},{\"@type\":\"WebSite\",\"@id\":\"https:\/\/fytofend.com\/fr\/#website\",\"url\":\"https:\/\/fytofend.com\/fr\/\",\"name\":\"Fytofend\",\"description\":\"Leader in Plant Defence Inducers\",\"potentialAction\":[{\"@type\":\"SearchAction\",\"target\":{\"@type\":\"EntryPoint\",\"urlTemplate\":\"https:\/\/fytofend.com\/fr\/?s={search_term_string}\"},\"query-input\":{\"@type\":\"PropertyValueSpecification\",\"valueRequired\":true,\"valueName\":\"search_term_string\"}}],\"inLanguage\":\"fr-FR\"}]}<\/script>\n<!-- \/ Yoast SEO plugin. -->","yoast_head_json":{"title":"Fyto-6 - Fytofend","description":"Fyto-6 de fytofend est un biostimulant foliaire con\u00e7u pour am\u00e9liorer la productivit\u00e9 et la vigueur g\u00e9n\u00e9rale des cultures en optimisant la teneur en chlorophylle.","robots":{"index":"index","follow":"follow","max-snippet":"max-snippet:-1","max-image-preview":"max-image-preview:large","max-video-preview":"max-video-preview:-1"},"canonical":"https:\/\/fytofend.com\/fr\/produits\/fyto-6\/","og_locale":"fr_FR","og_type":"article","og_title":"Fyto-6 - Fytofend","og_description":"Fyto-6 de fytofend est un biostimulant foliaire con\u00e7u pour am\u00e9liorer la productivit\u00e9 et la vigueur g\u00e9n\u00e9rale des cultures en optimisant la teneur en chlorophylle.","og_url":"https:\/\/fytofend.com\/fr\/produits\/fyto-6\/","og_site_name":"Fytofend","article_modified_time":"2025-10-09T10:06:17+00:00","og_image":[{"width":1702,"height":630,"url":"https:\/\/fytofend.com\/wp-content\/uploads\/2025\/04\/2.png","type":"image\/png"}],"twitter_card":"summary_large_image","twitter_misc":{"Dur\u00e9e de lecture estim\u00e9e":"3 minutes"},"schema":{"@context":"https:\/\/schema.org","@graph":[{"@type":"WebPage","@id":"https:\/\/fytofend.com\/fr\/produits\/fyto-6\/","url":"https:\/\/fytofend.com\/fr\/produits\/fyto-6\/","name":"Fyto-6 - Fytofend","isPartOf":{"@id":"https:\/\/fytofend.com\/fr\/#website"},"primaryImageOfPage":{"@id":"https:\/\/fytofend.com\/fr\/produits\/fyto-6\/#primaryimage"},"image":{"@id":"https:\/\/fytofend.com\/fr\/produits\/fyto-6\/#primaryimage"},"thumbnailUrl":"https:\/\/fytofend.com\/wp-content\/uploads\/2025\/04\/2.png","datePublished":"2022-11-21T12:09:25+00:00","dateModified":"2025-10-09T10:06:17+00:00","description":"Fyto-6 de fytofend est un biostimulant foliaire con\u00e7u pour am\u00e9liorer la productivit\u00e9 et la vigueur g\u00e9n\u00e9rale des cultures en optimisant la teneur en chlorophylle.","breadcrumb":{"@id":"https:\/\/fytofend.com\/fr\/produits\/fyto-6\/#breadcrumb"},"inLanguage":"fr-FR","potentialAction":[{"@type":"ReadAction","target":["https:\/\/fytofend.com\/fr\/produits\/fyto-6\/"]}]},{"@type":"ImageObject","inLanguage":"fr-FR","@id":"https:\/\/fytofend.com\/fr\/produits\/fyto-6\/#primaryimage","url":"https:\/\/fytofend.com\/wp-content\/uploads\/2025\/04\/2.png","contentUrl":"https:\/\/fytofend.com\/wp-content\/uploads\/2025\/04\/2.png"},{"@type":"BreadcrumbList","@id":"https:\/\/fytofend.com\/fr\/produits\/fyto-6\/#breadcrumb","itemListElement":[{"@type":"ListItem","position":1,"name":"Accueil","item":"https:\/\/fytofend.com\/fr\/"},{"@type":"ListItem","position":2,"name":"Produits","item":"https:\/\/fytofend.com\/fr\/produits\/"},{"@type":"ListItem","position":3,"name":"Fyto-6"}]},{"@type":"WebSite","@id":"https:\/\/fytofend.com\/fr\/#website","url":"https:\/\/fytofend.com\/fr\/","name":"Fytofend","description":"Leader in Plant Defence Inducers","potentialAction":[{"@type":"SearchAction","target":{"@type":"EntryPoint","urlTemplate":"https:\/\/fytofend.com\/fr\/?s={search_term_string}"},"query-input":{"@type":"PropertyValueSpecification","valueRequired":true,"valueName":"search_term_string"}}],"inLanguage":"fr-FR"}]}},"_links":{"self":[{"href":"https:\/\/fytofend.com\/fr\/wp-json\/wp\/v2\/pages\/1988","targetHints":{"allow":["GET"]}}],"collection":[{"href":"https:\/\/fytofend.com\/fr\/wp-json\/wp\/v2\/pages"}],"about":[{"href":"https:\/\/fytofend.com\/fr\/wp-json\/wp\/v2\/types\/page"}],"author":[{"embeddable":true,"href":"https:\/\/fytofend.com\/fr\/wp-json\/wp\/v2\/users\/1"}],"replies":[{"embeddable":true,"href":"https:\/\/fytofend.com\/fr\/wp-json\/wp\/v2\/comments?post=1988"}],"version-history":[{"count":17,"href":"https:\/\/fytofend.com\/fr\/wp-json\/wp\/v2\/pages\/1988\/revisions"}],"predecessor-version":[{"id":2102,"href":"https:\/\/fytofend.com\/fr\/wp-json\/wp\/v2\/pages\/1988\/revisions\/2102"}],"up":[{"embeddable":true,"href":"https:\/\/fytofend.com\/fr\/wp-json\/wp\/v2\/pages\/1986"}],"wp:attachment":[{"href":"https:\/\/fytofend.com\/fr\/wp-json\/wp\/v2\/media?parent=1988"}],"curies":[{"name":"wp","href":"https:\/\/api.w.org\/{rel}","templated":true}]}}