{"id":1991,"date":"2025-06-02T11:15:30","date_gmt":"2025-06-02T09:15:30","guid":{"rendered":"https:\/\/fytofend.com\/produits\/fyto-8\/"},"modified":"2025-09-02T14:01:38","modified_gmt":"2025-09-02T12:01:38","slug":"fyto-8","status":"publish","type":"page","link":"https:\/\/fytofend.com\/fr\/produits\/fyto-8\/","title":{"rendered":"Fyto-8"},"content":{"rendered":"\n<figure class=\"wp-block-image alignfull size-full\"><img loading=\"lazy\" decoding=\"async\" width=\"851\" height=\"315\" src=\"https:\/\/fytofend.com\/wp-content\/uploads\/2025\/05\/cover-web.png\" alt=\"\" class=\"wp-image-1719\" srcset=\"https:\/\/fytofend.com\/wp-content\/uploads\/2025\/05\/cover-web.png 851w, https:\/\/fytofend.com\/wp-content\/uploads\/2025\/05\/cover-web-300x111.png 300w, https:\/\/fytofend.com\/wp-content\/uploads\/2025\/05\/cover-web-768x284.png 768w\" sizes=\"auto, (max-width: 851px) 100vw, 851px\" \/><\/figure>\n\n<div class=\"wp-block-media-text has-media-on-the-right is-stacked-on-mobile\" style=\"padding-top:0;padding-right:0;padding-bottom:0;padding-left:0;grid-template-columns:auto 46%\"><div class=\"wp-block-media-text__content\"><div class=\"wp-block-heading\">\n<h1 class=\"wp-block-heading\"><br\/>Fyto-8 : biostimulant foliaire naturel pour augmenter la chlorophylle, la vigueur et le rendement des cultures<\/h1>\n<\/div>\n\n<div class=\"wp-block-paragraph\">\n<p style=\"margin-top:0;margin-bottom:0;line-height:1.6\"><strong>Fyto-8<\/strong> est un <strong>biostimulant<\/strong> innovant d\u00e9velopp\u00e9 par <a href=\"\/fr\/?page_id=1960\">Fytofend<\/a>, bas\u00e9 sur des compos\u00e9s oligosaccharidiques. D\u00e9riv\u00e9 de la solution de biocontr\u00f4le Fytosol, Fyto-8 a \u00e9t\u00e9 sp\u00e9cialement con\u00e7u pour <strong>augmenter la teneur en chlorophylle<\/strong> et <strong>accro\u00eetre la vigueur et la productivit\u00e9 des cultures<\/strong> gr\u00e2ce \u00e0 une stimulation pr\u00e9ventive de leurs m\u00e9canismes de d\u00e9fense naturels.<\/p>\n<\/div><\/div><figure class=\"wp-block-media-text__media\"><img loading=\"lazy\" decoding=\"async\" width=\"500\" height=\"200\" src=\"https:\/\/fytofend.com\/wp-content\/uploads\/2025\/05\/Logos-produits-12-e1748423540629.png\" alt=\"\" class=\"wp-image-1715 size-full\" srcset=\"https:\/\/fytofend.com\/wp-content\/uploads\/2025\/05\/Logos-produits-12-e1748423540629.png 500w, https:\/\/fytofend.com\/wp-content\/uploads\/2025\/05\/Logos-produits-12-e1748423540629-300x120.png 300w\" sizes=\"auto, (max-width: 500px) 100vw, 500px\" \/><\/figure><\/div>\n\n<div class=\"wp-block-media-text is-stacked-on-mobile is-image-fill-element\" style=\"grid-template-columns:45% auto\"><figure class=\"wp-block-media-text__media\"><img loading=\"lazy\" decoding=\"async\" width=\"1024\" height=\"683\" src=\"https:\/\/fytofend.com\/wp-content\/uploads\/2025\/06\/20250528_1539_Fresh-Farm-Harvest_remix_01jwbhssbcfp5vmy3h5jd54ahy-1024x683.png\" alt=\"Fyto-8, agriculteur tenant des l\u00e9gumes.  \" class=\"wp-image-1766 size-full\" style=\"object-position:50% 50%\" srcset=\"https:\/\/fytofend.com\/wp-content\/uploads\/2025\/06\/20250528_1539_Fresh-Farm-Harvest_remix_01jwbhssbcfp5vmy3h5jd54ahy-1024x683.png 1024w, https:\/\/fytofend.com\/wp-content\/uploads\/2025\/06\/20250528_1539_Fresh-Farm-Harvest_remix_01jwbhssbcfp5vmy3h5jd54ahy-300x200.png 300w, https:\/\/fytofend.com\/wp-content\/uploads\/2025\/06\/20250528_1539_Fresh-Farm-Harvest_remix_01jwbhssbcfp5vmy3h5jd54ahy-768x512.png 768w, https:\/\/fytofend.com\/wp-content\/uploads\/2025\/06\/20250528_1539_Fresh-Farm-Harvest_remix_01jwbhssbcfp5vmy3h5jd54ahy.png 1536w\" sizes=\"auto, (max-width: 1024px) 100vw, 1024px\" \/><\/figure><div class=\"wp-block-media-text__content\"><div class=\"wp-block-heading\">\n<h2 class=\"wp-block-heading\">Principaux avantages de Fyto-8<\/h2>\n<\/div>\n\n<div class=\"wp-block-paragraph\">\n<p class=\"has-text-align-left\"><strong>Bas\u00e9 sur une technologie brevet\u00e9e et valid\u00e9e par les universit\u00e9s : l<\/strong>&lsquo;efficacit\u00e9 est \u00e9tay\u00e9e par une validation scientifique \u00e9valu\u00e9e par des pairs et par une innovation brevet\u00e9e.<\/p>\n<\/div>\n\n<div class=\"wp-block-paragraph\">\n<p><strong>Am\u00e9liore l&rsquo;activit\u00e9 photosynth\u00e9tique :<\/strong> les compos\u00e9s oligosaccharidiques favorisent la fonction chlorophyllienne et la production d&rsquo;\u00e9nergie, contribuant ainsi \u00e0 am\u00e9liorer la vigueur des plantes et le d\u00e9veloppement de la biomasse.<\/p>\n<\/div>\n\n<div class=\"wp-block-paragraph\">\n<p><strong>Renforce l&rsquo;immunit\u00e9 des plantes :<\/strong> il renforce la r\u00e9ponse immunitaire inn\u00e9e de la plante, en particulier sur les tissus sains, ce qui permet aux cultures de se d\u00e9fendre de mani\u00e8re proactive avant qu&rsquo;un stress visible n&rsquo;apparaisse.<\/p>\n<\/div>\n\n<div class=\"wp-block-paragraph\">\n<p><strong>Conforme aux normes biologiques et aux normes \u00ab\u00a0z\u00e9ro r\u00e9sidu\u00a0\u00bb : il peut \u00eatre utilis\u00e9 dans le cadre de pratiques agricoles durables o\u00f9 les intrants chimiques sont r\u00e9duits au minimum.<\/strong><\/p>\n<\/div><\/div><\/div>\n\n<div class=\"wp-block-media-text is-stacked-on-mobile has-primary-background-color has-background\"><figure class=\"wp-block-media-text__media\"><img loading=\"lazy\" decoding=\"async\" width=\"737\" height=\"352\" src=\"https:\/\/fytofend.com\/wp-content\/uploads\/2025\/06\/Fichier-excell-2.png\" alt=\"\" class=\"wp-image-1790 size-full\" srcset=\"https:\/\/fytofend.com\/wp-content\/uploads\/2025\/06\/Fichier-excell-2.png 737w, https:\/\/fytofend.com\/wp-content\/uploads\/2025\/06\/Fichier-excell-2-300x143.png 300w\" sizes=\"auto, (max-width: 737px) 100vw, 737px\" \/><\/figure><div class=\"wp-block-media-text__content\"><div class=\"wp-block-paragraph\">\n<p class=\"has-middle-light-color has-text-color has-link-color wp-elements-b7a3f8d8f5dc6b2cd8d89fac42ffb08a\">R\u00e9sultats :<\/p>\n<\/div>\n\n<div class=\"wp-block-paragraph\">\n<p class=\"has-middle-light-color has-text-color has-link-color wp-elements-ba77345b36ab3202bef6d61f4de5b155\">Teneur en chlorophylle des feuilles de tomate, Varna (Bulgarie), essai GEP<br\/><br\/>&#8211; +83% par rapport \u00e0 l&rsquo;UTC<\/p>\n<\/div><\/div><\/div>\n\n<div class=\"wp-block-cover\"><img loading=\"lazy\" decoding=\"async\" width=\"1024\" height=\"683\" class=\"wp-block-cover__image-background wp-image-57\" alt=\"\" src=\"https:\/\/fytofend.com\/wp-content\/uploads\/2022\/11\/pexels-kaboompics-com-5808-1-1024x683.jpg\" data-object-fit=\"cover\" srcset=\"https:\/\/fytofend.com\/wp-content\/uploads\/2022\/11\/pexels-kaboompics-com-5808-1-1024x683.jpg 1024w, https:\/\/fytofend.com\/wp-content\/uploads\/2022\/11\/pexels-kaboompics-com-5808-1-300x200.jpg 300w, https:\/\/fytofend.com\/wp-content\/uploads\/2022\/11\/pexels-kaboompics-com-5808-1-768x512.jpg 768w, https:\/\/fytofend.com\/wp-content\/uploads\/2022\/11\/pexels-kaboompics-com-5808-1-1536x1024.jpg 1536w, https:\/\/fytofend.com\/wp-content\/uploads\/2022\/11\/pexels-kaboompics-com-5808-1.jpg 1920w\" sizes=\"auto, (max-width: 1024px) 100vw, 1024px\" \/><span aria-hidden=\"true\" class=\"wp-block-cover__background has-background-dim\"><\/span><div class=\"wp-block-cover__inner-container is-layout-flow wp-block-cover-is-layout-flow\">\n<div class=\"wp-block-media-text is-stacked-on-mobile\" style=\"grid-template-columns:40% auto\"><figure class=\"wp-block-media-text__media\"><img loading=\"lazy\" decoding=\"async\" width=\"500\" height=\"500\" src=\"https:\/\/fytofend.com\/wp-content\/uploads\/2025\/05\/Logos-produits-10.png\" alt=\"\" class=\"wp-image-1744 size-full\" srcset=\"https:\/\/fytofend.com\/wp-content\/uploads\/2025\/05\/Logos-produits-10.png 500w, https:\/\/fytofend.com\/wp-content\/uploads\/2025\/05\/Logos-produits-10-300x300.png 300w, https:\/\/fytofend.com\/wp-content\/uploads\/2025\/05\/Logos-produits-10-150x150.png 150w\" sizes=\"auto, (max-width: 500px) 100vw, 500px\" \/><\/figure><div class=\"wp-block-media-text__content\"><div class=\"wp-block-paragraph\">\n<p class=\"has-middle-light-color has-text-color has-link-color wp-elements-e1fdac3c1d7e515b3ec988eeeab49504\">Il s&rsquo;agit d&rsquo;un <strong>biostimulant<\/strong> innovant d\u00e9velopp\u00e9 par <a href=\"\/fr\/?page_id=1960\">Fytofend<\/a>,<\/p>\n<\/div>\n\n<div class=\"wp-block-paragraph\">\n<p>\u00e0 base de compos\u00e9s d&rsquo;oligosaccharides<\/p>\n<\/div>\n\n<div class=\"wp-block-paragraph\">\n<p class=\"has-middle-light-color has-text-color has-link-color wp-elements-93821d1769caeeb8541ebe7b3e71324c\">Pour plus d&rsquo;informations, contactez-nous \u00e0 l&rsquo;adresse suivante <strong><a href=\"mailto:info@fytofend.com\">info@fytofend.com<\/a><\/strong>.<\/p>\n<\/div><\/div><\/div>\n<\/div><\/div>\n","protected":false},"excerpt":{"rendered":"<p>Fyto-8 : biostimulant foliaire naturel pour augmenter la chlorophylle, la vigueur et le rendement des cultures Fyto-8 est un biostimulant innovant d\u00e9velopp\u00e9 par Fytofend, bas\u00e9 sur des compos\u00e9s oligosaccharidiques. D\u00e9riv\u00e9 de la solution de biocontr\u00f4le Fytosol, Fyto-8 a \u00e9t\u00e9 sp\u00e9cialement con\u00e7u pour augmenter la teneur en chlorophylle et accro\u00eetre la vigueur et la productivit\u00e9 des [&hellip;]<\/p>\n","protected":false},"author":6,"featured_media":0,"parent":1986,"menu_order":0,"comment_status":"closed","ping_status":"closed","template":"","meta":{"content-type":"","footnotes":""},"class_list":["post-1991","page","type-page","status-publish","hentry"],"yoast_head":"<!-- This site is optimized with the Yoast SEO plugin v27.1.1 - https:\/\/yoast.com\/product\/yoast-seo-wordpress\/ -->\n<title>Fyto-8 %sepsitename%% %.<\/title>\n<meta name=\"description\" content=\"Fyto-8 augmente la chlorophylle et accro\u00eet la vigueur et la productivit\u00e9 des cultures gr\u00e2ce \u00e0 une stimulation pr\u00e9ventive de leurs m\u00e9canismes de d\u00e9fense naturels.\" \/>\n<meta name=\"robots\" content=\"index, follow, max-snippet:-1, max-image-preview:large, max-video-preview:-1\" \/>\n<link rel=\"canonical\" href=\"https:\/\/fytofend.com\/fr\/produits\/fyto-8\/\" \/>\n<meta property=\"og:locale\" content=\"fr_FR\" \/>\n<meta property=\"og:type\" content=\"article\" \/>\n<meta property=\"og:title\" content=\"Fyto-8 %sepsitename%% %.\" \/>\n<meta property=\"og:description\" content=\"Fyto-8 augmente la chlorophylle et accro\u00eet la vigueur et la productivit\u00e9 des cultures gr\u00e2ce \u00e0 une stimulation pr\u00e9ventive de leurs m\u00e9canismes de d\u00e9fense naturels.\" \/>\n<meta property=\"og:url\" content=\"https:\/\/fytofend.com\/fr\/produits\/fyto-8\/\" \/>\n<meta property=\"og:site_name\" content=\"Fytofend\" \/>\n<meta property=\"article:modified_time\" content=\"2025-09-02T12:01:38+00:00\" \/>\n<meta property=\"og:image\" content=\"https:\/\/fytofend.com\/wp-content\/uploads\/2025\/05\/cover-web.png\" \/>\n\t<meta property=\"og:image:width\" content=\"851\" \/>\n\t<meta property=\"og:image:height\" content=\"315\" \/>\n\t<meta property=\"og:image:type\" content=\"image\/png\" \/>\n<meta name=\"twitter:card\" content=\"summary_large_image\" \/>\n<meta name=\"twitter:label1\" content=\"Dur\u00e9e de lecture estim\u00e9e\" \/>\n\t<meta name=\"twitter:data1\" content=\"3 minutes\" \/>\n<script type=\"application\/ld+json\" class=\"yoast-schema-graph\">{\"@context\":\"https:\/\/schema.org\",\"@graph\":[{\"@type\":\"WebPage\",\"@id\":\"https:\/\/fytofend.com\/fr\/produits\/fyto-8\/\",\"url\":\"https:\/\/fytofend.com\/fr\/produits\/fyto-8\/\",\"name\":\"Fyto-8 %sepsitename%% %.\",\"isPartOf\":{\"@id\":\"https:\/\/fytofend.com\/fr\/#website\"},\"primaryImageOfPage\":{\"@id\":\"https:\/\/fytofend.com\/fr\/produits\/fyto-8\/#primaryimage\"},\"image\":{\"@id\":\"https:\/\/fytofend.com\/fr\/produits\/fyto-8\/#primaryimage\"},\"thumbnailUrl\":\"https:\/\/fytofend.com\/wp-content\/uploads\/2025\/05\/cover-web.png\",\"datePublished\":\"2025-06-02T09:15:30+00:00\",\"dateModified\":\"2025-09-02T12:01:38+00:00\",\"description\":\"Fyto-8 augmente la chlorophylle et accro\u00eet la vigueur et la productivit\u00e9 des cultures gr\u00e2ce \u00e0 une stimulation pr\u00e9ventive de leurs m\u00e9canismes de d\u00e9fense naturels.\",\"breadcrumb\":{\"@id\":\"https:\/\/fytofend.com\/fr\/produits\/fyto-8\/#breadcrumb\"},\"inLanguage\":\"fr-FR\",\"potentialAction\":[{\"@type\":\"ReadAction\",\"target\":[\"https:\/\/fytofend.com\/fr\/produits\/fyto-8\/\"]}]},{\"@type\":\"ImageObject\",\"inLanguage\":\"fr-FR\",\"@id\":\"https:\/\/fytofend.com\/fr\/produits\/fyto-8\/#primaryimage\",\"url\":\"https:\/\/fytofend.com\/wp-content\/uploads\/2025\/05\/cover-web.png\",\"contentUrl\":\"https:\/\/fytofend.com\/wp-content\/uploads\/2025\/05\/cover-web.png\"},{\"@type\":\"BreadcrumbList\",\"@id\":\"https:\/\/fytofend.com\/fr\/produits\/fyto-8\/#breadcrumb\",\"itemListElement\":[{\"@type\":\"ListItem\",\"position\":1,\"name\":\"Accueil\",\"item\":\"https:\/\/fytofend.com\/fr\/\"},{\"@type\":\"ListItem\",\"position\":2,\"name\":\"Produits\",\"item\":\"https:\/\/fytofend.com\/fr\/produits\/\"},{\"@type\":\"ListItem\",\"position\":3,\"name\":\"Fyto-8\"}]},{\"@type\":\"WebSite\",\"@id\":\"https:\/\/fytofend.com\/fr\/#website\",\"url\":\"https:\/\/fytofend.com\/fr\/\",\"name\":\"Fytofend\",\"description\":\"Leader in Plant Defence Inducers\",\"potentialAction\":[{\"@type\":\"SearchAction\",\"target\":{\"@type\":\"EntryPoint\",\"urlTemplate\":\"https:\/\/fytofend.com\/fr\/?s={search_term_string}\"},\"query-input\":{\"@type\":\"PropertyValueSpecification\",\"valueRequired\":true,\"valueName\":\"search_term_string\"}}],\"inLanguage\":\"fr-FR\"}]}<\/script>\n<!-- \/ Yoast SEO plugin. -->","yoast_head_json":{"title":"Fyto-8 %sepsitename%% %.","description":"Fyto-8 augmente la chlorophylle et accro\u00eet la vigueur et la productivit\u00e9 des cultures gr\u00e2ce \u00e0 une stimulation pr\u00e9ventive de leurs m\u00e9canismes de d\u00e9fense naturels.","robots":{"index":"index","follow":"follow","max-snippet":"max-snippet:-1","max-image-preview":"max-image-preview:large","max-video-preview":"max-video-preview:-1"},"canonical":"https:\/\/fytofend.com\/fr\/produits\/fyto-8\/","og_locale":"fr_FR","og_type":"article","og_title":"Fyto-8 %sepsitename%% %.","og_description":"Fyto-8 augmente la chlorophylle et accro\u00eet la vigueur et la productivit\u00e9 des cultures gr\u00e2ce \u00e0 une stimulation pr\u00e9ventive de leurs m\u00e9canismes de d\u00e9fense naturels.","og_url":"https:\/\/fytofend.com\/fr\/produits\/fyto-8\/","og_site_name":"Fytofend","article_modified_time":"2025-09-02T12:01:38+00:00","og_image":[{"width":851,"height":315,"url":"https:\/\/fytofend.com\/wp-content\/uploads\/2025\/05\/cover-web.png","type":"image\/png"}],"twitter_card":"summary_large_image","twitter_misc":{"Dur\u00e9e de lecture estim\u00e9e":"3 minutes"},"schema":{"@context":"https:\/\/schema.org","@graph":[{"@type":"WebPage","@id":"https:\/\/fytofend.com\/fr\/produits\/fyto-8\/","url":"https:\/\/fytofend.com\/fr\/produits\/fyto-8\/","name":"Fyto-8 %sepsitename%% %.","isPartOf":{"@id":"https:\/\/fytofend.com\/fr\/#website"},"primaryImageOfPage":{"@id":"https:\/\/fytofend.com\/fr\/produits\/fyto-8\/#primaryimage"},"image":{"@id":"https:\/\/fytofend.com\/fr\/produits\/fyto-8\/#primaryimage"},"thumbnailUrl":"https:\/\/fytofend.com\/wp-content\/uploads\/2025\/05\/cover-web.png","datePublished":"2025-06-02T09:15:30+00:00","dateModified":"2025-09-02T12:01:38+00:00","description":"Fyto-8 augmente la chlorophylle et accro\u00eet la vigueur et la productivit\u00e9 des cultures gr\u00e2ce \u00e0 une stimulation pr\u00e9ventive de leurs m\u00e9canismes de d\u00e9fense naturels.","breadcrumb":{"@id":"https:\/\/fytofend.com\/fr\/produits\/fyto-8\/#breadcrumb"},"inLanguage":"fr-FR","potentialAction":[{"@type":"ReadAction","target":["https:\/\/fytofend.com\/fr\/produits\/fyto-8\/"]}]},{"@type":"ImageObject","inLanguage":"fr-FR","@id":"https:\/\/fytofend.com\/fr\/produits\/fyto-8\/#primaryimage","url":"https:\/\/fytofend.com\/wp-content\/uploads\/2025\/05\/cover-web.png","contentUrl":"https:\/\/fytofend.com\/wp-content\/uploads\/2025\/05\/cover-web.png"},{"@type":"BreadcrumbList","@id":"https:\/\/fytofend.com\/fr\/produits\/fyto-8\/#breadcrumb","itemListElement":[{"@type":"ListItem","position":1,"name":"Accueil","item":"https:\/\/fytofend.com\/fr\/"},{"@type":"ListItem","position":2,"name":"Produits","item":"https:\/\/fytofend.com\/fr\/produits\/"},{"@type":"ListItem","position":3,"name":"Fyto-8"}]},{"@type":"WebSite","@id":"https:\/\/fytofend.com\/fr\/#website","url":"https:\/\/fytofend.com\/fr\/","name":"Fytofend","description":"Leader in Plant Defence Inducers","potentialAction":[{"@type":"SearchAction","target":{"@type":"EntryPoint","urlTemplate":"https:\/\/fytofend.com\/fr\/?s={search_term_string}"},"query-input":{"@type":"PropertyValueSpecification","valueRequired":true,"valueName":"search_term_string"}}],"inLanguage":"fr-FR"}]}},"_links":{"self":[{"href":"https:\/\/fytofend.com\/fr\/wp-json\/wp\/v2\/pages\/1991","targetHints":{"allow":["GET"]}}],"collection":[{"href":"https:\/\/fytofend.com\/fr\/wp-json\/wp\/v2\/pages"}],"about":[{"href":"https:\/\/fytofend.com\/fr\/wp-json\/wp\/v2\/types\/page"}],"author":[{"embeddable":true,"href":"https:\/\/fytofend.com\/fr\/wp-json\/wp\/v2\/users\/6"}],"replies":[{"embeddable":true,"href":"https:\/\/fytofend.com\/fr\/wp-json\/wp\/v2\/comments?post=1991"}],"version-history":[{"count":2,"href":"https:\/\/fytofend.com\/fr\/wp-json\/wp\/v2\/pages\/1991\/revisions"}],"predecessor-version":[{"id":2020,"href":"https:\/\/fytofend.com\/fr\/wp-json\/wp\/v2\/pages\/1991\/revisions\/2020"}],"up":[{"embeddable":true,"href":"https:\/\/fytofend.com\/fr\/wp-json\/wp\/v2\/pages\/1986"}],"wp:attachment":[{"href":"https:\/\/fytofend.com\/fr\/wp-json\/wp\/v2\/media?parent=1991"}],"curies":[{"name":"wp","href":"https:\/\/api.w.org\/{rel}","templated":true}]}}