{"id":1995,"date":"2022-11-21T13:10:32","date_gmt":"2022-11-21T12:10:32","guid":{"rendered":"https:\/\/fytofend.com\/produits\/fytosol\/"},"modified":"2025-09-03T14:06:27","modified_gmt":"2025-09-03T12:06:27","slug":"fytosol","status":"publish","type":"page","link":"https:\/\/fytofend.com\/fr\/produits\/fytosol\/","title":{"rendered":"FytoSol"},"content":{"rendered":"\n<figure class=\"wp-block-image\"><img loading=\"lazy\" decoding=\"async\" width=\"1702\" height=\"630\" src=\"https:\/\/fytofend.com\/wp-content\/uploads\/2025\/04\/3.png\" alt=\"\" class=\"wp-image-1593\" srcset=\"https:\/\/fytofend.com\/wp-content\/uploads\/2025\/04\/3.png 1702w, https:\/\/fytofend.com\/wp-content\/uploads\/2025\/04\/3-300x111.png 300w, https:\/\/fytofend.com\/wp-content\/uploads\/2025\/04\/3-1024x379.png 1024w, https:\/\/fytofend.com\/wp-content\/uploads\/2025\/04\/3-768x284.png 768w, https:\/\/fytofend.com\/wp-content\/uploads\/2025\/04\/3-1536x569.png 1536w\" sizes=\"auto, (max-width: 1702px) 100vw, 1702px\" \/><\/figure>\n\n\n\n<div class=\"wp-block-fidelo-fd-page-header fd-page-header\" data-type=\"fd_block\"><div class=\"content-wrapper\"><div class=\"container\">\n<div class=\"wp-block-fidelo-fd-breadcrumb fd-breadcrumb\" id=\"breadcrumb-wrapper\" data-type=\"fd_item\"><nav aria-label=\"Breadcrumb\" class=\"breadcrumb\"><ol itemscope=\"\" itemtype=\"http:\/\/schema.org\/BreadcrumbList\"><li itemprop=\"itemListElement\" itemscope=\"\" itemtype=\"http:\/\/schema.org\/ListItem\">\t<a itemprop=\"item\" href=\"https:\/\/fytofend.com\"><span itemprop=\"name\">Accueil<\/span><\/a>\t<meta itemprop=\"position\" content=\"0\"><\/li><li itemprop=\"itemListElement\" itemscope=\"\" itemtype=\"http:\/\/schema.org\/ListItem\"><span class='separator'>  |  <\/span>\t<a itemprop=\"item\" href=\"https:\/\/fytofend.com\/fr\/produits\/\"><span itemprop=\"name\">Produits<\/span><\/a>\t<meta itemprop=\"position\" content=\"1\"><\/li><li class=\"current\" itemprop=\"itemListElement\" itemscope=\"\" itemtype=\"http:\/\/schema.org\/ListItem\"><span class='separator'>  |  <\/span>\t<span itemprop=\"name\" title=\"FytoSol\">FytoSol<\/span>\t<meta itemprop=\"position\" content=\"2\"><\/li><\/ol><\/nav><\/div>\n\n\n<div class=\"wp-block-heading\">\n<h1 class=\"wp-block-heading\"><strong>FytoSol<\/strong><br><strong>Inducteur de d\u00e9fense des plantes de biocontr\u00f4le pour une protection naturelle contre le mildiou de la pomme de terre<\/strong><\/h1>\n<\/div><\/div><\/div><\/div>\n\n\n\n<div class=\"wp-block-columns is-layout-flex wp-container-core-columns-is-layout-28f84493 wp-block-columns-is-layout-flex\">\n<div class=\"wp-block-column is-layout-flow wp-block-column-is-layout-flow\"><div class=\"wp-block-heading\">\n<h3 class=\"wp-block-heading is-style-text-justified\"><strong>Stimule les d\u00e9fenses naturelles de la plante gr\u00e2ce \u00e0 la technologie innovante COS-OGA<\/strong><\/h3>\n<\/div>\n\n<div class=\"wp-block-paragraph\">\n<p class=\"is-style-text-justified\">Fytosol\u00ae est un inducteur de d\u00e9fense des plantes de biocontr\u00f4le de nouvelle g\u00e9n\u00e9ration d\u00e9velopp\u00e9 par <a href=\"\/fr\/?page_id=1960\">FytoFend<\/a> en tant que biosolution pour prot\u00e9ger les cultures de pommes de terre contre le mildiou<em>(Phytophthora infestans<\/em>). Il renforce l&rsquo;immunit\u00e9 des plantes de mani\u00e8re naturelle et s\u00fbre, gr\u00e2ce \u00e0 une formule brevet\u00e9e \u00e0 base de COS-OGA. <\/p>\n<\/div><\/div>\n\n\n\n<div class=\"wp-block-column is-layout-flow wp-block-column-is-layout-flow\">\n<figure class=\"wp-block-image size-full\"><img loading=\"lazy\" decoding=\"async\" width=\"870\" height=\"328\" src=\"https:\/\/fytofend.com\/wp-content\/uploads\/2025\/04\/6-edited-1-e1743682390845.png\" alt=\"\" class=\"wp-image-1559\" srcset=\"https:\/\/fytofend.com\/wp-content\/uploads\/2025\/04\/6-edited-1-e1743682390845.png 870w, https:\/\/fytofend.com\/wp-content\/uploads\/2025\/04\/6-edited-1-e1743682390845-300x113.png 300w, https:\/\/fytofend.com\/wp-content\/uploads\/2025\/04\/6-edited-1-e1743682390845-768x290.png 768w\" sizes=\"auto, (max-width: 870px) 100vw, 870px\" \/><\/figure>\n<\/div>\n<\/div>\n\n\n\n<div class=\"wp-block-columns is-layout-flex wp-container-core-columns-is-layout-28f84493 wp-block-columns-is-layout-flex\">\n<div class=\"wp-block-column is-layout-flow wp-block-column-is-layout-flow\">\n<figure class=\"wp-block-image alignleft size-full\"><img loading=\"lazy\" decoding=\"async\" width=\"3307\" height=\"2480\" src=\"https:\/\/fytofend.com\/wp-content\/uploads\/2025\/04\/Design-sans-titre-25-e1743685364810.png\" alt=\"\" class=\"wp-image-1551\" srcset=\"https:\/\/fytofend.com\/wp-content\/uploads\/2025\/04\/Design-sans-titre-25-e1743685364810.png 3307w, https:\/\/fytofend.com\/wp-content\/uploads\/2025\/04\/Design-sans-titre-25-e1743685364810-300x225.png 300w, https:\/\/fytofend.com\/wp-content\/uploads\/2025\/04\/Design-sans-titre-25-e1743685364810-1024x768.png 1024w, https:\/\/fytofend.com\/wp-content\/uploads\/2025\/04\/Design-sans-titre-25-e1743685364810-768x576.png 768w, https:\/\/fytofend.com\/wp-content\/uploads\/2025\/04\/Design-sans-titre-25-e1743685364810-1536x1152.png 1536w, https:\/\/fytofend.com\/wp-content\/uploads\/2025\/04\/Design-sans-titre-25-e1743685364810-2048x1536.png 2048w\" sizes=\"auto, (max-width: 3307px) 100vw, 3307px\" \/><\/figure>\n<\/div>\n\n\n\n<div class=\"wp-block-column is-vertically-aligned-center is-layout-flow wp-block-column-is-layout-flow\"><div class=\"wp-block-heading\">\n<h3 class=\"wp-block-heading is-style-text-justified\"><strong>Principaux avantages<\/strong> :<\/h3>\n<\/div>\n\n<div class=\"wp-block-paragraph\">\n<p><strong>Am\u00e9lioration du potentiel de rendement<\/strong> : une protection foliaire plus forte permet une meilleure production de tubercules.<br><br><strong>Efficacit\u00e9 prouv\u00e9e<\/strong> : retarde et r\u00e9duit les sympt\u00f4mes du mildiou dans les cultures de pommes de terre.<br><br><strong>Action biostimulante unique<\/strong> : emp\u00eache le pathog\u00e8ne de d\u00e9tourner la voie de d\u00e9fense de l&rsquo;acide salicylique (AS).<br><br><strong>Contr\u00f4le durable de la maladie<\/strong> : 2 \u00e0 3 applications pr\u00e9ventives renforcent la protection avec des effets cumulatifs.<br><br><strong>Assurance de l&rsquo;absence de r\u00e9sidus<\/strong> : compatible avec l&rsquo;agriculture biologique, les programmes \u00ab\u00a0z\u00e9ro r\u00e9sidu\u00a0\u00bb et l&rsquo;agriculture \u00e0 faible niveau d&rsquo;intrants.<\/p>\n<\/div><\/div>\n<\/div>\n\n\n\n<div class=\"wp-block-columns is-layout-flex wp-container-core-columns-is-layout-28f84493 wp-block-columns-is-layout-flex\">\n<div class=\"wp-block-column is-layout-flow wp-block-column-is-layout-flow\"><div class=\"wp-block-heading\">\n<h3 class=\"wp-block-heading\"><strong>Mode d&rsquo;action scientifique<\/strong><\/h3>\n<\/div>\n\n<div class=\"wp-block-paragraph\">\n<p>Fytosol\u00ae r\u00e9gule les niveaux de SA pour \u00e9viter une suraccumulation que <em>P. infestans<\/em> peut exploiter. Cet \u00e9quilibre tr\u00e8s pr\u00e9cis permet \u00e0 la plante de rester alerte et r\u00e9active aux diff\u00e9rents stades de l&rsquo;infection. FytoSol\u00ae active transitoirement les g\u00e8nes de d\u00e9fense tout en pr\u00e9servant le m\u00e9tabolisme global de la plante.  <\/p>\n<\/div>\n\n\n<div class=\"wp-block-columns is-layout-flex wp-container-core-columns-is-layout-28f84493 wp-block-columns-is-layout-flex\">\n<div class=\"wp-block-column is-layout-flow wp-block-column-is-layout-flow\"><div class=\"wp-block-paragraph\">\n<p><strong>Lignes directrices pour les candidatures<\/strong><\/p>\n<\/div>\n\n<div class=\"wp-block-list\">\n<ul class=\"wp-block-list\">\n<li><strong>Cultures cibles<\/strong> : pommes de terre et tomates<\/li>\n\n\n\n<li><strong>Utilisation recommand\u00e9e<\/strong> : 2 \u00e0 3 applications pr\u00e9ventives avant les p\u00e9riodes d&rsquo;infection \u00e0 haut risque<\/li>\n\n\n\n<li><strong>Taux de dosage<\/strong> : 4 L\/ha en solo ou 2,5 L\/ha en m\u00e9lange avec d&rsquo;autres produits phytopharmaceutiques homologu\u00e9s.<\/li>\n<\/ul>\n<\/div><\/div>\n\n\n\n<div class=\"wp-block-column is-layout-flow wp-block-column-is-layout-flow\">\n<figure class=\"wp-block-image size-full\"><img loading=\"lazy\" decoding=\"async\" width=\"1387\" height=\"407\" src=\"https:\/\/fytofend.com\/wp-content\/uploads\/2025\/04\/patates.png\" alt=\"\" class=\"wp-image-1555\" srcset=\"https:\/\/fytofend.com\/wp-content\/uploads\/2025\/04\/patates.png 1387w, https:\/\/fytofend.com\/wp-content\/uploads\/2025\/04\/patates-300x88.png 300w, https:\/\/fytofend.com\/wp-content\/uploads\/2025\/04\/patates-1024x300.png 1024w, https:\/\/fytofend.com\/wp-content\/uploads\/2025\/04\/patates-768x225.png 768w\" sizes=\"auto, (max-width: 1387px) 100vw, 1387px\" \/><\/figure>\n<\/div>\n<\/div>\n<\/div>\n<\/div>\n\n\n\n<div class=\"wp-block-columns is-layout-flex wp-container-core-columns-is-layout-28f84493 wp-block-columns-is-layout-flex\">\n<div class=\"wp-block-column is-layout-flow wp-block-column-is-layout-flow\"><div class=\"wp-block-heading\">\n<h2 class=\"wp-block-heading\"><strong>Int\u00e9gration dans les programmes de protection des cultures<\/strong><\/h2>\n<\/div>\n\n<div class=\"wp-block-paragraph\">\n<p>En tant que biosolution d\u00e9velopp\u00e9e par <a href=\"\/fr\/?page_id=1960\">Fytofend<\/a>, Fytosol\u00ae est con\u00e7u pour r\u00e9pondre aux demandes des producteurs biologiques et conventionnels qui recherchent des alternatives performantes ou des outils compl\u00e9mentaires aux intrants de synth\u00e8se.<\/p>\n<\/div>\n\n<div class=\"wp-block-paragraph\">\n<p>FytoSol\u00ae est id\u00e9al pour les strat\u00e9gies de lutte int\u00e9gr\u00e9e contre les ravageurs (IPM). Il compl\u00e8te la tol\u00e9rance partielle des cultivars et am\u00e9liore les performances des programmes de fongicides conventionnels \u00e0 dose r\u00e9duite. Il est particuli\u00e8rement efficace pour les agriculteurs qui souhaitent passer \u00e0 une agriculture plus durable et sans r\u00e9sidus.  <\/p>\n<\/div><\/div>\n<\/div>\n\n\n\n<div class=\"wp-block-columns is-layout-flex wp-container-core-columns-is-layout-28f84493 wp-block-columns-is-layout-flex\">\n<div class=\"wp-block-column is-layout-flow wp-block-column-is-layout-flow\">\n<figure class=\"wp-block-image size-full is-resized\"><img loading=\"lazy\" decoding=\"async\" width=\"905\" height=\"452\" src=\"https:\/\/fytofend.com\/wp-content\/uploads\/2025\/04\/graphique-fytosol.png\" alt=\"\" class=\"wp-image-1557\" style=\"width:518px;height:auto\" srcset=\"https:\/\/fytofend.com\/wp-content\/uploads\/2025\/04\/graphique-fytosol.png 905w, https:\/\/fytofend.com\/wp-content\/uploads\/2025\/04\/graphique-fytosol-300x150.png 300w, https:\/\/fytofend.com\/wp-content\/uploads\/2025\/04\/graphique-fytosol-768x384.png 768w, https:\/\/fytofend.com\/wp-content\/uploads\/2025\/04\/graphique-fytosol-357x178.png 357w\" sizes=\"auto, (max-width: 905px) 100vw, 905px\" \/><\/figure>\n<\/div>\n\n\n\n<div class=\"wp-block-column is-layout-flow wp-block-column-is-layout-flow\"><div class=\"wp-block-heading\">\n<h3 class=\"wp-block-heading\"><strong>Preuves scientifiques<\/strong><\/h3>\n<\/div>\n\n<div class=\"wp-block-paragraph\">\n<p>Une \u00e9tude de l&rsquo;Universit\u00e9 de Namur<em>(Plant Pathology, 2018<\/em>), \u00e9valu\u00e9e par des pairs, a d\u00e9montr\u00e9 que :<\/p>\n<\/div>\n\n<div class=\"wp-block-list\">\n<ul class=\"wp-block-list\">\n<li>Fytosol\u00ae a compl\u00e8tement bloqu\u00e9 le d\u00e9veloppement des sympt\u00f4mes, m\u00eame dans des conditions n\u00e9crotrophiques s\u00e9v\u00e8res en conditions contr\u00f4l\u00e9es.<\/li>\n\n\n\n<li>Il ajuste la signalisation hormonale (SA, acide jasmonique, \u00e9thyl\u00e8ne) mieux que d&rsquo;autres inducteurs de d\u00e9fense des plantes.<\/li>\n\n\n\n<li>Il active transitoirement les principaux g\u00e8nes de d\u00e9fense des plantes sans perturber la croissance ou le d\u00e9veloppement.<\/li>\n<\/ul>\n<\/div><\/div>\n<\/div>\n\n\n\n<div class=\"wp-block-columns is-layout-flex wp-container-core-columns-is-layout-28f84493 wp-block-columns-is-layout-flex\">\n<div class=\"wp-block-column is-layout-flow wp-block-column-is-layout-flow\"><div class=\"wp-block-heading\">\n<h2 class=\"wp-block-heading\"><strong>Pourquoi choisir FytoSol ?<\/strong><\/h2>\n<\/div>\n\n<div class=\"wp-block-paragraph\">\n<p>FytoSol\u2122 refl\u00e8te l&rsquo;engagement de FytoFend en faveur de l&rsquo;innovation scientifique dans le domaine du biocontr\u00f4le et de la d\u00e9fense naturelle des cultures.<\/p>\n<\/div>\n\n<div class=\"wp-block-list\">\n<ul class=\"wp-block-list\">\n<li>Adopter une approche de <strong>protection naturelle des plantes<\/strong> dans la culture de la pomme de terre<\/li>\n\n\n\n<li>Pour <strong>r\u00e9duire l&rsquo;utilisation de fongicides<\/strong><\/li>\n\n\n\n<li>Respecter les <strong>normes de l&rsquo;agriculture biologique et de l&rsquo;agriculture sans r\u00e9sidus<\/strong><\/li>\n\n\n\n<li>S&rsquo;appuyer sur une <strong>technologie brevet\u00e9e et valid\u00e9e par l&rsquo;universit\u00e9<\/strong><\/li>\n<\/ul>\n<\/div><\/div>\n<\/div>\n\n\n\n<div class=\"wp-block-columns is-layout-flex wp-container-core-columns-is-layout-28f84493 wp-block-columns-is-layout-flex\">\n<div class=\"wp-block-column is-layout-flow wp-block-column-is-layout-flow\">\n<div class=\"wp-block-fidelo-fd-section fd_section has-text-color has-background\" data-type=\"fd_block\" data-shape=\"default\" data-color=\"#fff\" data-svg=\"none\" data-fill=\"none\" data-bg-visible=\"100\" data-gradient=\"true\" style=\"color:#000000;background-color:#ffffff\"><input type=\"hidden\" class=\"cover-data-hidden\" alt=\"\" src=\"https:\/\/fytofend.com\/wp-content\/uploads\/2025\/04\/4-1.png\" srcset=\"https:\/\/fytofend.com\/wp-content\/uploads\/2025\/04\/4-1-1024x576.png 1x, https:\/\/fytofend.com\/wp-content\/uploads\/2025\/04\/4-1-1024x576.png 2x\"\/><div class=\"cover-wrapper\" style=\"opacity:1\"><img decoding=\"async\" class=\"cover-data\" alt=\"\" src=\"https:\/\/fytofend.com\/wp-content\/uploads\/2025\/04\/4-1.png\" srcset=\"https:\/\/fytofend.com\/wp-content\/uploads\/2025\/04\/4-1-1024x576.png 1x, https:\/\/fytofend.com\/wp-content\/uploads\/2025\/04\/4-1-1024x576.png 2x\"\/><\/div><div class=\"fd_section_content\"><div class=\"container\"><div class=\"sectionwrapper\">\n<div class=\"wp-block-fidelo-fd-division-group fd_division_group\" data-type=\"fd_block\" data-padding-x=\"0\" data-padding-y=\"0\" data-radius=\"0\" data-layout=\"normal\"><div class=\"wp-block-paragraph\">\n<p>.<br><br><br><\/p>\n<\/div>\n\n\n<div class=\"wp-block-group has-background is-vertical is-content-justification-center is-layout-flex wp-container-core-group-is-layout-0154d0b4 wp-block-group-is-layout-flex\" style=\"background-color:#183b2f78\"><div class=\"wp-block-paragraph\">\n<p class=\"has-text-align-center is-style-default has-middle-light-color has-text-color has-link-color wp-elements-dfe6ab95011cb41a2c4a1a3e44330666\"><strong>FytoSol\u00ae est distribu\u00e9 par FytoFend SA et son r\u00e9seau de distributeurs.<\/strong><br><em>Contactez-nous d\u00e8s aujourd&rsquo;hui pour des informations techniques, des demandes d&rsquo;essais ou des opportunit\u00e9s de distribution.<\/em><br><br>? Pr\u00eat \u00e0 passer \u00e0 une protection durable des cultures ?<br>Prenez contact avec nous pour voir comment FytoSol\u00ae s&rsquo;int\u00e8gre dans votre strat\u00e9gie de gestion int\u00e9gr\u00e9e des maladies.<\/p>\n<\/div>\n\n\n<div class=\"wp-block-buttons is-layout-flex wp-block-buttons-is-layout-flex\">\n<div class=\"wp-block-button\"><a class=\"wp-block-button__link has-text-align-center wp-element-button\" href=\"https:\/\/fytofend.com\/fr\/contact\/\">Contactez-nous<\/a><\/div>\n<\/div>\n<\/div>\n\n\n<div class=\"wp-block-paragraph\">\n<p><\/p>\n<\/div>\n\n<div class=\"wp-block-paragraph\">\n<p><\/p>\n<\/div>\n\n<div class=\"wp-block-paragraph\">\n<p><\/p>\n<\/div><\/div>\n<\/div><\/div><\/div><\/div>\n<\/div>\n<\/div>\n\n\n<div class=\"wp-block-paragraph\">\n<p><\/p>\n<\/div>","protected":false},"excerpt":{"rendered":"<p>Stimule les d\u00e9fenses naturelles de la plante gr\u00e2ce \u00e0 la technologie innovante COS-OGA Fytosol\u00ae est un inducteur de d\u00e9fense des plantes de biocontr\u00f4le de nouvelle g\u00e9n\u00e9ration d\u00e9velopp\u00e9 par FytoFend en tant que biosolution pour prot\u00e9ger les cultures de pommes de terre contre le mildiou(Phytophthora infestans). Il renforce l&rsquo;immunit\u00e9 des plantes de mani\u00e8re naturelle et s\u00fbre, [&hellip;]<\/p>\n","protected":false},"author":1,"featured_media":0,"parent":1986,"menu_order":0,"comment_status":"closed","ping_status":"closed","template":"","meta":{"content-type":"","footnotes":""},"class_list":["post-1995","page","type-page","status-publish","hentry"],"yoast_head":"<!-- This site is optimized with the Yoast SEO plugin v27.1.1 - https:\/\/yoast.com\/product\/yoast-seo-wordpress\/ -->\n<title>FytoSol\u2122 | \u00c9liciteur de biocontr\u00f4le pour le mildiou de la pomme de terre<\/title>\n<meta name=\"description\" content=\"FytoSol\u2122 est un produit de biocontr\u00f4le brevet\u00e9 qui prot\u00e8ge les pommes de terre du mildiou de mani\u00e8re naturelle, sans r\u00e9sidus et efficace.\" \/>\n<meta name=\"robots\" content=\"index, follow, max-snippet:-1, max-image-preview:large, max-video-preview:-1\" \/>\n<link rel=\"canonical\" href=\"https:\/\/fytofend.com\/fr\/produits\/fytosol\/\" \/>\n<meta property=\"og:locale\" content=\"fr_FR\" \/>\n<meta property=\"og:type\" content=\"article\" \/>\n<meta property=\"og:title\" content=\"FytoSol\u2122 | \u00c9liciteur de biocontr\u00f4le pour le mildiou de la pomme de terre\" \/>\n<meta property=\"og:description\" content=\"FytoSol\u2122 est un produit de biocontr\u00f4le brevet\u00e9 qui prot\u00e8ge les pommes de terre du mildiou de mani\u00e8re naturelle, sans r\u00e9sidus et efficace.\" \/>\n<meta property=\"og:url\" content=\"https:\/\/fytofend.com\/fr\/produits\/fytosol\/\" \/>\n<meta property=\"og:site_name\" content=\"Fytofend\" \/>\n<meta property=\"article:modified_time\" content=\"2025-09-03T12:06:27+00:00\" \/>\n<meta property=\"og:image\" content=\"https:\/\/fytofend.com\/wp-content\/uploads\/2025\/04\/3.png\" \/>\n\t<meta property=\"og:image:width\" content=\"1702\" \/>\n\t<meta property=\"og:image:height\" content=\"630\" \/>\n\t<meta property=\"og:image:type\" content=\"image\/png\" \/>\n<meta name=\"twitter:card\" content=\"summary_large_image\" \/>\n<meta name=\"twitter:label1\" content=\"Dur\u00e9e de lecture estim\u00e9e\" \/>\n\t<meta name=\"twitter:data1\" content=\"4 minutes\" \/>\n<script type=\"application\/ld+json\" class=\"yoast-schema-graph\">{\"@context\":\"https:\/\/schema.org\",\"@graph\":[{\"@type\":\"WebPage\",\"@id\":\"https:\/\/fytofend.com\/fr\/produits\/fytosol\/\",\"url\":\"https:\/\/fytofend.com\/fr\/produits\/fytosol\/\",\"name\":\"FytoSol\u2122 | \u00c9liciteur de biocontr\u00f4le pour le mildiou de la pomme de terre\",\"isPartOf\":{\"@id\":\"https:\/\/fytofend.com\/fr\/#website\"},\"primaryImageOfPage\":{\"@id\":\"https:\/\/fytofend.com\/fr\/produits\/fytosol\/#primaryimage\"},\"image\":{\"@id\":\"https:\/\/fytofend.com\/fr\/produits\/fytosol\/#primaryimage\"},\"thumbnailUrl\":\"https:\/\/fytofend.com\/wp-content\/uploads\/2025\/04\/3.png\",\"datePublished\":\"2022-11-21T12:10:32+00:00\",\"dateModified\":\"2025-09-03T12:06:27+00:00\",\"description\":\"FytoSol\u2122 est un produit de biocontr\u00f4le brevet\u00e9 qui prot\u00e8ge les pommes de terre du mildiou de mani\u00e8re naturelle, sans r\u00e9sidus et efficace.\",\"breadcrumb\":{\"@id\":\"https:\/\/fytofend.com\/fr\/produits\/fytosol\/#breadcrumb\"},\"inLanguage\":\"fr-FR\",\"potentialAction\":[{\"@type\":\"ReadAction\",\"target\":[\"https:\/\/fytofend.com\/fr\/produits\/fytosol\/\"]}]},{\"@type\":\"ImageObject\",\"inLanguage\":\"fr-FR\",\"@id\":\"https:\/\/fytofend.com\/fr\/produits\/fytosol\/#primaryimage\",\"url\":\"https:\/\/fytofend.com\/wp-content\/uploads\/2025\/04\/3.png\",\"contentUrl\":\"https:\/\/fytofend.com\/wp-content\/uploads\/2025\/04\/3.png\"},{\"@type\":\"BreadcrumbList\",\"@id\":\"https:\/\/fytofend.com\/fr\/produits\/fytosol\/#breadcrumb\",\"itemListElement\":[{\"@type\":\"ListItem\",\"position\":1,\"name\":\"Accueil\",\"item\":\"https:\/\/fytofend.com\/fr\/\"},{\"@type\":\"ListItem\",\"position\":2,\"name\":\"Produits\",\"item\":\"https:\/\/fytofend.com\/fr\/produits\/\"},{\"@type\":\"ListItem\",\"position\":3,\"name\":\"FytoSol\"}]},{\"@type\":\"WebSite\",\"@id\":\"https:\/\/fytofend.com\/fr\/#website\",\"url\":\"https:\/\/fytofend.com\/fr\/\",\"name\":\"Fytofend\",\"description\":\"Leader in Plant Defence Inducers\",\"potentialAction\":[{\"@type\":\"SearchAction\",\"target\":{\"@type\":\"EntryPoint\",\"urlTemplate\":\"https:\/\/fytofend.com\/fr\/?s={search_term_string}\"},\"query-input\":{\"@type\":\"PropertyValueSpecification\",\"valueRequired\":true,\"valueName\":\"search_term_string\"}}],\"inLanguage\":\"fr-FR\"}]}<\/script>\n<!-- \/ Yoast SEO plugin. -->","yoast_head_json":{"title":"FytoSol\u2122 | \u00c9liciteur de biocontr\u00f4le pour le mildiou de la pomme de terre","description":"FytoSol\u2122 est un produit de biocontr\u00f4le brevet\u00e9 qui prot\u00e8ge les pommes de terre du mildiou de mani\u00e8re naturelle, sans r\u00e9sidus et efficace.","robots":{"index":"index","follow":"follow","max-snippet":"max-snippet:-1","max-image-preview":"max-image-preview:large","max-video-preview":"max-video-preview:-1"},"canonical":"https:\/\/fytofend.com\/fr\/produits\/fytosol\/","og_locale":"fr_FR","og_type":"article","og_title":"FytoSol\u2122 | \u00c9liciteur de biocontr\u00f4le pour le mildiou de la pomme de terre","og_description":"FytoSol\u2122 est un produit de biocontr\u00f4le brevet\u00e9 qui prot\u00e8ge les pommes de terre du mildiou de mani\u00e8re naturelle, sans r\u00e9sidus et efficace.","og_url":"https:\/\/fytofend.com\/fr\/produits\/fytosol\/","og_site_name":"Fytofend","article_modified_time":"2025-09-03T12:06:27+00:00","og_image":[{"width":1702,"height":630,"url":"https:\/\/fytofend.com\/wp-content\/uploads\/2025\/04\/3.png","type":"image\/png"}],"twitter_card":"summary_large_image","twitter_misc":{"Dur\u00e9e de lecture estim\u00e9e":"4 minutes"},"schema":{"@context":"https:\/\/schema.org","@graph":[{"@type":"WebPage","@id":"https:\/\/fytofend.com\/fr\/produits\/fytosol\/","url":"https:\/\/fytofend.com\/fr\/produits\/fytosol\/","name":"FytoSol\u2122 | \u00c9liciteur de biocontr\u00f4le pour le mildiou de la pomme de terre","isPartOf":{"@id":"https:\/\/fytofend.com\/fr\/#website"},"primaryImageOfPage":{"@id":"https:\/\/fytofend.com\/fr\/produits\/fytosol\/#primaryimage"},"image":{"@id":"https:\/\/fytofend.com\/fr\/produits\/fytosol\/#primaryimage"},"thumbnailUrl":"https:\/\/fytofend.com\/wp-content\/uploads\/2025\/04\/3.png","datePublished":"2022-11-21T12:10:32+00:00","dateModified":"2025-09-03T12:06:27+00:00","description":"FytoSol\u2122 est un produit de biocontr\u00f4le brevet\u00e9 qui prot\u00e8ge les pommes de terre du mildiou de mani\u00e8re naturelle, sans r\u00e9sidus et efficace.","breadcrumb":{"@id":"https:\/\/fytofend.com\/fr\/produits\/fytosol\/#breadcrumb"},"inLanguage":"fr-FR","potentialAction":[{"@type":"ReadAction","target":["https:\/\/fytofend.com\/fr\/produits\/fytosol\/"]}]},{"@type":"ImageObject","inLanguage":"fr-FR","@id":"https:\/\/fytofend.com\/fr\/produits\/fytosol\/#primaryimage","url":"https:\/\/fytofend.com\/wp-content\/uploads\/2025\/04\/3.png","contentUrl":"https:\/\/fytofend.com\/wp-content\/uploads\/2025\/04\/3.png"},{"@type":"BreadcrumbList","@id":"https:\/\/fytofend.com\/fr\/produits\/fytosol\/#breadcrumb","itemListElement":[{"@type":"ListItem","position":1,"name":"Accueil","item":"https:\/\/fytofend.com\/fr\/"},{"@type":"ListItem","position":2,"name":"Produits","item":"https:\/\/fytofend.com\/fr\/produits\/"},{"@type":"ListItem","position":3,"name":"FytoSol"}]},{"@type":"WebSite","@id":"https:\/\/fytofend.com\/fr\/#website","url":"https:\/\/fytofend.com\/fr\/","name":"Fytofend","description":"Leader in Plant Defence Inducers","potentialAction":[{"@type":"SearchAction","target":{"@type":"EntryPoint","urlTemplate":"https:\/\/fytofend.com\/fr\/?s={search_term_string}"},"query-input":{"@type":"PropertyValueSpecification","valueRequired":true,"valueName":"search_term_string"}}],"inLanguage":"fr-FR"}]}},"_links":{"self":[{"href":"https:\/\/fytofend.com\/fr\/wp-json\/wp\/v2\/pages\/1995","targetHints":{"allow":["GET"]}}],"collection":[{"href":"https:\/\/fytofend.com\/fr\/wp-json\/wp\/v2\/pages"}],"about":[{"href":"https:\/\/fytofend.com\/fr\/wp-json\/wp\/v2\/types\/page"}],"author":[{"embeddable":true,"href":"https:\/\/fytofend.com\/fr\/wp-json\/wp\/v2\/users\/1"}],"replies":[{"embeddable":true,"href":"https:\/\/fytofend.com\/fr\/wp-json\/wp\/v2\/comments?post=1995"}],"version-history":[{"count":8,"href":"https:\/\/fytofend.com\/fr\/wp-json\/wp\/v2\/pages\/1995\/revisions"}],"predecessor-version":[{"id":2083,"href":"https:\/\/fytofend.com\/fr\/wp-json\/wp\/v2\/pages\/1995\/revisions\/2083"}],"up":[{"embeddable":true,"href":"https:\/\/fytofend.com\/fr\/wp-json\/wp\/v2\/pages\/1986"}],"wp:attachment":[{"href":"https:\/\/fytofend.com\/fr\/wp-json\/wp\/v2\/media?parent=1995"}],"curies":[{"name":"wp","href":"https:\/\/api.w.org\/{rel}","templated":true}]}}