{"id":1997,"date":"2022-11-21T13:08:49","date_gmt":"2022-11-21T12:08:49","guid":{"rendered":"https:\/\/fytofend.com\/produits\/nos-biosolutions\/"},"modified":"2025-09-02T14:01:10","modified_gmt":"2025-09-02T12:01:10","slug":"nos-biosolutions","status":"publish","type":"page","link":"https:\/\/fytofend.com\/fr\/produits\/nos-biosolutions\/","title":{"rendered":"Nos biosolutions"},"content":{"rendered":"\n<div class=\"wp-block-cover alignfull\" style=\"min-height:290px;aspect-ratio:unset;\"><img loading=\"lazy\" decoding=\"async\" width=\"3392\" height=\"1408\" class=\"wp-block-cover__image-background wp-image-1528\" alt=\"\" src=\"https:\/\/fytofend.com\/wp-content\/uploads\/2025\/04\/maiaconsulting_httpss.mj_.run4Rn44q3PRlc_Reprsentation_dun_champ_76005bc1-5d10-45cf-a8c5-091d202eb34f.png\" data-object-fit=\"cover\" srcset=\"https:\/\/fytofend.com\/wp-content\/uploads\/2025\/04\/maiaconsulting_httpss.mj_.run4Rn44q3PRlc_Reprsentation_dun_champ_76005bc1-5d10-45cf-a8c5-091d202eb34f.png 3392w, https:\/\/fytofend.com\/wp-content\/uploads\/2025\/04\/maiaconsulting_httpss.mj_.run4Rn44q3PRlc_Reprsentation_dun_champ_76005bc1-5d10-45cf-a8c5-091d202eb34f-300x125.png 300w, https:\/\/fytofend.com\/wp-content\/uploads\/2025\/04\/maiaconsulting_httpss.mj_.run4Rn44q3PRlc_Reprsentation_dun_champ_76005bc1-5d10-45cf-a8c5-091d202eb34f-1024x425.png 1024w, https:\/\/fytofend.com\/wp-content\/uploads\/2025\/04\/maiaconsulting_httpss.mj_.run4Rn44q3PRlc_Reprsentation_dun_champ_76005bc1-5d10-45cf-a8c5-091d202eb34f-768x319.png 768w, https:\/\/fytofend.com\/wp-content\/uploads\/2025\/04\/maiaconsulting_httpss.mj_.run4Rn44q3PRlc_Reprsentation_dun_champ_76005bc1-5d10-45cf-a8c5-091d202eb34f-1536x638.png 1536w, https:\/\/fytofend.com\/wp-content\/uploads\/2025\/04\/maiaconsulting_httpss.mj_.run4Rn44q3PRlc_Reprsentation_dun_champ_76005bc1-5d10-45cf-a8c5-091d202eb34f-2048x850.png 2048w\" sizes=\"auto, (max-width: 3392px) 100vw, 3392px\" \/><span aria-hidden=\"true\" class=\"wp-block-cover__background has-background-dim\" style=\"background-color:#675f50\"><\/span><div class=\"wp-block-cover__inner-container is-layout-flow wp-block-cover-is-layout-flow\"><div class=\"wp-block-paragraph\">\n<p class=\"has-text-align-center has-large-font-size\"><\/p>\n<\/div><\/div><\/div>\n\n\n\n<div class=\"wp-block-fidelo-fd-page-header fd-page-header\" data-type=\"fd_block\"><div class=\"content-wrapper\"><div class=\"container\">\n<div class=\"wp-block-fidelo-fd-breadcrumb fd-breadcrumb\" id=\"breadcrumb-wrapper\" data-type=\"fd_item\"><nav aria-label=\"Breadcrumb\" class=\"breadcrumb\"><ol itemscope=\"\" itemtype=\"http:\/\/schema.org\/BreadcrumbList\"><li itemprop=\"itemListElement\" itemscope=\"\" itemtype=\"http:\/\/schema.org\/ListItem\">\t<a itemprop=\"item\" href=\"https:\/\/fytofend.com\"><span itemprop=\"name\">Accueil<\/span><\/a>\t<meta itemprop=\"position\" content=\"0\"><\/li><li itemprop=\"itemListElement\" itemscope=\"\" itemtype=\"http:\/\/schema.org\/ListItem\"><span class='separator'>  |  <\/span>\t<a itemprop=\"item\" href=\"https:\/\/fytofend.com\/fr\/produits\/\"><span itemprop=\"name\">Produits<\/span><\/a>\t<meta itemprop=\"position\" content=\"1\"><\/li><li class=\"current\" itemprop=\"itemListElement\" itemscope=\"\" itemtype=\"http:\/\/schema.org\/ListItem\"><span class='separator'>  |  <\/span>\t<span itemprop=\"name\" title=\"Nos biosolutions\">Nos biosolutions<\/span>\t<meta itemprop=\"position\" content=\"2\"><\/li><\/ol><\/nav><\/div>\n\n\n<div class=\"wp-block-heading\">\n<h1 class=\"wp-block-heading\">Nos biosolutions<\/h1>\n<\/div><\/div><\/div><\/div>\n\n\n\n<div class=\"wp-block-fidelo-fd-section fd_section has-light-background-color has-text-color has-background\" data-type=\"fd_block\" id=\"our-products\" data-shape=\"default\" data-color=\"#fff\" data-svg=\"all\" data-fill=\"none\" data-bg-visible=\"100\" data-gradient=\"true\" style=\"color:#000000\"><input type=\"hidden\" class=\"cover-data-hidden\"\/><div class=\"fd_section_content\"><div class=\"container\"><div class=\"sectionwrapper\">\n<div class=\"wp-block-fidelo-fd-division-group fd_division_group\" data-type=\"fd_block\" data-padding-x=\"0\" data-padding-y=\"40\" data-radius=\"0\" data-layout=\"normal\">\n<div class=\"wp-block-columns is-layout-flex wp-container-core-columns-is-layout-28f84493 wp-block-columns-is-layout-flex\">\n<div class=\"wp-block-column is-layout-flow wp-block-column-is-layout-flow\">\n<div class=\"wp-block-fidelo-fd-simple-card fd_flex_cards_block_item2D fd_block\" data-type=\"fd_item\" data-img-align=\"left\" data-link-target=\"true\"><div class=\"wrap\"><div class=\"content\">\n<figure class=\"wp-block-image size-full\"><img loading=\"lazy\" decoding=\"async\" width=\"1000\" height=\"400\" src=\"https:\/\/fytofend.com\/wp-content\/uploads\/2025\/03\/Fytosave-1-1-e1741250391622.jpg\" alt=\"\" class=\"wp-image-1382\" srcset=\"https:\/\/fytofend.com\/wp-content\/uploads\/2025\/03\/Fytosave-1-1-e1741250391622.jpg 1000w, https:\/\/fytofend.com\/wp-content\/uploads\/2025\/03\/Fytosave-1-1-e1741250391622-300x120.jpg 300w, https:\/\/fytofend.com\/wp-content\/uploads\/2025\/03\/Fytosave-1-1-e1741250391622-768x307.jpg 768w\" sizes=\"auto, (max-width: 1000px) 100vw, 1000px\" \/><\/figure>\n\n\n<div class=\"wp-block-paragraph\">\n<p class=\"has-text-align-center\">Fytosave est un biocontr\u00f4le \u00e0 base de COS-OGA qui renforce les d\u00e9fenses naturelles des plantes contre l&rsquo;o\u00efdium et le mildiou.<a href=\"https:\/\/fytofend.com\/produits\/fytosave\/\"><\/a><a href=\"https:\/\/fytofend.com\/produits\/fytosave\/\"><\/a><a href=\"https:\/\/fytofend.com\/produits\/fytosave\/\"><\/a><\/p>\n<\/div>\n\n\n<div class=\"wp-block-fidelo-fd-flex-buttons aligncenter fd-flex-buttons-group\" data-align=\"row\" data-type=\"fd_item\"><div class=\"container\">\n<a class=\"wp-block-fidelo-fd-flex-button fd-flex-button-style fd-flex-button-primary has-light-color has-text-color has-background\" href=\"\/fr\/?page_id=1993\" target=\"_self\" rel=\"noopener\" data-type=\"fd-item\" data-radius=\"none\" data-icon=\"icon-left\" data-hover-effect=\"highlighted\" data-element=\"flex-button\" data-button=\"link\" data-style=\"highlight-button\" style=\"background-color:#183f2b\"><span class=\"svgIconBtn\">\n<div class=\"wp-block-fidelo-fd-icon-flex-button fd_iconpicker_el iconFlexButton_el\" data-color=\"#fff\" data-type=\"fd_item\"><div class=\"icon-wrapper\" style=\"width:30px; min-width:30px\"><svg width=\"83\" height=\"113\" viewBox=\"0 0 83 113\" fill=\"none\" xmlns=\"http:\/\/www.w3.org\/2000\/svg\">\n<path d=\"M19.4675 84.8278C20.2927 63.8758 35.7234 48.2536 50.1476 40.7398C31.8868 59.7675 24.8946 75.8545 25.3505 103.455L30.2986 102.947C29.9097 97.5957 30.2421 92.6551 30.908 88.0171C48.1105 87.7791 61.7671 81.5194 69.0075 65.2919C77.2082 42.6208 66.0204 25.0312 53.5064 7.70094C54.0073 28.3935 21.2484 36.4587 16.7712 62.265C15.8882 67.6814 15.2534 72.9572 15.0607 78.1465\" fill=\"#322E2E\"><\/path>\n<path d=\"M17.9892 62.3947C26.7324 37.7777 55.807 28.6853 53.367 7.45226C51.6334 24.1663 27.6373 26.2854 16.6976 43.7887C10.4487 54.2107 8.1322 65.5191 14.8671 78.0925C15.2537 72.9572 16.2763 67.7894 17.9892 62.3947Z\" fill=\"#322E2E\"><\/path>\n<\/svg><\/div><\/div>\n<\/span><span class=\"link_label\">Plus d&rsquo;informations<\/span><\/a>\n<\/div><\/div>\n<\/div><\/div><\/div>\n\n\n\n<div class=\"wp-block-fidelo-fd-simple-card fd_flex_cards_block_item2D fd_block\" data-type=\"fd_item\" data-img-align=\"left\" data-link-target=\"true\"><div class=\"wrap\"><div class=\"content\">\n<figure class=\"wp-block-image size-full\"><img loading=\"lazy\" decoding=\"async\" width=\"1000\" height=\"400\" src=\"https:\/\/fytofend.com\/wp-content\/uploads\/2025\/03\/Fyto-6-1-2-e1741250351341.jpg\" alt=\"\" class=\"wp-image-1380\" srcset=\"https:\/\/fytofend.com\/wp-content\/uploads\/2025\/03\/Fyto-6-1-2-e1741250351341.jpg 1000w, https:\/\/fytofend.com\/wp-content\/uploads\/2025\/03\/Fyto-6-1-2-e1741250351341-300x120.jpg 300w, https:\/\/fytofend.com\/wp-content\/uploads\/2025\/03\/Fyto-6-1-2-e1741250351341-768x307.jpg 768w\" sizes=\"auto, (max-width: 1000px) 100vw, 1000px\" \/><\/figure>\n\n\n<div class=\"wp-block-paragraph\">\n<p class=\"has-text-align-center\">Fyto-6 est un biostimulant foliaire con\u00e7u pour am\u00e9liorer la productivit\u00e9 et la vigueur des cultures en optimisant la teneur en chlorophylle.<a href=\"https:\/\/fytofend.com\/produits\/fytosave\/\"><\/a><a href=\"https:\/\/fytofend.com\/produits\/fytosave\/\"><\/a><a href=\"https:\/\/fytofend.com\/produits\/fytosave\/\"><\/a><\/p>\n<\/div>\n\n\n<div class=\"wp-block-fidelo-fd-flex-buttons aligncenter fd-flex-buttons-group\" data-align=\"row\" data-type=\"fd_item\"><div class=\"container\">\n<a class=\"wp-block-fidelo-fd-flex-button fd-flex-button-style fd-flex-button-primary has-light-color has-text-color has-background\" href=\"\/fr\/?page_id=1988\" target=\"_self\" rel=\"noopener\" data-type=\"fd-item\" data-radius=\"none\" data-icon=\"icon-left\" data-hover-effect=\"highlighted\" data-element=\"flex-button\" data-button=\"link\" data-style=\"highlight-button\" style=\"background-color:#183f2b\"><span class=\"svgIconBtn\">\n<div class=\"wp-block-fidelo-fd-icon-flex-button fd_iconpicker_el iconFlexButton_el\" data-color=\"#fff\" data-type=\"fd_item\"><div class=\"icon-wrapper\" style=\"width:30px; min-width:30px\"><svg width=\"83\" height=\"113\" viewBox=\"0 0 83 113\" fill=\"none\" xmlns=\"http:\/\/www.w3.org\/2000\/svg\">\n<path d=\"M19.4675 84.8278C20.2927 63.8758 35.7234 48.2536 50.1476 40.7398C31.8868 59.7675 24.8946 75.8545 25.3505 103.455L30.2986 102.947C29.9097 97.5957 30.2421 92.6551 30.908 88.0171C48.1105 87.7791 61.7671 81.5194 69.0075 65.2919C77.2082 42.6208 66.0204 25.0312 53.5064 7.70094C54.0073 28.3935 21.2484 36.4587 16.7712 62.265C15.8882 67.6814 15.2534 72.9572 15.0607 78.1465\" fill=\"#322E2E\"><\/path>\n<path d=\"M17.9892 62.3947C26.7324 37.7777 55.807 28.6853 53.367 7.45226C51.6334 24.1663 27.6373 26.2854 16.6976 43.7887C10.4487 54.2107 8.1322 65.5191 14.8671 78.0925C15.2537 72.9572 16.2763 67.7894 17.9892 62.3947Z\" fill=\"#322E2E\"><\/path>\n<\/svg><\/div><\/div>\n<\/span><span class=\"link_label\">Plus d&rsquo;informations<\/span><\/a>\n<\/div><\/div>\n<\/div><\/div><\/div>\n<\/div>\n\n\n\n<div class=\"wp-block-column is-layout-flow wp-block-column-is-layout-flow\">\n<div class=\"wp-block-fidelo-fd-simple-card fd_flex_cards_block_item2D fd_block\" data-type=\"fd_item\" data-img-align=\"left\" data-link-target=\"true\"><div class=\"wrap\"><div class=\"content\">\n<figure class=\"wp-block-image size-full\"><img loading=\"lazy\" decoding=\"async\" width=\"1000\" height=\"400\" src=\"https:\/\/fytofend.com\/wp-content\/uploads\/2025\/03\/Fytosol-1-1-e1741250454171.jpg\" alt=\"\" class=\"wp-image-1384\" srcset=\"https:\/\/fytofend.com\/wp-content\/uploads\/2025\/03\/Fytosol-1-1-e1741250454171.jpg 1000w, https:\/\/fytofend.com\/wp-content\/uploads\/2025\/03\/Fytosol-1-1-e1741250454171-300x120.jpg 300w, https:\/\/fytofend.com\/wp-content\/uploads\/2025\/03\/Fytosol-1-1-e1741250454171-768x307.jpg 768w\" sizes=\"auto, (max-width: 1000px) 100vw, 1000px\" \/><\/figure>\n\n\n<div class=\"wp-block-paragraph\">\n<p class=\"has-text-align-center\">Fytosol est un inducteur de d\u00e9fense des plantes de biocontr\u00f4le pour une protection naturelle contre le mildiou de la pomme de terre.<br><\/p>\n<\/div>\n\n\n<div class=\"wp-block-fidelo-fd-flex-buttons aligncenter fd-flex-buttons-group\" data-align=\"row\" data-type=\"fd_item\"><div class=\"container\">\n<a class=\"wp-block-fidelo-fd-flex-button fd-flex-button-style fd-flex-button-primary has-light-color has-text-color has-background\" href=\"\/fr\/?page_id=1995\" target=\"_self\" rel=\"noopener\" data-type=\"fd-item\" data-radius=\"none\" data-icon=\"icon-left\" data-hover-effect=\"highlighted\" data-element=\"flex-button\" data-button=\"link\" data-style=\"highlight-button\" style=\"background-color:#183f2b\"><span class=\"svgIconBtn\">\n<div class=\"wp-block-fidelo-fd-icon-flex-button fd_iconpicker_el iconFlexButton_el\" data-color=\"#fff\" data-type=\"fd_item\"><div class=\"icon-wrapper\" style=\"width:30px; min-width:30px\"><svg width=\"83\" height=\"113\" viewBox=\"0 0 83 113\" fill=\"none\" xmlns=\"http:\/\/www.w3.org\/2000\/svg\">\n<path d=\"M19.4675 84.8278C20.2927 63.8758 35.7234 48.2536 50.1476 40.7398C31.8868 59.7675 24.8946 75.8545 25.3505 103.455L30.2986 102.947C29.9097 97.5957 30.2421 92.6551 30.908 88.0171C48.1105 87.7791 61.7671 81.5194 69.0075 65.2919C77.2082 42.6208 66.0204 25.0312 53.5064 7.70094C54.0073 28.3935 21.2484 36.4587 16.7712 62.265C15.8882 67.6814 15.2534 72.9572 15.0607 78.1465\" fill=\"#322E2E\"><\/path>\n<path d=\"M17.9892 62.3947C26.7324 37.7777 55.807 28.6853 53.367 7.45226C51.6334 24.1663 27.6373 26.2854 16.6976 43.7887C10.4487 54.2107 8.1322 65.5191 14.8671 78.0925C15.2537 72.9572 16.2763 67.7894 17.9892 62.3947Z\" fill=\"#322E2E\"><\/path>\n<\/svg><\/div><\/div>\n<\/span><span class=\"link_label\">Plus d&rsquo;informations<\/span><\/a>\n<\/div><\/div>\n<\/div><\/div><\/div>\n\n\n\n<div class=\"wp-block-fidelo-fd-simple-card fd_flex_cards_block_item2D fd_block\" data-type=\"fd_item\" data-img-align=\"left\" data-link-target=\"true\"><div class=\"wrap\"><div class=\"content\">\n<figure class=\"wp-block-image size-full\"><img loading=\"lazy\" decoding=\"async\" width=\"500\" height=\"200\" src=\"https:\/\/fytofend.com\/wp-content\/uploads\/2025\/05\/Logos-produits-12-e1748423540629.png\" alt=\"\" class=\"wp-image-1715\" srcset=\"https:\/\/fytofend.com\/wp-content\/uploads\/2025\/05\/Logos-produits-12-e1748423540629.png 500w, https:\/\/fytofend.com\/wp-content\/uploads\/2025\/05\/Logos-produits-12-e1748423540629-300x120.png 300w\" sizes=\"auto, (max-width: 500px) 100vw, 500px\" \/><\/figure>\n\n\n<div class=\"wp-block-paragraph\">\n<p class=\"has-text-align-center\">FYTO-8 a \u00e9t\u00e9 sp\u00e9cialement con\u00e7u pour augmenter la teneur en chlorophylle et accro\u00eetre la vigueur et la productivit\u00e9 des cultures.<\/p>\n<\/div>\n\n\n<div class=\"wp-block-fidelo-fd-flex-buttons aligncenter fd-flex-buttons-group\" data-align=\"row\" data-type=\"fd_item\"><div class=\"container\">\n<a class=\"wp-block-fidelo-fd-flex-button fd-flex-button-style fd-flex-button-primary has-light-color has-text-color has-background\" href=\"\/fr\/?page_id=1991\" target=\"_self\" rel=\"noopener\" data-type=\"fd-item\" data-radius=\"none\" data-icon=\"icon-left\" data-hover-effect=\"highlighted\" data-element=\"flex-button\" data-button=\"link\" data-style=\"highlight-button\" style=\"background-color:#183f2b\"><span class=\"svgIconBtn\">\n<div class=\"wp-block-fidelo-fd-icon-flex-button fd_iconpicker_el iconFlexButton_el\" data-color=\"#fff\" data-type=\"fd_item\"><div class=\"icon-wrapper\" style=\"width:30px; min-width:30px\"><svg width=\"83\" height=\"113\" viewBox=\"0 0 83 113\" fill=\"none\" xmlns=\"http:\/\/www.w3.org\/2000\/svg\">\n<path d=\"M19.4675 84.8278C20.2927 63.8758 35.7234 48.2536 50.1476 40.7398C31.8868 59.7675 24.8946 75.8545 25.3505 103.455L30.2986 102.947C29.9097 97.5957 30.2421 92.6551 30.908 88.0171C48.1105 87.7791 61.7671 81.5194 69.0075 65.2919C77.2082 42.6208 66.0204 25.0312 53.5064 7.70094C54.0073 28.3935 21.2484 36.4587 16.7712 62.265C15.8882 67.6814 15.2534 72.9572 15.0607 78.1465\" fill=\"#322E2E\"><\/path>\n<path d=\"M17.9892 62.3947C26.7324 37.7777 55.807 28.6853 53.367 7.45226C51.6334 24.1663 27.6373 26.2854 16.6976 43.7887C10.4487 54.2107 8.1322 65.5191 14.8671 78.0925C15.2537 72.9572 16.2763 67.7894 17.9892 62.3947Z\" fill=\"#322E2E\"><\/path>\n<\/svg><\/div><\/div>\n<\/span><span class=\"link_label\">Plus d&rsquo;informations<\/span><\/a>\n<\/div><\/div>\n<\/div><\/div><\/div>\n<\/div>\n\n\n\n<div class=\"wp-block-column is-vertically-aligned-bottom is-layout-flow wp-block-column-is-layout-flow\">\n<div class=\"wp-block-columns is-layout-flex wp-container-core-columns-is-layout-28f84493 wp-block-columns-is-layout-flex\">\n<div class=\"wp-block-column is-layout-flow wp-block-column-is-layout-flow\" style=\"flex-basis:100%\">\n<div class=\"wp-block-fidelo-fd-simple-card fd_flex_cards_block_item2D fd_block\" data-type=\"fd_item\" data-img-align=\"left\" data-link-target=\"true\"><div class=\"wrap\"><div class=\"content\">\n<figure class=\"wp-block-image alignfull size-full\"><img loading=\"lazy\" decoding=\"async\" width=\"1000\" height=\"400\" src=\"https:\/\/fytofend.com\/wp-content\/uploads\/2025\/05\/Logos-produits-15-e1748432418953.png\" alt=\"\" class=\"wp-image-1757\" srcset=\"https:\/\/fytofend.com\/wp-content\/uploads\/2025\/05\/Logos-produits-15-e1748432418953.png 1000w, https:\/\/fytofend.com\/wp-content\/uploads\/2025\/05\/Logos-produits-15-e1748432418953-300x120.png 300w, https:\/\/fytofend.com\/wp-content\/uploads\/2025\/05\/Logos-produits-15-e1748432418953-768x307.png 768w\" sizes=\"auto, (max-width: 1000px) 100vw, 1000px\" \/><\/figure>\n\n\n<div class=\"wp-block-paragraph\">\n<p class=\"has-text-align-left\">Algi-up est un biostimulant foliaire de pointe con\u00e7u pour am\u00e9liorer la tol\u00e9rance \u00e0 la chaleur et au stress hydrique.<br><a href=\"https:\/\/fytofend.com\/produits\/fyto-6\"><\/a><a href=\"https:\/\/fytofend.com\/produits\/fyto-6\"><\/a><a href=\"https:\/\/fytofend.com\/produits\/fyto-6\"><\/a><\/p>\n<\/div>\n\n\n<div class=\"wp-block-fidelo-fd-flex-buttons aligncenter fd-flex-buttons-group\" data-align=\"row\" data-type=\"fd_item\"><div class=\"container\">\n<a class=\"wp-block-fidelo-fd-flex-button fd-flex-button-style fd-flex-button-primary has-light-color has-text-color has-background\" href=\"\/fr\/?page_id=1855\" target=\"_self\" rel=\"noopener\" data-type=\"fd-item\" data-radius=\"none\" data-icon=\"icon-left\" data-hover-effect=\"highlighted\" data-element=\"flex-button\" data-button=\"link\" data-style=\"highlight-button\" style=\"background-color:#183f2b\"><span class=\"svgIconBtn\">\n<div class=\"wp-block-fidelo-fd-icon-flex-button fd_iconpicker_el iconFlexButton_el\" data-color=\"#fff\" data-type=\"fd_item\"><div class=\"icon-wrapper\" style=\"width:30px; min-width:30px\"><svg width=\"83\" height=\"113\" viewBox=\"0 0 83 113\" fill=\"none\" xmlns=\"http:\/\/www.w3.org\/2000\/svg\">\n<path d=\"M19.4675 84.8278C20.2927 63.8758 35.7234 48.2536 50.1476 40.7398C31.8868 59.7675 24.8946 75.8545 25.3505 103.455L30.2986 102.947C29.9097 97.5957 30.2421 92.6551 30.908 88.0171C48.1105 87.7791 61.7671 81.5194 69.0075 65.2919C77.2082 42.6208 66.0204 25.0312 53.5064 7.70094C54.0073 28.3935 21.2484 36.4587 16.7712 62.265C15.8882 67.6814 15.2534 72.9572 15.0607 78.1465\" fill=\"#322E2E\"><\/path>\n<path d=\"M17.9892 62.3947C26.7324 37.7777 55.807 28.6853 53.367 7.45226C51.6334 24.1663 27.6373 26.2854 16.6976 43.7887C10.4487 54.2107 8.1322 65.5191 14.8671 78.0925C15.2537 72.9572 16.2763 67.7894 17.9892 62.3947Z\" fill=\"#322E2E\"><\/path>\n<\/svg><\/div><\/div>\n<\/span><span class=\"link_label\">Plus d&rsquo;informations<\/span><\/a>\n<\/div><\/div>\n<\/div><\/div><\/div>\n<\/div>\n<\/div>\n<\/div>\n<\/div>\n<\/div>\n<\/div><\/div><\/div><\/div>\n","protected":false},"excerpt":{"rendered":"","protected":false},"author":1,"featured_media":0,"parent":1986,"menu_order":0,"comment_status":"closed","ping_status":"closed","template":"","meta":{"content-type":"","footnotes":""},"class_list":["post-1997","page","type-page","status-publish","hentry"],"yoast_head":"<!-- This site is optimized with the Yoast SEO plugin v27.1.1 - https:\/\/yoast.com\/product\/yoast-seo-wordpress\/ -->\n<title>Nos biosolutions - Fytofend<\/title>\n<meta name=\"robots\" content=\"index, follow, max-snippet:-1, max-image-preview:large, max-video-preview:-1\" \/>\n<link rel=\"canonical\" href=\"https:\/\/fytofend.com\/fr\/produits\/nos-biosolutions\/\" \/>\n<meta property=\"og:locale\" content=\"fr_FR\" \/>\n<meta property=\"og:type\" content=\"article\" \/>\n<meta property=\"og:title\" content=\"Nos biosolutions - Fytofend\" \/>\n<meta property=\"og:url\" content=\"https:\/\/fytofend.com\/fr\/produits\/nos-biosolutions\/\" \/>\n<meta property=\"og:site_name\" content=\"Fytofend\" \/>\n<meta property=\"article:modified_time\" content=\"2025-09-02T12:01:10+00:00\" \/>\n<meta property=\"og:image\" content=\"https:\/\/fytofend.com\/wp-content\/uploads\/2025\/04\/maiaconsulting_httpss.mj_.run4Rn44q3PRlc_Reprsentation_dun_champ_76005bc1-5d10-45cf-a8c5-091d202eb34f-1024x425.png\" \/>\n\t<meta property=\"og:image:width\" content=\"1024\" \/>\n\t<meta property=\"og:image:height\" content=\"425\" \/>\n\t<meta property=\"og:image:type\" content=\"image\/png\" \/>\n<meta name=\"twitter:card\" content=\"summary_large_image\" \/>\n<meta name=\"twitter:label1\" content=\"Dur\u00e9e de lecture estim\u00e9e\" \/>\n\t<meta name=\"twitter:data1\" content=\"2 minutes\" \/>\n<script type=\"application\/ld+json\" class=\"yoast-schema-graph\">{\"@context\":\"https:\/\/schema.org\",\"@graph\":[{\"@type\":\"WebPage\",\"@id\":\"https:\/\/fytofend.com\/fr\/produits\/nos-biosolutions\/\",\"url\":\"https:\/\/fytofend.com\/fr\/produits\/nos-biosolutions\/\",\"name\":\"Nos biosolutions - Fytofend\",\"isPartOf\":{\"@id\":\"https:\/\/fytofend.com\/fr\/#website\"},\"primaryImageOfPage\":{\"@id\":\"https:\/\/fytofend.com\/fr\/produits\/nos-biosolutions\/#primaryimage\"},\"image\":{\"@id\":\"https:\/\/fytofend.com\/fr\/produits\/nos-biosolutions\/#primaryimage\"},\"thumbnailUrl\":\"https:\/\/fytofend.com\/wp-content\/uploads\/2025\/04\/maiaconsulting_httpss.mj_.run4Rn44q3PRlc_Reprsentation_dun_champ_76005bc1-5d10-45cf-a8c5-091d202eb34f.png\",\"datePublished\":\"2022-11-21T12:08:49+00:00\",\"dateModified\":\"2025-09-02T12:01:10+00:00\",\"breadcrumb\":{\"@id\":\"https:\/\/fytofend.com\/fr\/produits\/nos-biosolutions\/#breadcrumb\"},\"inLanguage\":\"fr-FR\",\"potentialAction\":[{\"@type\":\"ReadAction\",\"target\":[\"https:\/\/fytofend.com\/fr\/produits\/nos-biosolutions\/\"]}]},{\"@type\":\"ImageObject\",\"inLanguage\":\"fr-FR\",\"@id\":\"https:\/\/fytofend.com\/fr\/produits\/nos-biosolutions\/#primaryimage\",\"url\":\"https:\/\/fytofend.com\/wp-content\/uploads\/2025\/04\/maiaconsulting_httpss.mj_.run4Rn44q3PRlc_Reprsentation_dun_champ_76005bc1-5d10-45cf-a8c5-091d202eb34f.png\",\"contentUrl\":\"https:\/\/fytofend.com\/wp-content\/uploads\/2025\/04\/maiaconsulting_httpss.mj_.run4Rn44q3PRlc_Reprsentation_dun_champ_76005bc1-5d10-45cf-a8c5-091d202eb34f.png\"},{\"@type\":\"BreadcrumbList\",\"@id\":\"https:\/\/fytofend.com\/fr\/produits\/nos-biosolutions\/#breadcrumb\",\"itemListElement\":[{\"@type\":\"ListItem\",\"position\":1,\"name\":\"Accueil\",\"item\":\"https:\/\/fytofend.com\/fr\/\"},{\"@type\":\"ListItem\",\"position\":2,\"name\":\"Produits\",\"item\":\"https:\/\/fytofend.com\/fr\/produits\/\"},{\"@type\":\"ListItem\",\"position\":3,\"name\":\"Nos biosolutions\"}]},{\"@type\":\"WebSite\",\"@id\":\"https:\/\/fytofend.com\/fr\/#website\",\"url\":\"https:\/\/fytofend.com\/fr\/\",\"name\":\"Fytofend\",\"description\":\"Leader in Plant Defence Inducers\",\"potentialAction\":[{\"@type\":\"SearchAction\",\"target\":{\"@type\":\"EntryPoint\",\"urlTemplate\":\"https:\/\/fytofend.com\/fr\/?s={search_term_string}\"},\"query-input\":{\"@type\":\"PropertyValueSpecification\",\"valueRequired\":true,\"valueName\":\"search_term_string\"}}],\"inLanguage\":\"fr-FR\"}]}<\/script>\n<!-- \/ Yoast SEO plugin. -->","yoast_head_json":{"title":"Nos biosolutions - Fytofend","robots":{"index":"index","follow":"follow","max-snippet":"max-snippet:-1","max-image-preview":"max-image-preview:large","max-video-preview":"max-video-preview:-1"},"canonical":"https:\/\/fytofend.com\/fr\/produits\/nos-biosolutions\/","og_locale":"fr_FR","og_type":"article","og_title":"Nos biosolutions - Fytofend","og_url":"https:\/\/fytofend.com\/fr\/produits\/nos-biosolutions\/","og_site_name":"Fytofend","article_modified_time":"2025-09-02T12:01:10+00:00","og_image":[{"width":1024,"height":425,"url":"https:\/\/fytofend.com\/wp-content\/uploads\/2025\/04\/maiaconsulting_httpss.mj_.run4Rn44q3PRlc_Reprsentation_dun_champ_76005bc1-5d10-45cf-a8c5-091d202eb34f-1024x425.png","type":"image\/png"}],"twitter_card":"summary_large_image","twitter_misc":{"Dur\u00e9e de lecture estim\u00e9e":"2 minutes"},"schema":{"@context":"https:\/\/schema.org","@graph":[{"@type":"WebPage","@id":"https:\/\/fytofend.com\/fr\/produits\/nos-biosolutions\/","url":"https:\/\/fytofend.com\/fr\/produits\/nos-biosolutions\/","name":"Nos biosolutions - Fytofend","isPartOf":{"@id":"https:\/\/fytofend.com\/fr\/#website"},"primaryImageOfPage":{"@id":"https:\/\/fytofend.com\/fr\/produits\/nos-biosolutions\/#primaryimage"},"image":{"@id":"https:\/\/fytofend.com\/fr\/produits\/nos-biosolutions\/#primaryimage"},"thumbnailUrl":"https:\/\/fytofend.com\/wp-content\/uploads\/2025\/04\/maiaconsulting_httpss.mj_.run4Rn44q3PRlc_Reprsentation_dun_champ_76005bc1-5d10-45cf-a8c5-091d202eb34f.png","datePublished":"2022-11-21T12:08:49+00:00","dateModified":"2025-09-02T12:01:10+00:00","breadcrumb":{"@id":"https:\/\/fytofend.com\/fr\/produits\/nos-biosolutions\/#breadcrumb"},"inLanguage":"fr-FR","potentialAction":[{"@type":"ReadAction","target":["https:\/\/fytofend.com\/fr\/produits\/nos-biosolutions\/"]}]},{"@type":"ImageObject","inLanguage":"fr-FR","@id":"https:\/\/fytofend.com\/fr\/produits\/nos-biosolutions\/#primaryimage","url":"https:\/\/fytofend.com\/wp-content\/uploads\/2025\/04\/maiaconsulting_httpss.mj_.run4Rn44q3PRlc_Reprsentation_dun_champ_76005bc1-5d10-45cf-a8c5-091d202eb34f.png","contentUrl":"https:\/\/fytofend.com\/wp-content\/uploads\/2025\/04\/maiaconsulting_httpss.mj_.run4Rn44q3PRlc_Reprsentation_dun_champ_76005bc1-5d10-45cf-a8c5-091d202eb34f.png"},{"@type":"BreadcrumbList","@id":"https:\/\/fytofend.com\/fr\/produits\/nos-biosolutions\/#breadcrumb","itemListElement":[{"@type":"ListItem","position":1,"name":"Accueil","item":"https:\/\/fytofend.com\/fr\/"},{"@type":"ListItem","position":2,"name":"Produits","item":"https:\/\/fytofend.com\/fr\/produits\/"},{"@type":"ListItem","position":3,"name":"Nos biosolutions"}]},{"@type":"WebSite","@id":"https:\/\/fytofend.com\/fr\/#website","url":"https:\/\/fytofend.com\/fr\/","name":"Fytofend","description":"Leader in Plant Defence Inducers","potentialAction":[{"@type":"SearchAction","target":{"@type":"EntryPoint","urlTemplate":"https:\/\/fytofend.com\/fr\/?s={search_term_string}"},"query-input":{"@type":"PropertyValueSpecification","valueRequired":true,"valueName":"search_term_string"}}],"inLanguage":"fr-FR"}]}},"_links":{"self":[{"href":"https:\/\/fytofend.com\/fr\/wp-json\/wp\/v2\/pages\/1997","targetHints":{"allow":["GET"]}}],"collection":[{"href":"https:\/\/fytofend.com\/fr\/wp-json\/wp\/v2\/pages"}],"about":[{"href":"https:\/\/fytofend.com\/fr\/wp-json\/wp\/v2\/types\/page"}],"author":[{"embeddable":true,"href":"https:\/\/fytofend.com\/fr\/wp-json\/wp\/v2\/users\/1"}],"replies":[{"embeddable":true,"href":"https:\/\/fytofend.com\/fr\/wp-json\/wp\/v2\/comments?post=1997"}],"version-history":[{"count":6,"href":"https:\/\/fytofend.com\/fr\/wp-json\/wp\/v2\/pages\/1997\/revisions"}],"predecessor-version":[{"id":2012,"href":"https:\/\/fytofend.com\/fr\/wp-json\/wp\/v2\/pages\/1997\/revisions\/2012"}],"up":[{"embeddable":true,"href":"https:\/\/fytofend.com\/fr\/wp-json\/wp\/v2\/pages\/1986"}],"wp:attachment":[{"href":"https:\/\/fytofend.com\/fr\/wp-json\/wp\/v2\/media?parent=1997"}],"curies":[{"name":"wp","href":"https:\/\/api.w.org\/{rel}","templated":true}]}}