{"id":2256,"date":"2025-12-01T16:44:53","date_gmt":"2025-12-01T15:44:53","guid":{"rendered":"https:\/\/fytofend.com\/faq\/"},"modified":"2025-12-11T09:12:08","modified_gmt":"2025-12-11T08:12:08","slug":"faq","status":"publish","type":"page","link":"https:\/\/fytofend.com\/fr\/faq\/","title":{"rendered":"FAQ"},"content":{"rendered":"\n<div class=\"wp-block-cover is-light\" style=\"min-height:495px;aspect-ratio:unset;\"><img loading=\"lazy\" decoding=\"async\" width=\"800\" height=\"450\" class=\"wp-block-cover__image-background wp-image-2211 size-full\" alt=\"\" src=\"https:\/\/fytofend.com\/wp-content\/uploads\/2025\/11\/Design-sans-titre-94.png\" style=\"object-position:51% 29%\" data-object-fit=\"cover\" data-object-position=\"51% 29%\" srcset=\"https:\/\/fytofend.com\/wp-content\/uploads\/2025\/11\/Design-sans-titre-94.png 800w, https:\/\/fytofend.com\/wp-content\/uploads\/2025\/11\/Design-sans-titre-94-300x169.png 300w, https:\/\/fytofend.com\/wp-content\/uploads\/2025\/11\/Design-sans-titre-94-768x432.png 768w\" sizes=\"auto, (max-width: 800px) 100vw, 800px\" \/><span aria-hidden=\"true\" class=\"wp-block-cover__background has-background-dim-0 has-background-dim\" style=\"background-color:#8e8a7b\"><\/span><div class=\"wp-block-cover__inner-container is-layout-flow wp-block-cover-is-layout-flow\"><div class=\"wp-block-paragraph\">\n<p class=\"has-text-align-center has-large-font-size\"><\/p>\n<\/div><\/div><\/div>\n\n\n<div class=\"wp-block-heading\">\n<h2 class=\"wp-block-heading\"><strong>Bienvenue dans le hub FAQ de Fytofend<\/strong><\/h2>\n<\/div>\n\n<div class=\"wp-block-paragraph\">\n<p>Vous trouverez ici des r\u00e9ponses claires et concises aux questions les plus fr\u00e9quemment pos\u00e9es sur nos biosolutions et leur application \u00e0 diverses cultures.<\/p>\n<\/div>\n\n<div class=\"wp-block-paragraph\">\n<p>Gr\u00e2ce \u00e0 de courtes vid\u00e9os explicatives et \u00e0 des ressources pratiques, nous souhaitons vous guider pas \u00e0 pas, que vous soyez cultivateur, technicien ou simplement curieux d&rsquo;en savoir plus sur la protection durable des plantes.<\/p>\n<\/div>\n\n<div class=\"wp-block-paragraph\">\n<p>Cette page a pour but de vous aider \u00e0 mieux comprendre le fonctionnement de Fytofend, comment nos produits soutiennent l&rsquo;immunit\u00e9 des plantes et comment les utiliser efficacement sur le terrain.<\/p>\n<\/div>\n\n\n<div style=\"height:49px\" aria-hidden=\"true\" class=\"wp-block-spacer\"><\/div>\n\n\n<div class=\"wp-block-paragraph\">\n<p><strong>Comprendre comment fonctionne le Cos-Oga<\/strong><br><br>D\u00e9couvrez les principes de l&rsquo;immunit\u00e9 des plantes, le r\u00f4le du <a href=\"https:\/\/fytofend.com\/fr\/cos-oga\/\" target=\"_blank\" rel=\"noreferrer noopener\">COS-OGA<\/a> et la mani\u00e8re dont les \u00e9liciteurs activent les m\u00e9canismes de d\u00e9fense naturelle.<\/p>\n<\/div>\n\n\n<div class=\"wp-block-columns is-layout-flex wp-container-core-columns-is-layout-28f84493 wp-block-columns-is-layout-flex\">\n<div class=\"wp-block-column is-layout-flow wp-block-column-is-layout-flow\" style=\"flex-basis:33.34%\">\n<figure class=\"wp-block-image size-full\"><a href=\"https:\/\/www.youtube.com\/watch?v=suVp6jp4XG8&amp;t=4s\" target=\"_blank\" rel=\" noreferrer noopener\"><img loading=\"lazy\" decoding=\"async\" width=\"936\" height=\"530\" src=\"https:\/\/fytofend.com\/wp-content\/uploads\/2025\/12\/fr-cos-oga.png\" alt=\"\" class=\"wp-image-2267\" srcset=\"https:\/\/fytofend.com\/wp-content\/uploads\/2025\/12\/fr-cos-oga.png 936w, https:\/\/fytofend.com\/wp-content\/uploads\/2025\/12\/fr-cos-oga-300x170.png 300w, https:\/\/fytofend.com\/wp-content\/uploads\/2025\/12\/fr-cos-oga-768x435.png 768w\" sizes=\"auto, (max-width: 936px) 100vw, 936px\" \/><\/a><\/figure>\n<\/div>\n\n\n\n<div class=\"wp-block-column is-layout-flow wp-block-column-is-layout-flow\" style=\"flex-basis:33.34%\"><\/div>\n\n\n\n<div class=\"wp-block-column is-layout-flow wp-block-column-is-layout-flow\" style=\"flex-basis:33.33%\"><\/div>\n<\/div>\n\n\n<div class=\"wp-block-paragraph\">\n<p><strong>Questions courantes<\/strong><br>Des d\u00e9tails de la formulation aux certifications, nous r\u00e9pondons avec clart\u00e9 aux questions les plus fr\u00e9quentes.<\/p>\n<\/div>\n\n\n<div class=\"wp-block-columns is-layout-flex wp-container-core-columns-is-layout-28f84493 wp-block-columns-is-layout-flex\">\n<div class=\"wp-block-column is-layout-flow wp-block-column-is-layout-flow\"><\/div>\n\n\n\n<div class=\"wp-block-column is-layout-flow wp-block-column-is-layout-flow\"><\/div>\n\n\n\n<div class=\"wp-block-column is-layout-flow wp-block-column-is-layout-flow\"><\/div>\n<\/div>\n\n\n<div class=\"wp-block-paragraph\">\n<p><\/p>\n<\/div>","protected":false},"excerpt":{"rendered":"<p>Bienvenue dans le hub FAQ de Fytofend Vous trouverez ici des r\u00e9ponses claires et concises aux questions les plus fr\u00e9quemment pos\u00e9es sur nos biosolutions et leur application \u00e0 diverses cultures. Gr\u00e2ce \u00e0 de courtes vid\u00e9os explicatives et \u00e0 des ressources pratiques, nous souhaitons vous guider pas \u00e0 pas, que vous soyez cultivateur, technicien ou simplement [&hellip;]<\/p>\n","protected":false},"author":6,"featured_media":2265,"parent":0,"menu_order":0,"comment_status":"closed","ping_status":"closed","template":"","meta":{"content-type":"","footnotes":""},"class_list":["post-2256","page","type-page","status-publish","has-post-thumbnail","hentry"],"yoast_head":"<!-- This site is optimized with the Yoast SEO plugin v27.1.1 - https:\/\/yoast.com\/product\/yoast-seo-wordpress\/ -->\n<title>FAQ - Fytofend<\/title>\n<meta name=\"description\" content=\"Vous trouverez les questions les plus fr\u00e9quemment pos\u00e9es sur les biosolutions de Fytofend et leurs applications dans une vari\u00e9t\u00e9 de cultures.\" \/>\n<meta name=\"robots\" content=\"index, follow, max-snippet:-1, max-image-preview:large, max-video-preview:-1\" \/>\n<link rel=\"canonical\" href=\"https:\/\/fytofend.com\/fr\/faq\/\" \/>\n<meta property=\"og:locale\" content=\"fr_FR\" \/>\n<meta property=\"og:type\" content=\"article\" \/>\n<meta property=\"og:title\" content=\"FAQ - Fytofend\" \/>\n<meta property=\"og:description\" content=\"Vous trouverez les questions les plus fr\u00e9quemment pos\u00e9es sur les biosolutions de Fytofend et leurs applications dans une vari\u00e9t\u00e9 de cultures.\" \/>\n<meta property=\"og:url\" content=\"https:\/\/fytofend.com\/fr\/faq\/\" \/>\n<meta property=\"og:site_name\" content=\"Fytofend\" \/>\n<meta property=\"article:modified_time\" content=\"2025-12-11T08:12:08+00:00\" \/>\n<meta property=\"og:image\" content=\"https:\/\/fytofend.com\/wp-content\/uploads\/2025\/12\/Generated-Image-November-20-2025-4_24PM-e1765210595543.png\" \/>\n\t<meta property=\"og:image:width\" content=\"864\" \/>\n\t<meta property=\"og:image:height\" content=\"677\" \/>\n\t<meta property=\"og:image:type\" content=\"image\/png\" \/>\n<meta name=\"twitter:card\" content=\"summary_large_image\" \/>\n<meta name=\"twitter:label1\" content=\"Dur\u00e9e de lecture estim\u00e9e\" \/>\n\t<meta name=\"twitter:data1\" content=\"2 minutes\" \/>\n<script type=\"application\/ld+json\" class=\"yoast-schema-graph\">{\"@context\":\"https:\/\/schema.org\",\"@graph\":[{\"@type\":\"WebPage\",\"@id\":\"https:\/\/fytofend.com\/fr\/faq\/\",\"url\":\"https:\/\/fytofend.com\/fr\/faq\/\",\"name\":\"FAQ - Fytofend\",\"isPartOf\":{\"@id\":\"https:\/\/fytofend.com\/fr\/#website\"},\"primaryImageOfPage\":{\"@id\":\"https:\/\/fytofend.com\/fr\/faq\/#primaryimage\"},\"image\":{\"@id\":\"https:\/\/fytofend.com\/fr\/faq\/#primaryimage\"},\"thumbnailUrl\":\"https:\/\/fytofend.com\/wp-content\/uploads\/2025\/12\/Generated-Image-November-20-2025-4_24PM-e1765210595543.png\",\"datePublished\":\"2025-12-01T15:44:53+00:00\",\"dateModified\":\"2025-12-11T08:12:08+00:00\",\"description\":\"Vous trouverez les questions les plus fr\u00e9quemment pos\u00e9es sur les biosolutions de Fytofend et leurs applications dans une vari\u00e9t\u00e9 de cultures.\",\"breadcrumb\":{\"@id\":\"https:\/\/fytofend.com\/fr\/faq\/#breadcrumb\"},\"inLanguage\":\"fr-FR\",\"potentialAction\":[{\"@type\":\"ReadAction\",\"target\":[\"https:\/\/fytofend.com\/fr\/faq\/\"]}]},{\"@type\":\"ImageObject\",\"inLanguage\":\"fr-FR\",\"@id\":\"https:\/\/fytofend.com\/fr\/faq\/#primaryimage\",\"url\":\"https:\/\/fytofend.com\/wp-content\/uploads\/2025\/12\/Generated-Image-November-20-2025-4_24PM-e1765210595543.png\",\"contentUrl\":\"https:\/\/fytofend.com\/wp-content\/uploads\/2025\/12\/Generated-Image-November-20-2025-4_24PM-e1765210595543.png\",\"width\":864,\"height\":677},{\"@type\":\"BreadcrumbList\",\"@id\":\"https:\/\/fytofend.com\/fr\/faq\/#breadcrumb\",\"itemListElement\":[{\"@type\":\"ListItem\",\"position\":1,\"name\":\"Accueil\",\"item\":\"https:\/\/fytofend.com\/fr\/\"},{\"@type\":\"ListItem\",\"position\":2,\"name\":\"FAQ\"}]},{\"@type\":\"WebSite\",\"@id\":\"https:\/\/fytofend.com\/fr\/#website\",\"url\":\"https:\/\/fytofend.com\/fr\/\",\"name\":\"Fytofend\",\"description\":\"Leader in Plant Defence Inducers\",\"potentialAction\":[{\"@type\":\"SearchAction\",\"target\":{\"@type\":\"EntryPoint\",\"urlTemplate\":\"https:\/\/fytofend.com\/fr\/?s={search_term_string}\"},\"query-input\":{\"@type\":\"PropertyValueSpecification\",\"valueRequired\":true,\"valueName\":\"search_term_string\"}}],\"inLanguage\":\"fr-FR\"}]}<\/script>\n<!-- \/ Yoast SEO plugin. -->","yoast_head_json":{"title":"FAQ - Fytofend","description":"Vous trouverez les questions les plus fr\u00e9quemment pos\u00e9es sur les biosolutions de Fytofend et leurs applications dans une vari\u00e9t\u00e9 de cultures.","robots":{"index":"index","follow":"follow","max-snippet":"max-snippet:-1","max-image-preview":"max-image-preview:large","max-video-preview":"max-video-preview:-1"},"canonical":"https:\/\/fytofend.com\/fr\/faq\/","og_locale":"fr_FR","og_type":"article","og_title":"FAQ - Fytofend","og_description":"Vous trouverez les questions les plus fr\u00e9quemment pos\u00e9es sur les biosolutions de Fytofend et leurs applications dans une vari\u00e9t\u00e9 de cultures.","og_url":"https:\/\/fytofend.com\/fr\/faq\/","og_site_name":"Fytofend","article_modified_time":"2025-12-11T08:12:08+00:00","og_image":[{"width":864,"height":677,"url":"https:\/\/fytofend.com\/wp-content\/uploads\/2025\/12\/Generated-Image-November-20-2025-4_24PM-e1765210595543.png","type":"image\/png"}],"twitter_card":"summary_large_image","twitter_misc":{"Dur\u00e9e de lecture estim\u00e9e":"2 minutes"},"schema":{"@context":"https:\/\/schema.org","@graph":[{"@type":"WebPage","@id":"https:\/\/fytofend.com\/fr\/faq\/","url":"https:\/\/fytofend.com\/fr\/faq\/","name":"FAQ - Fytofend","isPartOf":{"@id":"https:\/\/fytofend.com\/fr\/#website"},"primaryImageOfPage":{"@id":"https:\/\/fytofend.com\/fr\/faq\/#primaryimage"},"image":{"@id":"https:\/\/fytofend.com\/fr\/faq\/#primaryimage"},"thumbnailUrl":"https:\/\/fytofend.com\/wp-content\/uploads\/2025\/12\/Generated-Image-November-20-2025-4_24PM-e1765210595543.png","datePublished":"2025-12-01T15:44:53+00:00","dateModified":"2025-12-11T08:12:08+00:00","description":"Vous trouverez les questions les plus fr\u00e9quemment pos\u00e9es sur les biosolutions de Fytofend et leurs applications dans une vari\u00e9t\u00e9 de cultures.","breadcrumb":{"@id":"https:\/\/fytofend.com\/fr\/faq\/#breadcrumb"},"inLanguage":"fr-FR","potentialAction":[{"@type":"ReadAction","target":["https:\/\/fytofend.com\/fr\/faq\/"]}]},{"@type":"ImageObject","inLanguage":"fr-FR","@id":"https:\/\/fytofend.com\/fr\/faq\/#primaryimage","url":"https:\/\/fytofend.com\/wp-content\/uploads\/2025\/12\/Generated-Image-November-20-2025-4_24PM-e1765210595543.png","contentUrl":"https:\/\/fytofend.com\/wp-content\/uploads\/2025\/12\/Generated-Image-November-20-2025-4_24PM-e1765210595543.png","width":864,"height":677},{"@type":"BreadcrumbList","@id":"https:\/\/fytofend.com\/fr\/faq\/#breadcrumb","itemListElement":[{"@type":"ListItem","position":1,"name":"Accueil","item":"https:\/\/fytofend.com\/fr\/"},{"@type":"ListItem","position":2,"name":"FAQ"}]},{"@type":"WebSite","@id":"https:\/\/fytofend.com\/fr\/#website","url":"https:\/\/fytofend.com\/fr\/","name":"Fytofend","description":"Leader in Plant Defence Inducers","potentialAction":[{"@type":"SearchAction","target":{"@type":"EntryPoint","urlTemplate":"https:\/\/fytofend.com\/fr\/?s={search_term_string}"},"query-input":{"@type":"PropertyValueSpecification","valueRequired":true,"valueName":"search_term_string"}}],"inLanguage":"fr-FR"}]}},"_links":{"self":[{"href":"https:\/\/fytofend.com\/fr\/wp-json\/wp\/v2\/pages\/2256","targetHints":{"allow":["GET"]}}],"collection":[{"href":"https:\/\/fytofend.com\/fr\/wp-json\/wp\/v2\/pages"}],"about":[{"href":"https:\/\/fytofend.com\/fr\/wp-json\/wp\/v2\/types\/page"}],"author":[{"embeddable":true,"href":"https:\/\/fytofend.com\/fr\/wp-json\/wp\/v2\/users\/6"}],"replies":[{"embeddable":true,"href":"https:\/\/fytofend.com\/fr\/wp-json\/wp\/v2\/comments?post=2256"}],"version-history":[{"count":2,"href":"https:\/\/fytofend.com\/fr\/wp-json\/wp\/v2\/pages\/2256\/revisions"}],"predecessor-version":[{"id":2268,"href":"https:\/\/fytofend.com\/fr\/wp-json\/wp\/v2\/pages\/2256\/revisions\/2268"}],"wp:featuredmedia":[{"embeddable":true,"href":"https:\/\/fytofend.com\/fr\/wp-json\/wp\/v2\/media\/2265"}],"wp:attachment":[{"href":"https:\/\/fytofend.com\/fr\/wp-json\/wp\/v2\/media?parent=2256"}],"curies":[{"name":"wp","href":"https:\/\/api.w.org\/{rel}","templated":true}]}}